{"id":97512,"date":"2024-08-21T19:29:08","date_gmt":"2024-08-21T17:29:08","guid":{"rendered":"https:\/\/secureus.se\/?post_type=product&#038;p=97512"},"modified":"2026-04-08T15:36:23","modified_gmt":"2026-04-08T13:36:23","slug":"trycke-dallas-1643-id-35-55mm-f9714m-mattsvart","status":"publish","type":"product","link":"https:\/\/secureus.se\/es\/trycke-dallas-1643-id-35-55mm-f9714m-mattsvart\/","title":{"rendered":"Manilla de puerta Dallas 1643 ID 35-55 mm F9714M Negro mate \u2013 HOPPE"},"content":{"rendered":"<p>\nManilla HOPPE con mini-rosetas para puertas interiores de la serie Dallas. Todos los detalles visibles est\u00e1n hechos de aluminio. Con muelle de retorno de doble efecto y fijaci\u00f3n Kvick-i-Sprint, lo que significa que el montaje se realiza completamente sin tornillos.<\/p>\n<p><b>Caracter\u00edsticas:<\/b><\/p>\n<ul>\n<li>Cumple con los requisitos de deposici\u00f3n de n\u00edquel: hipoalerg\u00e9nico.<\/li>\n<li>Espesor de puerta 35-55 mm.<\/li>\n<li>Chincheta de 8\u00d78 mm<\/li>\n<li>Mini rosetas con di\u00e1metro exterior de 28 mm<\/li>\n<li>Material: Aluminio<\/li>\n<li>Color: F9714M Negro<\/li>\n<li>Garant\u00eda funcional de 10 a\u00f1os.<\/li>\n<\/ul>","protected":false},"excerpt":{"rendered":"<p>Manilla HOPPE con mini-rosetas para puertas interiores de la serie Dallas. Todos los detalles visibles est\u00e1n hechos de aluminio. Con muelle de retorno de doble efecto y fijaci\u00f3n Kvick-i-Sprint, lo que significa que el montaje se realiza completamente sin tornillos.<\/p>","protected":false},"featured_media":136526,"template":"","meta":{"_acf_changed":false},"product_brand":[],"product_cat":[4124],"product_tag":[],"class_list":{"0":"post-97512","1":"product","2":"type-product","3":"status-publish","4":"has-post-thumbnail","6":"product_cat-dorrhandtag-innerdorr","7":"product_shipping_class-postnord-varubrev","8":"pa_brands-hoppe","9":"tm-no-options","11":"first","12":"instock","13":"sale","14":"taxable","15":"shipping-taxable","16":"purchasable","17":"product-type-simple"},"acf":[],"_links":{"self":[{"href":"https:\/\/secureus.se\/es\/wp-json\/wp\/v2\/product\/97512","targetHints":{"allow":["GET"]}}],"collection":[{"href":"https:\/\/secureus.se\/es\/wp-json\/wp\/v2\/product"}],"about":[{"href":"https:\/\/secureus.se\/es\/wp-json\/wp\/v2\/types\/product"}],"wp:featuredmedia":[{"embeddable":true,"href":"https:\/\/secureus.se\/es\/wp-json\/wp\/v2\/media\/136526"}],"wp:attachment":[{"href":"https:\/\/secureus.se\/es\/wp-json\/wp\/v2\/media?parent=97512"}],"wp:term":[{"taxonomy":"product_brand","embeddable":true,"href":"https:\/\/secureus.se\/es\/wp-json\/wp\/v2\/product_brand?post=97512"},{"taxonomy":"product_cat","embeddable":true,"href":"https:\/\/secureus.se\/es\/wp-json\/wp\/v2\/product_cat?post=97512"},{"taxonomy":"product_tag","embeddable":true,"href":"https:\/\/secureus.se\/es\/wp-json\/wp\/v2\/product_tag?post=97512"}],"curies":[{"name":"wp","href":"https:\/\/api.w.org\/{rel}","templated":true}]}}