{"id":97514,"date":"2024-08-21T19:29:09","date_gmt":"2024-08-21T17:29:09","guid":{"rendered":"https:\/\/secureus.se\/?post_type=product&#038;p=97514"},"modified":"2026-03-25T15:37:56","modified_gmt":"2026-03-25T14:37:56","slug":"trycke-vitoria-1515-id-37-42mm-f1-silver","status":"publish","type":"product","link":"https:\/\/secureus.se\/es\/trycke-vitoria-1515-id-37-42mm-f1-silver\/","title":{"rendered":"Manija de puerta Vitoria 1515 ID 37-42 mm F1 Plata \u2013 HOPPE"},"content":{"rendered":"<p>\nManilla completa HOPPE con placa de llave para puertas interiores de la serie Vitoria. Todos los detalles visibles est\u00e1n hechos de aluminio con rosetas para montaje oculto. Con resorte de retorno de doble efecto y accesorio Quick-Sprint.<\/p>\n<p><b>Caracter\u00edsticas:<\/b><\/p>\n<ul>\n<li>Cumple con los requisitos de deposici\u00f3n de n\u00edquel: hipoalerg\u00e9nico.<\/li>\n<li>Espesor de puerta 37-42 mm.<\/li>\n<li>Chincheta de 8\u00d78 mm<\/li>\n<li>Se adapta a cerraduras de puertas interiores tipo 2014<\/li>\n<li>Material: Aluminio<\/li>\n<li>Color: Plata F1<\/li>\n<li>Garant\u00eda funcional de 10 a\u00f1os.<\/li>\n<\/ul>","protected":false},"excerpt":{"rendered":"<p>HOPPE komplett trycke med nyckelskylt f\u00f6r innerd\u00f6rr i serien Vitoria. Alla synliga detaljer \u00e4r tillverkade i Aluminium med rosetter f\u00f6r dold inf\u00e4stning. Med dubbelverkande returfj\u00e4der och Kvick-i-Sprint fasts\u00e4ttning. Egenskaper: Uppfyller<\/p>","protected":false},"featured_media":136942,"template":"","meta":{"_acf_changed":false},"product_brand":[],"product_cat":[4124],"product_tag":[],"class_list":{"0":"post-97514","1":"product","2":"type-product","3":"status-publish","4":"has-post-thumbnail","6":"product_cat-dorrhandtag-innerdorr","7":"product_shipping_class-postnord-varubrev","8":"pa_brands-hoppe","9":"tm-no-options","11":"first","12":"instock","13":"sale","14":"taxable","15":"shipping-taxable","16":"purchasable","17":"product-type-simple"},"acf":[],"_links":{"self":[{"href":"https:\/\/secureus.se\/es\/wp-json\/wp\/v2\/product\/97514","targetHints":{"allow":["GET"]}}],"collection":[{"href":"https:\/\/secureus.se\/es\/wp-json\/wp\/v2\/product"}],"about":[{"href":"https:\/\/secureus.se\/es\/wp-json\/wp\/v2\/types\/product"}],"wp:featuredmedia":[{"embeddable":true,"href":"https:\/\/secureus.se\/es\/wp-json\/wp\/v2\/media\/136942"}],"wp:attachment":[{"href":"https:\/\/secureus.se\/es\/wp-json\/wp\/v2\/media?parent=97514"}],"wp:term":[{"taxonomy":"product_brand","embeddable":true,"href":"https:\/\/secureus.se\/es\/wp-json\/wp\/v2\/product_brand?post=97514"},{"taxonomy":"product_cat","embeddable":true,"href":"https:\/\/secureus.se\/es\/wp-json\/wp\/v2\/product_cat?post=97514"},{"taxonomy":"product_tag","embeddable":true,"href":"https:\/\/secureus.se\/es\/wp-json\/wp\/v2\/product_tag?post=97514"}],"curies":[{"name":"wp","href":"https:\/\/api.w.org\/{rel}","templated":true}]}}