{"id":97516,"date":"2024-08-21T19:29:09","date_gmt":"2024-08-21T17:29:09","guid":{"rendered":"https:\/\/secureus.se\/?post_type=product&#038;p=97516"},"modified":"2026-04-08T15:36:18","modified_gmt":"2026-04-08T13:36:18","slug":"trycke-1905-40-75mm-matt-massing","status":"publish","type":"product","link":"https:\/\/secureus.se\/es\/trycke-1905-40-75mm-matt-massing\/","title":{"rendered":"Manija de puerta 1905, 40-75 mm, lat\u00f3n mate \u2013 Assa Abloy"},"content":{"rendered":"<div>\n<p>ASSA ABLOY 1905 es una manija de puerta dise\u00f1ada siguiendo el modelo de las manijas de puerta m\u00e1s comunes de la era Art Nouveau. Sin embargo, se hace un poco m\u00e1s grande y un poco m\u00e1s distintivo. Se adapta muy bien a ambientes interiores. 1905 es parte de la serie ASSA ABLOY Epok. Para puertas exteriores e interiores.<\/p>\n<div><\/div>\n<div>\n<b>Caracter\u00edsticas:<\/b><\/div>\n<div>\n<ul>\n<li>Material: Lat\u00f3n<\/li>\n<li>Tratamientos de superficies; Prion, N\u00edquel, Cromo, Cromo mate, Lat\u00f3n pulido, Lat\u00f3n cepillado, Negro mate MIRUS<\/li>\n<li>Entrega est\u00e1ndar para puertas de 40-75 mm de espesor<\/li>\n<li>Roseta: \u00d8 52 mm<\/li>\n<li>Sin muelle de retorno en la roseta, lo que significa que tambi\u00e9n se adapta a las cerraduras de puertas interiores tipo 2014<\/li>\n<li>Adecuado para m\u00f3dulos y peque\u00f1as carcasas de cerraduras de puertas interiores.<\/li>\n<\/ul>\n<p><b>El paquete contiene:<\/b><\/p>\n<ul>\n<li>2 piezas Mitades de bot\u00f3n pulsador (manijas).<\/li>\n<li>2 piezas Tornillos de presi\u00f3n M5. (Tornillo moleteado)<\/li>\n<li>2 juntas t\u00f3ricas.<\/li>\n<li>2 piezas Tuerca de casquillo M5.<\/li>\n<li>2 piezas Chinchetas 8x8x102 mm y 8x8x120 mm.<\/li>\n<\/ul>\n<\/div>\n<\/div>\n<div>\n<p>&nbsp;<\/p>\n<\/div>","protected":false},"excerpt":{"rendered":"<p>ASSA ABLOY 1905 \u00e4r ett d\u00f6rrtrycke med jugendtidens vanligaste d\u00f6rrhandtag som f\u00f6rebild. Det \u00e4r dock tillverkat lite st\u00f6rre och lite mer distinkt. Passar mycket bra i inre milj\u00f6. 1905 ing\u00e5r<\/p>","protected":false},"featured_media":136689,"template":"","meta":{"_acf_changed":false},"product_brand":[],"product_cat":[4124],"product_tag":[],"class_list":{"0":"post-97516","1":"product","2":"type-product","3":"status-publish","4":"has-post-thumbnail","6":"product_cat-dorrhandtag-innerdorr","7":"product_shipping_class-postnord-varubrev","8":"pa_brands-abloy","9":"tm-no-options","11":"first","12":"instock","13":"sale","14":"taxable","15":"shipping-taxable","16":"purchasable","17":"product-type-simple"},"acf":[],"_links":{"self":[{"href":"https:\/\/secureus.se\/es\/wp-json\/wp\/v2\/product\/97516","targetHints":{"allow":["GET"]}}],"collection":[{"href":"https:\/\/secureus.se\/es\/wp-json\/wp\/v2\/product"}],"about":[{"href":"https:\/\/secureus.se\/es\/wp-json\/wp\/v2\/types\/product"}],"wp:featuredmedia":[{"embeddable":true,"href":"https:\/\/secureus.se\/es\/wp-json\/wp\/v2\/media\/136689"}],"wp:attachment":[{"href":"https:\/\/secureus.se\/es\/wp-json\/wp\/v2\/media?parent=97516"}],"wp:term":[{"taxonomy":"product_brand","embeddable":true,"href":"https:\/\/secureus.se\/es\/wp-json\/wp\/v2\/product_brand?post=97516"},{"taxonomy":"product_cat","embeddable":true,"href":"https:\/\/secureus.se\/es\/wp-json\/wp\/v2\/product_cat?post=97516"},{"taxonomy":"product_tag","embeddable":true,"href":"https:\/\/secureus.se\/es\/wp-json\/wp\/v2\/product_tag?post=97516"}],"curies":[{"name":"wp","href":"https:\/\/api.w.org\/{rel}","templated":true}]}}