{"id":97522,"date":"2024-08-21T19:29:09","date_gmt":"2024-08-21T17:29:09","guid":{"rendered":"https:\/\/secureus.se\/?post_type=product&#038;p=97522"},"modified":"2026-04-08T15:36:34","modified_gmt":"2026-04-08T13:36:34","slug":"trycke-1930-40-75mm-svart-nickel","status":"publish","type":"product","link":"https:\/\/secureus.se\/es\/trycke-1930-40-75mm-svart-nickel\/","title":{"rendered":"Manija de puerta Push 1930 40-75 mm, color negro\/n\u00edquel \u2013 Assa Abloy"},"content":{"rendered":"<div>ASSA ABLOY 1930 es una manija de puerta con un dise\u00f1o que es un cruce entre dos \u00e9pocas anteriormente incompatibles. En parte, los estampados de mangas &quot;nudosas&quot; de los a\u00f1os 1880 y 1890, a menudo con el cuello en T m\u00e1s antiguo as\u00ed formado debido a antiguas t\u00e9cnicas de forja, y en parte, los estampados funcionales simples de la d\u00e9cada de 1930. 1930 es parte de la serie ASSA ABLOY Epok. Adecuado para puertas exteriores, puertas de entrada y puertas interiores con cerraduras modulares.<\/div>\n<div><b><br \/>Caracter\u00edsticas:<\/b><\/div>\n<div>\n<ul>\n<li>Material: Lat\u00f3n<\/li>\n<li>Tratamiento superficial: Cuello de bot\u00f3n pulsador en n\u00edquel, cromo mate, cromo brillante, lat\u00f3n pulido<\/li>\n<li>Tiradores en recubrimiento de polvo blanco (RAL 1013), negro (RAL 8022) o verde (RAL 6028) o n\u00edquel, cromo mate, cromo brillante, lat\u00f3n cepillado mate, lat\u00f3n pulido.\u00a0<\/li>\n<li>Resorte de retorno que alivia el resorte del remero de la carcasa de la cerradura y ayuda a que la presi\u00f3n permanezca en una posici\u00f3n horizontal<\/li>\n<li>Entrega est\u00e1ndar para puertas de 40-75 mm de espesor<\/li>\n<li>Roseta: \u00d8 52 mm<\/li>\n<li>Se adapta a la carcasa de la cerradura del m\u00f3dulo Connect\/Classic<\/li>\n<li>No se adapta a la carcasa de la cerradura ABLOY 2014 ni a la cerradura de puerta interior equivalente.<\/li>\n<li>Para puerta exterior\/interior<\/li>\n<\/ul>\n<\/div>\n<div><b><br \/>El paquete contiene:<\/b><\/div>\n<div>\n<ul>\n<li>2 piezas Mitades de bot\u00f3n pulsador (manijas).<\/li>\n<li>2 piezas Tornillos de presi\u00f3n M5. (Tornillo moleteado)<\/li>\n<li>2 juntas t\u00f3ricas.<\/li>\n<li>2 piezas Tuerca de casquillo M5.<\/li>\n<li>2 piezas Chinchetas 8x8x102 mm y 8x8x120 mm.<\/li>\n<\/ul>\n<\/div>\n<div><\/div>","protected":false},"excerpt":{"rendered":"<p>ASSA ABLOY 1930 \u00e4r ett d\u00f6rrtrycke med design av en korsning mellan tv\u00e5 tidigare of\u00f6renliga epoker. Dels 1880- och 1890-talets &#8220;knoppiga&#8221; hylstrycken, ofta med den \u00e4ldre T-halsen formad s\u00e5 p\u00e5<\/p>","protected":false},"featured_media":137278,"template":"","meta":{"_acf_changed":false},"product_brand":[],"product_cat":[4124,4125],"product_tag":[],"class_list":{"0":"post-97522","1":"product","2":"type-product","3":"status-publish","4":"has-post-thumbnail","6":"product_cat-dorrhandtag-innerdorr","7":"product_cat-dorrhandtag-ytterdorr","8":"product_shipping_class-postnord-varubrev","9":"pa_brands-abloy","10":"tm-no-options","12":"first","13":"instock","14":"sale","15":"taxable","16":"shipping-taxable","17":"purchasable","18":"product-type-simple"},"acf":[],"_links":{"self":[{"href":"https:\/\/secureus.se\/es\/wp-json\/wp\/v2\/product\/97522","targetHints":{"allow":["GET"]}}],"collection":[{"href":"https:\/\/secureus.se\/es\/wp-json\/wp\/v2\/product"}],"about":[{"href":"https:\/\/secureus.se\/es\/wp-json\/wp\/v2\/types\/product"}],"wp:featuredmedia":[{"embeddable":true,"href":"https:\/\/secureus.se\/es\/wp-json\/wp\/v2\/media\/137278"}],"wp:attachment":[{"href":"https:\/\/secureus.se\/es\/wp-json\/wp\/v2\/media?parent=97522"}],"wp:term":[{"taxonomy":"product_brand","embeddable":true,"href":"https:\/\/secureus.se\/es\/wp-json\/wp\/v2\/product_brand?post=97522"},{"taxonomy":"product_cat","embeddable":true,"href":"https:\/\/secureus.se\/es\/wp-json\/wp\/v2\/product_cat?post=97522"},{"taxonomy":"product_tag","embeddable":true,"href":"https:\/\/secureus.se\/es\/wp-json\/wp\/v2\/product_tag?post=97522"}],"curies":[{"name":"wp","href":"https:\/\/api.w.org\/{rel}","templated":true}]}}