{"id":97540,"date":"2024-08-21T19:29:10","date_gmt":"2024-08-21T17:29:10","guid":{"rendered":"https:\/\/secureus.se\/?post_type=product&#038;p=97540"},"modified":"2026-04-23T12:03:49","modified_gmt":"2026-04-23T10:03:49","slug":"trycke-1949-40-75mm-nickel","status":"publish","type":"product","link":"https:\/\/secureus.se\/es\/trycke-1949-40-75mm-nickel\/","title":{"rendered":"Manija de puerta 1949 de 40-75 mm, n\u00edquel \u2013 Assa Abloy"},"content":{"rendered":"<div>ASSA ABLOY 1949 es una manija de puerta elegante, ligeramente m\u00e1s liviana, con un agarre en forma de diamante que se adapta bien a la mano. Este tirador modernista es adecuado para quienes buscan un tirador con forma cl\u00e1sica. 1949 es parte de la serie ASSA ABLOY Epok. Adecuado para puertas exteriores, puertas de entrada y puertas interiores con cerraduras modulares.<\/div>\n<div><\/div>\n<div><b>Caracter\u00edsticas:<\/b><\/div>\n<div>\n<ul>\n<li>Material: lat\u00f3n<\/li>\n<li>Disponible en varios acabados decorativos; Prion, N\u00edquel, Cromo, Cromo mate, Lat\u00f3n pulido, Lat\u00f3n cepillado, Negro mate MIRUS.<\/li>\n<li>Entrega est\u00e1ndar para puertas de 40-75 mm de espesor<\/li>\n<li>Roseta: \u00d8 52 mm<\/li>\n<li>Se adapta a la carcasa de la cerradura del m\u00f3dulo Connect\/Classic<\/li>\n<li>Sin muelle de retorno en la roseta, lo que significa que tambi\u00e9n se adapta a las cerraduras de puertas interiores tipo 2014<\/li>\n<li>Para puerta exterior\/interior<\/li>\n<\/ul>\n<\/div>\n<div><\/div>\n<div><b>El paquete contiene:<\/b><\/div>\n<div>\n<ul>\n<li>2 piezas Mitades de bot\u00f3n pulsador (manijas).<\/li>\n<li>2 piezas Tornillos de presi\u00f3n M5. (Tornillo moleteado)<\/li>\n<li>2 piezas juntas t\u00f3ricas<\/li>\n<li>2 piezas Tuerca de casquillo M5<\/li>\n<li>2 piezas Chinchetas 8x8x102 mm y 8x8x120 mm<\/li>\n<\/ul>\n<\/div>","protected":false},"excerpt":{"rendered":"<p>ASSA ABLOY 1949 \u00e4r ett stilrent n\u00e5got l\u00e4ttare d\u00f6rrtrycke med ett rombformat grepp som ligger v\u00e4l i handen. Detta modernistiska handtag passar dig som \u00e4r ute efter ett klassiskt format<\/p>","protected":false},"featured_media":136658,"template":"","meta":{"_acf_changed":false},"product_brand":[],"product_cat":[4124,4125],"product_tag":[],"class_list":{"0":"post-97540","1":"product","2":"type-product","3":"status-publish","4":"has-post-thumbnail","6":"product_cat-dorrhandtag-innerdorr","7":"product_cat-dorrhandtag-ytterdorr","8":"product_shipping_class-postnord-varubrev","9":"pa_brands-abloy","10":"tm-no-options","12":"first","13":"instock","14":"sale","15":"taxable","16":"shipping-taxable","17":"purchasable","18":"product-type-simple"},"acf":[],"_links":{"self":[{"href":"https:\/\/secureus.se\/es\/wp-json\/wp\/v2\/product\/97540","targetHints":{"allow":["GET"]}}],"collection":[{"href":"https:\/\/secureus.se\/es\/wp-json\/wp\/v2\/product"}],"about":[{"href":"https:\/\/secureus.se\/es\/wp-json\/wp\/v2\/types\/product"}],"wp:featuredmedia":[{"embeddable":true,"href":"https:\/\/secureus.se\/es\/wp-json\/wp\/v2\/media\/136658"}],"wp:attachment":[{"href":"https:\/\/secureus.se\/es\/wp-json\/wp\/v2\/media?parent=97540"}],"wp:term":[{"taxonomy":"product_brand","embeddable":true,"href":"https:\/\/secureus.se\/es\/wp-json\/wp\/v2\/product_brand?post=97540"},{"taxonomy":"product_cat","embeddable":true,"href":"https:\/\/secureus.se\/es\/wp-json\/wp\/v2\/product_cat?post=97540"},{"taxonomy":"product_tag","embeddable":true,"href":"https:\/\/secureus.se\/es\/wp-json\/wp\/v2\/product_tag?post=97540"}],"curies":[{"name":"wp","href":"https:\/\/api.w.org\/{rel}","templated":true}]}}