{"id":97550,"date":"2024-08-21T19:29:11","date_gmt":"2024-08-21T17:29:11","guid":{"rendered":"https:\/\/secureus.se\/?post_type=product&#038;p=97550"},"modified":"2026-04-08T15:39:36","modified_gmt":"2026-04-08T13:39:36","slug":"trycke-stockholm-1140-id-37-42mm-f9-rostfritt-utseende","status":"publish","type":"product","link":"https:\/\/secureus.se\/es\/trycke-stockholm-1140-id-37-42mm-f9-rostfritt-utseende\/","title":{"rendered":"Manilla de puerta Push Stockholm 1140 ID 37-42mm F9 Acabado en acero inoxidable \u2013 HOPPE"},"content":{"rendered":"<div>\n<div>\n<div>\n<p>Manilla completa HOPPE con placa de llave para puertas interiores de la serie Stockholm. Todos los detalles visibles est\u00e1n hechos de aluminio con rosetas para montaje oculto. Con resorte de retorno de doble efecto y fijaci\u00f3n Quick-Sprint.<\/p>\n<p><b>Caracter\u00edsticas:<\/b><\/p>\n<ul>\n<li>Cumple con los requisitos de deposici\u00f3n de n\u00edquel: hipoalerg\u00e9nico.<\/li>\n<li>Espesor de puerta 37-42 mm.<\/li>\n<li>Chincheta de 8\u00d78 mm<\/li>\n<li>Se adapta a cerraduras de puertas interiores tipo 2014<\/li>\n<li>Material: Aluminio<\/li>\n<li>Color: F9 Aspecto inoxidable<\/li>\n<li>Garant\u00eda funcional de 10 a\u00f1os.<\/li>\n<\/ul>\n<\/div>\n<div>\u201cRecomendado\u201d por Byggvarubed\u00f6mningen.<\/div>\n<\/div>\n<div><\/div>\n<div><\/div>\n<div><\/div>\n<p>&nbsp;<\/p>\n<\/div>","protected":false},"excerpt":{"rendered":"<header class=\"product-header\">\n<div class=\"short description product-short-description\">\n<p>Manilla de puerta interior HOPPE Stockholm, modelo F9 de acero inoxidable con placa para llave.<\/p>\n<\/div>\n<\/header>","protected":false},"featured_media":137814,"template":"","meta":{"_acf_changed":false},"product_brand":[],"product_cat":[4124],"product_tag":[],"class_list":{"0":"post-97550","1":"product","2":"type-product","3":"status-publish","4":"has-post-thumbnail","6":"product_cat-dorrhandtag-innerdorr","7":"product_shipping_class-postnord-varubrev","8":"pa_brands-hoppe","9":"tm-no-options","11":"first","12":"instock","13":"sale","14":"taxable","15":"shipping-taxable","16":"purchasable","17":"product-type-simple"},"acf":[],"_links":{"self":[{"href":"https:\/\/secureus.se\/es\/wp-json\/wp\/v2\/product\/97550","targetHints":{"allow":["GET"]}}],"collection":[{"href":"https:\/\/secureus.se\/es\/wp-json\/wp\/v2\/product"}],"about":[{"href":"https:\/\/secureus.se\/es\/wp-json\/wp\/v2\/types\/product"}],"wp:featuredmedia":[{"embeddable":true,"href":"https:\/\/secureus.se\/es\/wp-json\/wp\/v2\/media\/137814"}],"wp:attachment":[{"href":"https:\/\/secureus.se\/es\/wp-json\/wp\/v2\/media?parent=97550"}],"wp:term":[{"taxonomy":"product_brand","embeddable":true,"href":"https:\/\/secureus.se\/es\/wp-json\/wp\/v2\/product_brand?post=97550"},{"taxonomy":"product_cat","embeddable":true,"href":"https:\/\/secureus.se\/es\/wp-json\/wp\/v2\/product_cat?post=97550"},{"taxonomy":"product_tag","embeddable":true,"href":"https:\/\/secureus.se\/es\/wp-json\/wp\/v2\/product_tag?post=97550"}],"curies":[{"name":"wp","href":"https:\/\/api.w.org\/{rel}","templated":true}]}}