{"id":97556,"date":"2024-08-21T19:29:11","date_gmt":"2024-08-21T17:29:11","guid":{"rendered":"https:\/\/secureus.se\/?post_type=product&#038;p=97556"},"modified":"2026-04-08T15:36:02","modified_gmt":"2026-04-08T13:36:02","slug":"trycke-verona-1510-yd-55-65mm-f1-silver","status":"publish","type":"product","link":"https:\/\/secureus.se\/es\/trycke-verona-1510-yd-55-65mm-f1-silver\/","title":{"rendered":"Empujador de manija de puerta Verona 1510 OD 55-65 mm F1 Plata \u2013 HOPPE"},"content":{"rendered":"<div>\n<div>Manilla completa HOPPE para puerta de entrada de la serie Verona. Todos los detalles visibles est\u00e1n realizados en aluminio con rosetas para fijaci\u00f3n oculta. Con resorte de retorno de doble efecto y fijaci\u00f3n Quick-Sprint.<\/p>\n<p><b>Caracter\u00edsticas:<\/b><\/p>\n<ul>\n<li>Cumple con los requisitos de deposici\u00f3n de n\u00edquel: hipoalerg\u00e9nico.<\/li>\n<li>Espesor de puerta 55-65 mm<\/li>\n<li>Chincheta de 8\u00d78 mm<\/li>\n<li>Se adapta a cajas de cerraduras escandinavas de 50 y 70 mandriles.<\/li>\n<li>Material: Aluminio<\/li>\n<li>Color: Plata F1<\/li>\n<li>Garant\u00eda funcional de 10 a\u00f1os<\/li>\n<\/ul>\n<\/div>\n<div><\/div>\n<\/div>\n<div><\/div>","protected":false},"excerpt":{"rendered":"<p>Manilla completa HOPPE para puerta de entrada de la serie Verona. Todos los detalles visibles est\u00e1n realizados en aluminio con rosetas para fijaci\u00f3n oculta. Con resorte de retorno de doble efecto y fijaci\u00f3n Quick-Sprint. Propiedades: Cumple con los requisitos para<\/p>","protected":false},"featured_media":137805,"template":"","meta":{"_acf_changed":false},"product_brand":[],"product_cat":[4125],"product_tag":[],"class_list":{"0":"post-97556","1":"product","2":"type-product","3":"status-publish","4":"has-post-thumbnail","6":"product_cat-dorrhandtag-ytterdorr","7":"product_shipping_class-postnord-varubrev","8":"pa_brands-hoppe","9":"tm-no-options","11":"first","12":"outofstock","13":"sale","14":"taxable","15":"shipping-taxable","16":"purchasable","17":"product-type-simple"},"acf":[],"_links":{"self":[{"href":"https:\/\/secureus.se\/es\/wp-json\/wp\/v2\/product\/97556","targetHints":{"allow":["GET"]}}],"collection":[{"href":"https:\/\/secureus.se\/es\/wp-json\/wp\/v2\/product"}],"about":[{"href":"https:\/\/secureus.se\/es\/wp-json\/wp\/v2\/types\/product"}],"wp:featuredmedia":[{"embeddable":true,"href":"https:\/\/secureus.se\/es\/wp-json\/wp\/v2\/media\/137805"}],"wp:attachment":[{"href":"https:\/\/secureus.se\/es\/wp-json\/wp\/v2\/media?parent=97556"}],"wp:term":[{"taxonomy":"product_brand","embeddable":true,"href":"https:\/\/secureus.se\/es\/wp-json\/wp\/v2\/product_brand?post=97556"},{"taxonomy":"product_cat","embeddable":true,"href":"https:\/\/secureus.se\/es\/wp-json\/wp\/v2\/product_cat?post=97556"},{"taxonomy":"product_tag","embeddable":true,"href":"https:\/\/secureus.se\/es\/wp-json\/wp\/v2\/product_tag?post=97556"}],"curies":[{"name":"wp","href":"https:\/\/api.w.org\/{rel}","templated":true}]}}