{"id":97560,"date":"2024-08-21T19:29:11","date_gmt":"2024-08-21T17:29:11","guid":{"rendered":"https:\/\/secureus.se\/?post_type=product&#038;p=97560"},"modified":"2026-04-08T15:35:58","modified_gmt":"2026-04-08T13:35:58","slug":"trycke-new-york-38-70mm-mattkrom","status":"publish","type":"product","link":"https:\/\/secureus.se\/es\/trycke-new-york-38-70mm-mattkrom\/","title":{"rendered":"Tirador de puerta New York 38-70 mm, cromado mate \u2013 Habo"},"content":{"rendered":"<p>\nLa manija de puerta New York de habo es una manija elegante y compacta con un dise\u00f1o moderno. Fabricado en lat\u00f3n y destinado a puertas de entrada con caja de cerradura modular. Gracias a su resorte de retorno de doble acci\u00f3n, el mango tambi\u00e9n funciona con carcasas de cerradura donde el bloqueo se produce levantando el mango. Tambi\u00e9n disponible como manija de puerta interior.<\/p>\n<div><b>Caracter\u00edsticas:<\/b>\u00a0<\/div>\n<div>\n<ul>\n<li>Adecuado para espesores de puerta de 38-70 mm.\u00a0<\/li>\n<li>Proyecci\u00f3n 60 mm.<\/li>\n<li>Con resorte de retorno de doble efecto.<\/li>\n<li>Se adapta a la carcasa de la cerradura del m\u00f3dulo Connect\/Classic<\/li>\n<li>No se adapta a la carcasa de la cerradura ABLOY 2014 ni a la cerradura de puerta interior equivalente.<\/li>\n<\/ul>\n<\/div>","protected":false},"excerpt":{"rendered":"<p>D\u00f6rrhandtag New York fr\u00e5n habo \u00e4r ett stils\u00e4kert och kompakt handtag med modernt design. Tillverkat av m\u00e4ssing och \u00e4r avsett f\u00f6r ytterd\u00f6rr med modul-l\u00e5skista. Med sin dubbelverkande returfj\u00e4der fungerar handtaget<\/p>","protected":false},"featured_media":136889,"template":"","meta":{"_acf_changed":false},"product_brand":[],"product_cat":[4124,4125],"product_tag":[],"class_list":{"0":"post-97560","1":"product","2":"type-product","3":"status-publish","4":"has-post-thumbnail","6":"product_cat-dorrhandtag-innerdorr","7":"product_cat-dorrhandtag-ytterdorr","8":"product_shipping_class-postnord-varubrev","9":"pa_brands-habo","10":"tm-no-options","12":"first","13":"instock","14":"sale","15":"taxable","16":"shipping-taxable","17":"purchasable","18":"product-type-simple"},"acf":[],"_links":{"self":[{"href":"https:\/\/secureus.se\/es\/wp-json\/wp\/v2\/product\/97560","targetHints":{"allow":["GET"]}}],"collection":[{"href":"https:\/\/secureus.se\/es\/wp-json\/wp\/v2\/product"}],"about":[{"href":"https:\/\/secureus.se\/es\/wp-json\/wp\/v2\/types\/product"}],"wp:featuredmedia":[{"embeddable":true,"href":"https:\/\/secureus.se\/es\/wp-json\/wp\/v2\/media\/136889"}],"wp:attachment":[{"href":"https:\/\/secureus.se\/es\/wp-json\/wp\/v2\/media?parent=97560"}],"wp:term":[{"taxonomy":"product_brand","embeddable":true,"href":"https:\/\/secureus.se\/es\/wp-json\/wp\/v2\/product_brand?post=97560"},{"taxonomy":"product_cat","embeddable":true,"href":"https:\/\/secureus.se\/es\/wp-json\/wp\/v2\/product_cat?post=97560"},{"taxonomy":"product_tag","embeddable":true,"href":"https:\/\/secureus.se\/es\/wp-json\/wp\/v2\/product_tag?post=97560"}],"curies":[{"name":"wp","href":"https:\/\/api.w.org\/{rel}","templated":true}]}}