{"id":97564,"date":"2024-08-21T19:29:11","date_gmt":"2024-08-21T17:29:11","guid":{"rendered":"https:\/\/secureus.se\/?post_type=product&#038;p=97564"},"modified":"2026-04-23T12:03:12","modified_gmt":"2026-04-23T10:03:12","slug":"trycke-basics-lb2-19s-mattsvart","status":"publish","type":"product","link":"https:\/\/secureus.se\/es\/trycke-basics-lb2-19s-mattsvart\/","title":{"rendered":"Tirador de puerta BASICS LB2-19S Negro Mate \u2013 FORMANI"},"content":{"rendered":"<div>FORMANI LB2-19S es una manija de puerta de la serie BASICS, adaptada para carcasas de cerradura est\u00e1ndar escandinavas. El LB2-19S carece de un resorte de retorno fijo, lo que significa que se puede utilizar tanto en cerraduras de puertas interiores, cerraduras modulares y cerraduras DIN. Como accesorios est\u00e1n disponibles una placa de llave, una placa de cubierta y accesorios de ba\u00f1o, as\u00ed como un resorte de retorno, un tornillo m\u00e1s largo y un pasador de empuje para puertas m\u00e1s gruesas.<\/div>\n<div>BASICS incluye varios dise\u00f1os para adaptarse a todos los presupuestos. Son tan discretos, sencillos y limpios como lujosos. Gracias a su expresi\u00f3n minimalista, la serie BASICS es la combinaci\u00f3n perfecta para el amado estilo escandinavo (tambi\u00e9n conocido como estilo n\u00f3rdico). Con FORMANI tienes la oportunidad de conseguir un dise\u00f1o consistente para los accesorios de toda tu casa, apartamento o proyecto. La serie BASICS incluye herrajes para puertas, ventanas y muebles.<\/div>\n<div><\/div>\n<div><b>Caracter\u00edsticas:<\/b><\/div>\n<div>\n<ul>\n<li>Dise\u00f1ador: FORMANI<\/li>\n<li>Di\u00e1metro de la roseta: 53 mm<\/li>\n<li>Para espesores de puerta de hasta 60 mm<\/li>\n<li>Sin resorte de retorno (disponible como accesorio)<\/li>\n<li>Fijaci\u00f3n oculta<\/li>\n<li>Se adapta a m\u00f3dulos y peque\u00f1as carcasas de cerradura de puertas interiores tipo 2014<\/li>\n<li>Montaje C\/C 30 y 38 mm<\/li>\n<li>Fabricado en acero inoxidable<\/li>\n<li>Disponible en bronce, negro mate, PVD negro mate, PVD oro mate, PVD bronce, blanco y acero inoxidable pulido y cepillado mate.<\/li>\n<\/ul>\n<\/div>\n<div><\/div>\n<div><b>El paquete contiene:<\/b><\/div>\n<div>\n<ul>\n<li>2 piezas Mitades de bot\u00f3n pulsador (manijas)<\/li>\n<li>2 piezas Tornillo de presi\u00f3n M4x60 mm (tornillo de perilla)<\/li>\n<li>2 piezas Tuerca de casquillo M4<\/li>\n<li>1 pieza Pasador de empuje 8x8x100 mm<\/li>\n<li>4 piezas Tornillo para madera<\/li>\n<li>1 pieza llave Allen<\/li>\n<\/ul>\n<\/div>","protected":false},"excerpt":{"rendered":"<p>FORMANI LB2-19S es una manija de puerta de la serie BASICS, adaptada para carcasas de cerradura est\u00e1ndar escandinavas. El LB2-19S carece de un resorte de retorno fijo, lo que significa que se puede utilizar tanto en cerraduras de puertas interiores, cerraduras modulares y cerraduras DIN.<\/p>","protected":false},"featured_media":136875,"template":"","meta":{"_acf_changed":false},"product_brand":[],"product_cat":[4124],"product_tag":[],"class_list":{"0":"post-97564","1":"product","2":"type-product","3":"status-publish","4":"has-post-thumbnail","6":"product_cat-dorrhandtag-innerdorr","7":"product_shipping_class-postnord-varubrev","8":"pa_brands-formani","9":"tm-no-options","11":"first","12":"instock","13":"sale","14":"taxable","15":"shipping-taxable","16":"purchasable","17":"product-type-simple"},"acf":[],"_links":{"self":[{"href":"https:\/\/secureus.se\/es\/wp-json\/wp\/v2\/product\/97564","targetHints":{"allow":["GET"]}}],"collection":[{"href":"https:\/\/secureus.se\/es\/wp-json\/wp\/v2\/product"}],"about":[{"href":"https:\/\/secureus.se\/es\/wp-json\/wp\/v2\/types\/product"}],"wp:featuredmedia":[{"embeddable":true,"href":"https:\/\/secureus.se\/es\/wp-json\/wp\/v2\/media\/136875"}],"wp:attachment":[{"href":"https:\/\/secureus.se\/es\/wp-json\/wp\/v2\/media?parent=97564"}],"wp:term":[{"taxonomy":"product_brand","embeddable":true,"href":"https:\/\/secureus.se\/es\/wp-json\/wp\/v2\/product_brand?post=97564"},{"taxonomy":"product_cat","embeddable":true,"href":"https:\/\/secureus.se\/es\/wp-json\/wp\/v2\/product_cat?post=97564"},{"taxonomy":"product_tag","embeddable":true,"href":"https:\/\/secureus.se\/es\/wp-json\/wp\/v2\/product_tag?post=97564"}],"curies":[{"name":"wp","href":"https:\/\/api.w.org\/{rel}","templated":true}]}}