{"id":97572,"date":"2024-08-21T19:29:11","date_gmt":"2024-08-21T17:29:11","guid":{"rendered":"https:\/\/secureus.se\/?post_type=product&#038;p=97572"},"modified":"2026-04-08T15:35:30","modified_gmt":"2026-04-08T13:35:30","slug":"trycke-1956-40-75mm-nickel","status":"publish","type":"product","link":"https:\/\/secureus.se\/es\/trycke-1956-40-75mm-nickel\/","title":{"rendered":"Manija de puerta de n\u00edquel de 40-75 mm, modelo 1956, Assa Abloy"},"content":{"rendered":"<div>ASSA ABLOY 1956 es una manija de puerta con la herencia del dise\u00f1o de la d\u00e9cada de 1950. Pero para darle al mango un toque un poco m\u00e1s moderno, se exageraron las formas y se intent\u00f3 crear encuentros suaves y naturales entre las formas. Se adapta bien a toda la arquitectura desde la d\u00e9cada de 1950 en adelante. 1956 est\u00e1 incluido en la serie ASSA ABLOY Epok. Adecuado para puertas exteriores, puertas de entrada y puertas interiores con cerraduras modulares.<\/p>\n<p><b>Caracter\u00edsticas:<\/b><\/p>\n<ul>\n<li>Material: lat\u00f3n<\/li>\n<li>Disponible en varios acabados decorativos; Prion, N\u00edquel, Cromo, Cromo mate, Lat\u00f3n pulido, Lat\u00f3n cepillado, Negro mate MIRUS.<\/li>\n<li>Resorte de retorno que alivia el resorte del remero de la carcasa de la cerradura y ayuda a que la presi\u00f3n permanezca en una posici\u00f3n horizontal<\/li>\n<li>Entrega est\u00e1ndar para puertas de 40-75 mm de espesor<\/li>\n<li>Roseta: \u00d8 52 mm<\/li>\n<li>Se adapta a la carcasa de la cerradura del m\u00f3dulo Connect\/Classic<\/li>\n<li>No se adapta a la carcasa de la cerradura ABLOY 2014 ni a la cerradura de puerta interior equivalente.<\/li>\n<li>Para puerta exterior\/interior<\/li>\n<\/ul>\n<div><b>El paquete contiene:<\/b><\/div>\n<div>\n<ul>\n<li>2 piezas Mitades de bot\u00f3n pulsador (manijas).<\/li>\n<li>2 piezas Tornillos de presi\u00f3n M5. (Tornillo moleteado)<\/li>\n<li>2 juntas t\u00f3ricas.<\/li>\n<li>2 piezas Tuerca de casquillo M5.<\/li>\n<li>2 piezas Chinchetas 8x8x102 mm y 8x8x120 mm.<\/li>\n<\/ul>\n<\/div>\n<div><\/div>\n<\/div>","protected":false},"excerpt":{"rendered":"<p>ASSA ABLOY 1956 es una manija de puerta con la herencia del dise\u00f1o de la d\u00e9cada de 1950. Pero para darle al mango un toque un poco m\u00e1s moderno, se exageraron las formas y se intent\u00f3 crear encuentros suaves y naturales entre<\/p>","protected":false},"featured_media":136414,"template":"","meta":{"_acf_changed":false},"product_brand":[],"product_cat":[4124,4125],"product_tag":[],"class_list":{"0":"post-97572","1":"product","2":"type-product","3":"status-publish","4":"has-post-thumbnail","6":"product_cat-dorrhandtag-innerdorr","7":"product_cat-dorrhandtag-ytterdorr","8":"product_shipping_class-postnord-varubrev","9":"pa_brands-abloy","10":"tm-no-options","12":"first","13":"instock","14":"sale","15":"taxable","16":"shipping-taxable","17":"purchasable","18":"product-type-simple"},"acf":[],"_links":{"self":[{"href":"https:\/\/secureus.se\/es\/wp-json\/wp\/v2\/product\/97572","targetHints":{"allow":["GET"]}}],"collection":[{"href":"https:\/\/secureus.se\/es\/wp-json\/wp\/v2\/product"}],"about":[{"href":"https:\/\/secureus.se\/es\/wp-json\/wp\/v2\/types\/product"}],"wp:featuredmedia":[{"embeddable":true,"href":"https:\/\/secureus.se\/es\/wp-json\/wp\/v2\/media\/136414"}],"wp:attachment":[{"href":"https:\/\/secureus.se\/es\/wp-json\/wp\/v2\/media?parent=97572"}],"wp:term":[{"taxonomy":"product_brand","embeddable":true,"href":"https:\/\/secureus.se\/es\/wp-json\/wp\/v2\/product_brand?post=97572"},{"taxonomy":"product_cat","embeddable":true,"href":"https:\/\/secureus.se\/es\/wp-json\/wp\/v2\/product_cat?post=97572"},{"taxonomy":"product_tag","embeddable":true,"href":"https:\/\/secureus.se\/es\/wp-json\/wp\/v2\/product_tag?post=97572"}],"curies":[{"name":"wp","href":"https:\/\/api.w.org\/{rel}","templated":true}]}}