{"id":97576,"date":"2024-08-21T19:29:12","date_gmt":"2024-08-21T17:29:12","guid":{"rendered":"https:\/\/secureus.se\/?post_type=product&#038;p=97576"},"modified":"2026-04-08T15:39:32","modified_gmt":"2026-04-08T13:39:32","slug":"trycke-696-40-75mm-nickel","status":"publish","type":"product","link":"https:\/\/secureus.se\/es\/trycke-696-40-75mm-nickel\/","title":{"rendered":"Manija de puerta 696, 40-75 mm, n\u00edquel \u2013 Assa Abloy"},"content":{"rendered":"<p>La ASSA ABLOY 696 es una manija de puerta cl\u00e1sica de los a\u00f1os 50 y 60 con un dise\u00f1o discreto y bien hecho. La funci\u00f3n es importante, pero el cuidado a la persona sigue siendo claro. Por ello, el mango es atemporal y se adapta a cualquier lugar. 696 no tiene resorte de retorno y es parte de la serie ASSA ABLOY Classic. Para puertas exteriores e interiores.<\/p>\n<div><\/div>\n<div>\n<b>Caracter\u00edsticas:<\/b><\/div>\n<div>\n<ul>\n<li>Material: Lat\u00f3n<\/li>\n<li>Tratamientos de superficies; Prion, N\u00edquel, Cromo, Cromo mate, Lat\u00f3n pulido, Lat\u00f3n cepillado, Negro mate MIRUS<\/li>\n<li>Entrega est\u00e1ndar para puertas de 40-75 mm de espesor<\/li>\n<li>Roseta: \u00d8 52 mm<\/li>\n<li>Sin muelle de retorno en la roseta, lo que significa que tambi\u00e9n se adapta a las cerraduras de puertas interiores tipo 2014<\/li>\n<li>Adecuado para m\u00f3dulos y peque\u00f1as carcasas de cerraduras de puertas interiores.<\/li>\n<\/ul>\n<p><b>El paquete contiene:<\/b><\/p>\n<ul>\n<li>2 piezas Mitades de bot\u00f3n pulsador (manijas).<\/li>\n<li>2 piezas Tornillos de presi\u00f3n M5. (Tornillo moleteado)<\/li>\n<li>2 juntas t\u00f3ricas.<\/li>\n<li>2 piezas Tuerca de casquillo M5.<\/li>\n<li>2 piezas Chinchetas 8x8x102 mm y 8x8x120 mm.<\/li>\n<\/ul>\n<\/div>","protected":false},"excerpt":{"rendered":"<p>ASSA ABLOY 696 \u00e4r ett klassiskt d\u00f6rrtrycke fr\u00e5n 1950- och 1960-talet har en diskret och v\u00e4lgjord design. Funktionen \u00e4r viktig, men omsorgen om m\u00e4nniskan \u00e4r \u00e4nd\u00e5 tydlig. Handtaget \u00e4r d\u00e4rf\u00f6r<\/p>","protected":false},"featured_media":159495,"template":"","meta":{"_acf_changed":false},"product_brand":[],"product_cat":[4124],"product_tag":[],"class_list":{"0":"post-97576","1":"product","2":"type-product","3":"status-publish","4":"has-post-thumbnail","6":"product_cat-dorrhandtag-innerdorr","7":"product_shipping_class-postnord-varubrev","8":"pa_brands-abloy","9":"tm-no-options","11":"first","12":"instock","13":"sale","14":"taxable","15":"shipping-taxable","16":"purchasable","17":"product-type-simple"},"acf":[],"_links":{"self":[{"href":"https:\/\/secureus.se\/es\/wp-json\/wp\/v2\/product\/97576","targetHints":{"allow":["GET"]}}],"collection":[{"href":"https:\/\/secureus.se\/es\/wp-json\/wp\/v2\/product"}],"about":[{"href":"https:\/\/secureus.se\/es\/wp-json\/wp\/v2\/types\/product"}],"wp:featuredmedia":[{"embeddable":true,"href":"https:\/\/secureus.se\/es\/wp-json\/wp\/v2\/media\/159495"}],"wp:attachment":[{"href":"https:\/\/secureus.se\/es\/wp-json\/wp\/v2\/media?parent=97576"}],"wp:term":[{"taxonomy":"product_brand","embeddable":true,"href":"https:\/\/secureus.se\/es\/wp-json\/wp\/v2\/product_brand?post=97576"},{"taxonomy":"product_cat","embeddable":true,"href":"https:\/\/secureus.se\/es\/wp-json\/wp\/v2\/product_cat?post=97576"},{"taxonomy":"product_tag","embeddable":true,"href":"https:\/\/secureus.se\/es\/wp-json\/wp\/v2\/product_tag?post=97576"}],"curies":[{"name":"wp","href":"https:\/\/api.w.org\/{rel}","templated":true}]}}