{"id":97586,"date":"2024-08-21T19:29:12","date_gmt":"2024-08-21T17:29:12","guid":{"rendered":"https:\/\/secureus.se\/?post_type=product&#038;p=97586"},"modified":"2026-03-25T15:37:13","modified_gmt":"2026-03-25T14:37:13","slug":"trycke-6616-40-75mm-prion","status":"publish","type":"product","link":"https:\/\/secureus.se\/es\/trycke-6616-40-75mm-prion\/","title":{"rendered":"Manija de puerta 6616 40-75 mm Prion \u2013 Assa Abloy"},"content":{"rendered":"<p>\nASSA ABLOY 6616 es una manija de puerta modernista muy simple que, con su forma obvia, es adecuada para entornos con austeridad, como hospitales e instituciones. 6616 es parte de la serie ASSA ABLOY Classic. Adecuado para puertas exteriores, puertas de entrada y puertas interiores con cerraduras modulares.<\/p>\n<div><\/div>\n<div><b>Caracter\u00edsticas:<\/b><\/div>\n<ul>\n<li>Material: Lat\u00f3n.<\/li>\n<li>Tratamiento superficial: N\u00edquel, Prion, Cromo mate, Lat\u00f3n pulido, Lat\u00f3n mate y \u00d3xido marr\u00f3n.<\/li>\n<li>Resorte de retorno que alivia el resorte del remero de la carcasa de la cerradura y ayuda a que la presi\u00f3n permanezca en una posici\u00f3n horizontal.<\/li>\n<li>Roseta: \u00d8 52 mm.<\/li>\n<li>Se adapta a la carcasa de la cerradura del m\u00f3dulo Connect\/Classic<\/li>\n<li>No se adapta a la carcasa de la cerradura ABLOY 2014 ni a la cerradura de puerta interior equivalente.<\/li>\n<li>Entrega est\u00e1ndar adaptada para espesores de puerta de 40-75 mm.<\/li>\n<li>Pasador de empuje y tornillo reemplazables para diferentes espesores de puerta.<\/li>\n<li>Fijaci\u00f3n mediante tornillos continuos que refuerzan la puerta.<\/li>\n<\/ul>\n<div><b>El paquete contiene:<\/b><\/div>\n<div>\n<ul>\n<li>2 piezas Mitades de bot\u00f3n pulsador (manijas).<\/li>\n<li>2 piezas Tornillos de presi\u00f3n M5. (Tornillo moleteado)<\/li>\n<li>2 juntas t\u00f3ricas.<\/li>\n<li>2 piezas Tuerca de casquillo M5.<\/li>\n<li>2 piezas Chinchetas 8x8x102 mm y 8x8x120 mm.<\/li>\n<\/ul>\n<\/div>","protected":false},"excerpt":{"rendered":"<p>ASSA ABLOY 6616 es una manija de puerta modernista muy simple que, con su forma obvia, es adecuada para entornos con austeridad, como hospitales e instituciones. 6616 es parte de la serie ASSA ABLOY Classic.<\/p>","protected":false},"featured_media":137199,"template":"","meta":{"_acf_changed":false},"product_brand":[],"product_cat":[4124,4125],"product_tag":[],"class_list":{"0":"post-97586","1":"product","2":"type-product","3":"status-publish","4":"has-post-thumbnail","6":"product_cat-dorrhandtag-innerdorr","7":"product_cat-dorrhandtag-ytterdorr","8":"product_shipping_class-postnord-varubrev","9":"pa_brands-abloy","10":"tm-no-options","12":"first","13":"instock","14":"sale","15":"taxable","16":"shipping-taxable","17":"purchasable","18":"product-type-simple"},"acf":[],"_links":{"self":[{"href":"https:\/\/secureus.se\/es\/wp-json\/wp\/v2\/product\/97586","targetHints":{"allow":["GET"]}}],"collection":[{"href":"https:\/\/secureus.se\/es\/wp-json\/wp\/v2\/product"}],"about":[{"href":"https:\/\/secureus.se\/es\/wp-json\/wp\/v2\/types\/product"}],"wp:featuredmedia":[{"embeddable":true,"href":"https:\/\/secureus.se\/es\/wp-json\/wp\/v2\/media\/137199"}],"wp:attachment":[{"href":"https:\/\/secureus.se\/es\/wp-json\/wp\/v2\/media?parent=97586"}],"wp:term":[{"taxonomy":"product_brand","embeddable":true,"href":"https:\/\/secureus.se\/es\/wp-json\/wp\/v2\/product_brand?post=97586"},{"taxonomy":"product_cat","embeddable":true,"href":"https:\/\/secureus.se\/es\/wp-json\/wp\/v2\/product_cat?post=97586"},{"taxonomy":"product_tag","embeddable":true,"href":"https:\/\/secureus.se\/es\/wp-json\/wp\/v2\/product_tag?post=97586"}],"curies":[{"name":"wp","href":"https:\/\/api.w.org\/{rel}","templated":true}]}}