{"id":97596,"date":"2024-08-21T19:29:12","date_gmt":"2024-08-21T17:29:12","guid":{"rendered":"https:\/\/secureus.se\/?post_type=product&#038;p=97596"},"modified":"2026-04-23T12:02:05","modified_gmt":"2026-04-23T10:02:05","slug":"trycke-a696-38-70mm-nickel","status":"publish","type":"product","link":"https:\/\/secureus.se\/es\/trycke-a696-38-70mm-nickel\/","title":{"rendered":"Pomo para manija de puerta A696, 38-70 mm, n\u00edquel \u2013 Habo"},"content":{"rendered":"<p>\nA696 es una manija de puerta de lat\u00f3n de habo. Dise\u00f1o atemporal que se adapta a la mayor\u00eda de las puertas.<\/p>\n<div><\/div>\n<div><b>Caracter\u00edsticas:<\/b>\u00a0<\/div>\n<div>\n<ul>\n<li>Manija de puerta de lat\u00f3n.\u00a0<\/li>\n<li>Espesor de la puerta: 38-70 mm\u00a0<\/li>\n<li>Proyecci\u00f3n: 55 mm<\/li>\n<li>Tratamiento superficial antibacteriano.\u00a0<\/li>\n<li>Sin resorte de retorno, lo que significa que tambi\u00e9n se adapta a cerraduras de puertas interiores tipo 2014.<\/li>\n<\/ul>\n<\/div>","protected":false},"excerpt":{"rendered":"<p>A696 \u00e4r ett d\u00f6rrtrycke av m\u00e4ssing fr\u00e5n habo. Tidl\u00f6s design som passar de flesta d\u00f6rrar. Egenskaper:\u00a0 D\u00f6rrtrycke av m\u00e4ssing.\u00a0 D\u00f6rrtjocklek: 38-70 mm\u00a0 Utspr\u00e5ng: 55 mm Antibakteriell ytbehandling.\u00a0 Utan returfj\u00e4der vilket<\/p>","protected":false},"featured_media":137184,"template":"","meta":{"_acf_changed":false},"product_brand":[],"product_cat":[4124],"product_tag":[],"class_list":{"0":"post-97596","1":"product","2":"type-product","3":"status-publish","4":"has-post-thumbnail","6":"product_cat-dorrhandtag-innerdorr","7":"product_shipping_class-postnord-varubrev","8":"pa_brands-habo","9":"tm-no-options","11":"first","12":"instock","13":"sale","14":"taxable","15":"shipping-taxable","16":"purchasable","17":"product-type-simple"},"acf":[],"_links":{"self":[{"href":"https:\/\/secureus.se\/es\/wp-json\/wp\/v2\/product\/97596","targetHints":{"allow":["GET"]}}],"collection":[{"href":"https:\/\/secureus.se\/es\/wp-json\/wp\/v2\/product"}],"about":[{"href":"https:\/\/secureus.se\/es\/wp-json\/wp\/v2\/types\/product"}],"wp:featuredmedia":[{"embeddable":true,"href":"https:\/\/secureus.se\/es\/wp-json\/wp\/v2\/media\/137184"}],"wp:attachment":[{"href":"https:\/\/secureus.se\/es\/wp-json\/wp\/v2\/media?parent=97596"}],"wp:term":[{"taxonomy":"product_brand","embeddable":true,"href":"https:\/\/secureus.se\/es\/wp-json\/wp\/v2\/product_brand?post=97596"},{"taxonomy":"product_cat","embeddable":true,"href":"https:\/\/secureus.se\/es\/wp-json\/wp\/v2\/product_cat?post=97596"},{"taxonomy":"product_tag","embeddable":true,"href":"https:\/\/secureus.se\/es\/wp-json\/wp\/v2\/product_tag?post=97596"}],"curies":[{"name":"wp","href":"https:\/\/api.w.org\/{rel}","templated":true}]}}