{"id":97602,"date":"2024-08-21T19:29:13","date_gmt":"2024-08-21T17:29:13","guid":{"rendered":"https:\/\/secureus.se\/?post_type=product&#038;p=97602"},"modified":"2026-04-08T15:38:49","modified_gmt":"2026-04-08T13:38:49","slug":"trycke-dh-7020-ip-35-95mm-krom","status":"publish","type":"product","link":"https:\/\/secureus.se\/es\/trycke-dh-7020-ip-35-95mm-krom\/","title":{"rendered":"Manija de puerta DH 7020-IP 35-95 mm cromada \u2013 Dormakaba"},"content":{"rendered":"<p>La manija de puerta DH 7020 es parte de la nueva serie 7 de dormakaba. DH 7020 tiene un resorte de retorno, lo que significa que se adapta a todas las puertas que tienen carcasas de cerradura en dise\u00f1os de husillo 50 y 70 del tipo escandinavo. El resorte de retorno de los empujadores proporciona una sensaci\u00f3n distintiva de calidad y aumenta la vida \u00fatil tanto del empujador como de la carcasa de la cerradura de la puerta. El DH 7020 reemplaza al modelo anterior DH 720.<\/p>\n<div>\n<div><\/div>\n<div><b>Caracter\u00edsticas:\u00a0<\/b><\/div>\n<div>\n<ul>\n<li>Para todas las puertas interiores<\/li>\n<li>Se adapta a carcasas de cerradura modulares est\u00e1ndar escandinavas (c\/c 30 mm)<\/li>\n<li>No se adapta a la carcasa de la cerradura ABLOY 2014 ni a la cerradura de puerta interior equivalente.<\/li>\n<li>Se suministra con tornillo, tuerca de manguito y pasador de presi\u00f3n.<\/li>\n<li>Adecuado para espesores de puerta de 35-95 mm.<\/li>\n<li>Fabricado en zamak.<\/li>\n<li>Tratamiento superficial: cromado<\/li>\n<li>EN 1906, 200.000 ciclos, grado 4<\/li>\n<li>El producto cumple con la Directiva de n\u00edquel de la UE 94\/27\/EC.<\/li>\n<li>Evaluado por Byggvarubed\u00f6mningen<\/li>\n<li>Roseta \u00d8 52 mm<\/li>\n<li>Con resorte de retorno en la roseta<\/li>\n<\/ul>\n<\/div>\n<\/div>","protected":false},"excerpt":{"rendered":"<p>La manija de puerta DH 7020 es parte de la nueva serie 7 de dormakaba. DH 7020 tiene un resorte de retorno, lo que significa que se adapta a todas las puertas que tienen carcasas de cerradura en dise\u00f1os de mandril de 50 y 70.<\/p>","protected":false},"featured_media":136568,"template":"","meta":{"_acf_changed":false},"product_brand":[],"product_cat":[4124],"product_tag":[],"class_list":{"0":"post-97602","1":"product","2":"type-product","3":"status-publish","4":"has-post-thumbnail","6":"product_cat-dorrhandtag-innerdorr","7":"product_shipping_class-postnord-varubrev","8":"pa_brands-dormakaba","9":"tm-no-options","11":"first","12":"instock","13":"sale","14":"taxable","15":"shipping-taxable","16":"purchasable","17":"product-type-simple"},"acf":[],"_links":{"self":[{"href":"https:\/\/secureus.se\/es\/wp-json\/wp\/v2\/product\/97602","targetHints":{"allow":["GET"]}}],"collection":[{"href":"https:\/\/secureus.se\/es\/wp-json\/wp\/v2\/product"}],"about":[{"href":"https:\/\/secureus.se\/es\/wp-json\/wp\/v2\/types\/product"}],"wp:featuredmedia":[{"embeddable":true,"href":"https:\/\/secureus.se\/es\/wp-json\/wp\/v2\/media\/136568"}],"wp:attachment":[{"href":"https:\/\/secureus.se\/es\/wp-json\/wp\/v2\/media?parent=97602"}],"wp:term":[{"taxonomy":"product_brand","embeddable":true,"href":"https:\/\/secureus.se\/es\/wp-json\/wp\/v2\/product_brand?post=97602"},{"taxonomy":"product_cat","embeddable":true,"href":"https:\/\/secureus.se\/es\/wp-json\/wp\/v2\/product_cat?post=97602"},{"taxonomy":"product_tag","embeddable":true,"href":"https:\/\/secureus.se\/es\/wp-json\/wp\/v2\/product_tag?post=97602"}],"curies":[{"name":"wp","href":"https:\/\/api.w.org\/{rel}","templated":true}]}}