{"id":97912,"date":"2024-08-29T14:15:33","date_gmt":"2024-08-29T12:15:33","guid":{"rendered":"https:\/\/secureus.se\/nyckelgomma-med-kodlas-saker-nyckelbox-for-utomhusbruk\/"},"modified":"2025-12-31T21:22:52","modified_gmt":"2025-12-31T20:22:52","slug":"nyckelgomma-med-kodlas-saker-nyckelbox-for-utomhusbruk","status":"publish","type":"product","link":"https:\/\/secureus.se\/es\/nyckelgomma-med-kodlas-saker-nyckelbox-for-utomhusbruk\/","title":{"rendered":"Escondite de llaves con cerradura de c\u00f3digo: caja de llaves segura para exteriores"},"content":{"rendered":"<p>Esta caja fuerte para llaves con cerradura de combinaci\u00f3n es la soluci\u00f3n perfecta para guardar llaves de forma segura y sencilla en exteriores. Fabricada en aluminio duradero, esta caja de llaves ofrece una soluci\u00f3n confiable y duradera para ocultar las llaves de forma segura. Con sus dimensiones compactas de 120x90x40 mm, es ideal para todo tipo de propiedades donde varias personas necesitan acceder a la misma llave, como en casas de vacaciones, pabellones de caza o trasteros compartidos.<\/p>\n<p>La caja fuerte para llaves tiene una combinaci\u00f3n de c\u00f3digo de cuatro d\u00edgitos que puede configurar y cambiar f\u00e1cilmente seg\u00fan sea necesario. Esto le brinda control total sobre qui\u00e9n tiene acceso a la clave. La robusta construcci\u00f3n de metal garantiza una larga duraci\u00f3n y protege sus llaves de los elementos.<\/p>\n<p>El escondite de llaves es f\u00e1cil de montar en la pared y se puede colocar en un lugar discreto para mayor seguridad. Tambi\u00e9n es una excelente opci\u00f3n para proporcionar acceso temporal a comerciantes, personal de limpieza u otras personas que necesiten ingresar a la propiedad cuando usted no est\u00e1 all\u00ed. Simplemente comparta el c\u00f3digo y sus visitantes podr\u00e1n recuperar y devolver la clave f\u00e1cilmente.<\/p>\n<p>Adem\u00e1s de sus caracter\u00edsticas de seguridad, este escondite de llaves tambi\u00e9n es f\u00e1cil de usar. Viene empaquetado en una caja compacta con instrucciones claras para una instalaci\u00f3n r\u00e1pida y sencilla. Con capacidad para albergar hasta cinco llaves est\u00e1ndar, esta es una soluci\u00f3n pr\u00e1ctica y segura para todas sus necesidades de almacenamiento de llaves.<\/p>\n<h3>Ventajas:<\/h3>\n<ul>\n<li><strong>Almacenamiento seguro<\/strong>:Combinaci\u00f3n de c\u00f3digo de cuatro d\u00edgitos que se puede cambiar f\u00e1cilmente.<\/li>\n<li><strong>Construcci\u00f3n sostenible<\/strong>:Fabricado en aluminio resistente para un uso duradero.<\/li>\n<li><strong>F\u00e1cil instalaci\u00f3n<\/strong>:F\u00e1cil de montar en la pared con instrucciones incluidas.<\/li>\n<li><strong>A prueba de la intemperie<\/strong>:Protege tus llaves de la suciedad, el clima y el viento.<\/li>\n<li><strong>Espacio para m\u00faltiples claves<\/strong>:Tiene capacidad para hasta cinco llaves.<\/li>\n<\/ul>\n<h3>\u00c1reas de uso:<\/h3>\n<ul>\n<li><strong>Casas y chalets de vacaciones<\/strong>:Perfecto para facilitar el acceso a hu\u00e9spedes y personal de servicio.<\/li>\n<li><strong>Pabellones de caza y zonas comunes<\/strong>:Soluci\u00f3n sencilla para compartir claves entre m\u00faltiples usuarios.<\/li>\n<li><strong>Vivienda y bienes ra\u00edces<\/strong>:Opci\u00f3n segura y pr\u00e1ctica para guardar llaves en exteriores.<\/li>\n<\/ul>\n<p>Proteja sus llaves con esta confiable caja de seguridad con cerradura de combinaci\u00f3n.<\/p>","protected":false},"excerpt":{"rendered":"<p>Escondite de llaves para uso interior o exterior. Caja fuerte para llaves segura y robusta con cerradura de combinaci\u00f3n, fabricada en aluminio para una m\u00e1xima durabilidad. Perfecto para guardar y repartir llaves de forma segura en exteriores. F\u00e1cil de montar y con espacio para hasta cinco llaves.<\/p>","protected":false},"featured_media":137689,"template":"","meta":{"_acf_changed":false},"product_brand":[],"product_cat":[1932],"product_tag":[],"class_list":{"0":"post-97912","1":"product","2":"type-product","3":"status-publish","4":"has-post-thumbnail","6":"product_cat-nyckelgomma-nyckelbox","7":"pa_brands-securex","8":"tm-no-options","10":"first","11":"outofstock","12":"sale","13":"taxable","14":"shipping-taxable","15":"purchasable","16":"product-type-simple"},"acf":[],"_links":{"self":[{"href":"https:\/\/secureus.se\/es\/wp-json\/wp\/v2\/product\/97912","targetHints":{"allow":["GET"]}}],"collection":[{"href":"https:\/\/secureus.se\/es\/wp-json\/wp\/v2\/product"}],"about":[{"href":"https:\/\/secureus.se\/es\/wp-json\/wp\/v2\/types\/product"}],"wp:featuredmedia":[{"embeddable":true,"href":"https:\/\/secureus.se\/es\/wp-json\/wp\/v2\/media\/137689"}],"wp:attachment":[{"href":"https:\/\/secureus.se\/es\/wp-json\/wp\/v2\/media?parent=97912"}],"wp:term":[{"taxonomy":"product_brand","embeddable":true,"href":"https:\/\/secureus.se\/es\/wp-json\/wp\/v2\/product_brand?post=97912"},{"taxonomy":"product_cat","embeddable":true,"href":"https:\/\/secureus.se\/es\/wp-json\/wp\/v2\/product_cat?post=97912"},{"taxonomy":"product_tag","embeddable":true,"href":"https:\/\/secureus.se\/es\/wp-json\/wp\/v2\/product_tag?post=97912"}],"curies":[{"name":"wp","href":"https:\/\/api.w.org\/{rel}","templated":true}]}}