{"id":97993,"date":"2024-08-30T13:02:27","date_gmt":"2024-08-30T11:02:27","guid":{"rendered":"https:\/\/secureus.se\/?post_type=product&#038;p=97993"},"modified":"2026-04-01T14:28:01","modified_gmt":"2026-04-01T12:28:01","slug":"hikvision-ds-7604nxi-k1-4p-pro-series-12mp-acusense-4-kanalig-40mbps-poe-1u-10tb-per-hdd-4k-nvr-2","status":"publish","type":"product","link":"https:\/\/secureus.se\/es\/hikvision-ds-7604nxi-k1-4p-pro-series-12mp-acusense-4-kanalig-40mbps-poe-1u-10tb-per-hdd-4k-nvr-2\/","title":{"rendered":"Hikvision DS-7604NXI-K1\/4P: NVR 4K de 4 canales con PoE y AcuSense AI (40 Mbps)"},"content":{"rendered":"<div class=\"headernamehrnone\">\n<h3 data-start=\"623\" data-end=\"696\">Hikvision DS-7604NXI-K1\/4P: NVR de alta calidad con PoE y tecnolog\u00eda de IA inteligente<\/h3>\n<p data-start=\"698\" data-end=\"923\"><strong data-start=\"698\" data-end=\"728\">Hikvision DS-7604NXI-K1\/4P<\/strong> Es un grabador de v\u00eddeo en red (NVR) compacto y fiable con PoE integrado para cuatro c\u00e1maras. Es ideal para hogares, tiendas y peque\u00f1os negocios que buscan una videovigilancia sencilla y fiable.<\/p>\n<p data-start=\"925\" data-end=\"1188\">Con soporte para hasta <strong data-start=\"947\" data-end=\"982\">cuatro c\u00e1maras IP en resoluci\u00f3n 4K<\/strong> y <strong data-start=\"987\" data-end=\"1008\">Ancho de banda de 40 Mbps<\/strong> Puede estar seguro de obtener grabaciones n\u00edtidas y estables. La grabadora tiene espacio para <strong data-start=\"1088\" data-end=\"1121\">un disco duro de hasta 10 TB<\/strong>, que proporciona un amplio espacio de almacenamiento incluso para v\u00eddeos de alta resoluci\u00f3n.<\/p>\n<p data-start=\"1190\" data-end=\"1530\">Gracias a <strong data-start=\"1200\" data-end=\"1222\">Tecnolog\u00eda AcuSense<\/strong> El sistema puede distinguir entre personas y veh\u00edculos para minimizar las falsas alarmas. Tambi\u00e9n puede configurar eventos inteligentes, como la detecci\u00f3n de intrusiones y el cruce de l\u00edneas, lo que aumenta la eficiencia del monitoreo. Adem\u00e1s, el sistema puede realizar... <strong data-start=\"1452\" data-end=\"1473\">grabaci\u00f3n facial<\/strong> y almacenar las caras registradas para su posterior revisi\u00f3n.<\/p>\n<p data-start=\"1532\" data-end=\"1825\">La instalaci\u00f3n es sencilla: conecta las c\u00e1maras directamente a trav\u00e9s de los cuatro puertos PoE, con\u00e9ctalas a tu televisor o monitor mediante HDMI\/VGA y controla el sistema con el rat\u00f3n incluido. Con la aplicaci\u00f3n <strong data-start=\"1709\" data-end=\"1724\">Hik-Connect<\/strong> Obtendr\u00e1 acceso remoto a trav\u00e9s de tel\u00e9fono inteligente, tableta o PC, incluidas notificaciones autom\u00e1ticas para eventos de alarma.<\/p>\n<hr data-start=\"1827\" data-end=\"1830\" \/>\n<h3 data-start=\"1832\" data-end=\"1846\">Beneficios<\/h3>\n<ul data-start=\"1847\" data-end=\"2266\">\n<li data-start=\"1847\" data-end=\"1897\">\n<p data-start=\"1849\" data-end=\"1897\">NVR compacto con fuente de alimentaci\u00f3n incorporada (PoE)<\/p>\n<\/li>\n<li data-start=\"1898\" data-end=\"1948\">\n<p data-start=\"1900\" data-end=\"1948\">Admite hasta 4 c\u00e1maras IP en resoluci\u00f3n 4K<\/p>\n<\/li>\n<li data-start=\"1949\" data-end=\"1982\">\n<p data-start=\"1951\" data-end=\"1982\">Ancho de banda de hasta 40 Mbps<\/p>\n<\/li>\n<li data-start=\"1983\" data-end=\"2035\">\n<p data-start=\"1985\" data-end=\"2035\">AcuSense AI con detecci\u00f3n de personas y veh\u00edculos<\/p>\n<\/li>\n<li data-start=\"2036\" data-end=\"2082\">\n<p data-start=\"2038\" data-end=\"2082\">Grabaci\u00f3n de rostros y funciones de b\u00fasqueda inteligente<\/p>\n<\/li>\n<li data-start=\"2083\" data-end=\"2122\">\n<p data-start=\"2085\" data-end=\"2122\">Espacio para 1 disco duro de hasta 10 TB<\/p>\n<\/li>\n<li data-start=\"2123\" data-end=\"2169\">\n<p data-start=\"2125\" data-end=\"2169\">Salidas HDMI y VGA para conexi\u00f3n de pantalla<\/p>\n<\/li>\n<li data-start=\"2170\" data-end=\"2213\">\n<p data-start=\"2172\" data-end=\"2213\">F\u00e1cil instalaci\u00f3n y control con el rat\u00f3n.<\/p>\n<\/li>\n<li data-start=\"2214\" data-end=\"2266\">\n<p data-start=\"2216\" data-end=\"2266\">Acceso remoto y notificaciones push a trav\u00e9s de la aplicaci\u00f3n Hik-Connect<\/p>\n<\/li>\n<\/ul>\n<hr data-start=\"2268\" data-end=\"2271\" \/>\n<h3 data-start=\"2273\" data-end=\"2303\">Especificaciones t\u00e9cnicas<\/h3>\n<div class=\"_tableContainer_1rjym_1\">\n<div class=\"_tableWrapper_1rjym_13 group flex w-fit flex-col-reverse\">\n<table class=\"w-fit min-w-(--thread-content-width)\" data-start=\"2305\" data-end=\"2872\">\n<thead data-start=\"2305\" data-end=\"2325\">\n<tr data-start=\"2305\" data-end=\"2325\">\n<th data-start=\"2305\" data-end=\"2316\" data-col-size=\"sm\">Propiedad<\/th>\n<th data-start=\"2316\" data-end=\"2325\" data-col-size=\"md\">Valor<\/th>\n<\/tr>\n<\/thead>\n<tbody data-start=\"2347\" data-end=\"2872\">\n<tr data-start=\"2347\" data-end=\"2376\">\n<td data-start=\"2347\" data-end=\"2356\" data-col-size=\"sm\">Modelo<\/td>\n<td data-start=\"2356\" data-end=\"2376\" data-col-size=\"md\">DS-7604NXI-K1\/4P<\/td>\n<\/tr>\n<tr data-start=\"2377\" data-end=\"2415\">\n<td data-start=\"2377\" data-end=\"2393\" data-col-size=\"sm\">Canales de c\u00e1mara<\/td>\n<td data-start=\"2393\" data-end=\"2415\" data-col-size=\"md\">4 c\u00e1maras IP (PoE)<\/td>\n<\/tr>\n<tr data-start=\"2416\" data-end=\"2447\">\n<td data-start=\"2416\" data-end=\"2429\" data-col-size=\"sm\">Resoluci\u00f3n<\/td>\n<td data-start=\"2429\" data-end=\"2447\" data-col-size=\"md\">Hasta 12 MP<\/td>\n<\/tr>\n<tr data-start=\"2448\" data-end=\"2482\">\n<td data-start=\"2448\" data-end=\"2471\" data-col-size=\"sm\">Ancho de banda entrante<\/td>\n<td data-start=\"2471\" data-end=\"2482\" data-col-size=\"md\">40 Mbps<\/td>\n<\/tr>\n<tr data-start=\"2483\" data-end=\"2526\">\n<td data-start=\"2483\" data-end=\"2497\" data-col-size=\"sm\">Formato de v\u00eddeo<\/td>\n<td data-start=\"2497\" data-end=\"2526\" data-col-size=\"md\">H.265+\/H.265\/H.264+\/H.264<\/td>\n<\/tr>\n<tr data-start=\"2527\" data-end=\"2609\">\n<td data-start=\"2527\" data-end=\"2543\" data-col-size=\"sm\">Funciones de IA<\/td>\n<td data-start=\"2543\" data-end=\"2609\" data-col-size=\"md\">Detecci\u00f3n de personas y veh\u00edculos, grabaci\u00f3n de rostros, b\u00fasqueda inteligente<\/td>\n<\/tr>\n<tr data-start=\"2610\" data-end=\"2647\">\n<td data-start=\"2610\" data-end=\"2620\" data-col-size=\"sm\">Almacenamiento<\/td>\n<td data-start=\"2620\" data-end=\"2647\" data-col-size=\"md\">1\u00d7 SATA, hasta 10 TB<\/td>\n<\/tr>\n<tr data-start=\"2648\" data-end=\"2683\">\n<td data-start=\"2648\" data-end=\"2665\" data-col-size=\"sm\">Salidas de v\u00eddeo<\/td>\n<td data-start=\"2665\" data-end=\"2683\" data-col-size=\"md\">HDMI (4K), VGA<\/td>\n<\/tr>\n<tr data-start=\"2684\" data-end=\"2708\">\n<td data-start=\"2684\" data-end=\"2692\" data-col-size=\"sm\">Audio<\/td>\n<td data-start=\"2692\" data-end=\"2708\" data-col-size=\"md\">1\u00d7 entrada, 1\u00d7 salida<\/td>\n<\/tr>\n<tr data-start=\"2709\" data-end=\"2748\">\n<td data-start=\"2709\" data-end=\"2719\" data-col-size=\"sm\">Red<\/td>\n<td data-start=\"2719\" data-end=\"2748\" data-col-size=\"md\">1\u00d7 RJ-45 10\/100\/1000 Mbps<\/td>\n<\/tr>\n<tr data-start=\"2749\" data-end=\"2769\">\n<td data-start=\"2749\" data-end=\"2755\" data-col-size=\"sm\">USB<\/td>\n<td data-start=\"2755\" data-end=\"2769\" data-col-size=\"md\">2\u00d7 USB 2.0<\/td>\n<\/tr>\n<tr data-start=\"2770\" data-end=\"2813\">\n<td data-start=\"2770\" data-end=\"2789\" data-col-size=\"sm\">Fuente de alimentaci\u00f3n<\/td>\n<td data-start=\"2789\" data-end=\"2813\" data-col-size=\"md\">48 VCC (PoE integrado)<\/td>\n<\/tr>\n<tr data-start=\"2814\" data-end=\"2842\">\n<td data-start=\"2814\" data-end=\"2821\" data-col-size=\"sm\">Medida<\/td>\n<td data-start=\"2821\" data-end=\"2842\" data-col-size=\"md\">315 \u00d7 240 \u00d7 48 mm<\/td>\n<\/tr>\n<tr data-start=\"2843\" data-end=\"2872\">\n<td data-start=\"2843\" data-end=\"2850\" data-col-size=\"sm\">Peso<\/td>\n<td data-start=\"2850\" data-end=\"2872\" data-col-size=\"md\">aprox. 1 kg (sin disco duro)<\/td>\n<\/tr>\n<\/tbody>\n<\/table>\n<\/div>\n<\/div>\n<\/div>","protected":false},"excerpt":{"rendered":"<p>NVR econ\u00f3mico y compacto con PoE integrado para cuatro c\u00e1maras IP. Ofrece una resoluci\u00f3n de hasta 4K, es compatible con la inteligencia artificial AcuSense con detecci\u00f3n de personas y veh\u00edculos, grabaci\u00f3n facial y admite un disco duro de hasta 10 TB.<\/p>","protected":false},"featured_media":137650,"template":"","meta":{"_acf_changed":false},"product_brand":[],"product_cat":[3358],"product_tag":[],"class_list":{"0":"post-97993","1":"product","2":"type-product","3":"status-publish","4":"has-post-thumbnail","6":"product_cat-nvr-network-video-recorder","7":"product_shipping_class-tunga-paket","8":"pa_brands-hikvision","9":"tm-no-options","11":"first","12":"instock","13":"sale","14":"taxable","15":"shipping-taxable","16":"purchasable","17":"product-type-simple"},"acf":[],"_links":{"self":[{"href":"https:\/\/secureus.se\/es\/wp-json\/wp\/v2\/product\/97993","targetHints":{"allow":["GET"]}}],"collection":[{"href":"https:\/\/secureus.se\/es\/wp-json\/wp\/v2\/product"}],"about":[{"href":"https:\/\/secureus.se\/es\/wp-json\/wp\/v2\/types\/product"}],"wp:featuredmedia":[{"embeddable":true,"href":"https:\/\/secureus.se\/es\/wp-json\/wp\/v2\/media\/137650"}],"wp:attachment":[{"href":"https:\/\/secureus.se\/es\/wp-json\/wp\/v2\/media?parent=97993"}],"wp:term":[{"taxonomy":"product_brand","embeddable":true,"href":"https:\/\/secureus.se\/es\/wp-json\/wp\/v2\/product_brand?post=97993"},{"taxonomy":"product_cat","embeddable":true,"href":"https:\/\/secureus.se\/es\/wp-json\/wp\/v2\/product_cat?post=97993"},{"taxonomy":"product_tag","embeddable":true,"href":"https:\/\/secureus.se\/es\/wp-json\/wp\/v2\/product_tag?post=97993"}],"curies":[{"name":"wp","href":"https:\/\/api.w.org\/{rel}","templated":true}]}}