{"id":97996,"date":"2024-08-30T13:02:27","date_gmt":"2024-08-30T11:02:27","guid":{"rendered":"https:\/\/secureus.se\/?post_type=product&#038;p=97996"},"modified":"2026-04-20T11:44:38","modified_gmt":"2026-04-20T09:44:38","slug":"hikvision-ds-7608nxi-k2-pro-series-4k-8-kanalig-nvr-80-mbps-2-sata","status":"publish","type":"product","link":"https:\/\/secureus.se\/es\/hikvision-ds-7608nxi-k2-pro-series-4k-8-kanalig-nvr-80-mbps-2-sata\/","title":{"rendered":"Hikvision DS-7608NXI-K2: NVR 4K de 8 canales con AcuSense AI, 2 puertos SATA y 80 Mbps"},"content":{"rendered":"<div class=\"headernamehrnone\">\n<h3 data-start=\"990\" data-end=\"1065\">Hikvision DS-7608NXI-K2: NVR asequible y confiable con AcuSense AI<\/h3>\n<p data-start=\"1067\" data-end=\"1325\"><strong data-start=\"1067\" data-end=\"1094\">Hikvision DS-7608NXI-K2<\/strong> Es un grabador de v\u00eddeo en red (NVR) de 8 canales potente y asequible que integra todas sus c\u00e1maras en un solo lugar. Perfecto para particulares, tiendas y peque\u00f1as empresas que desean... <strong data-start=\"1274\" data-end=\"1322\">Videovigilancia sencilla, fiable e inteligente<\/strong>.<\/p>\n<p data-start=\"1327\" data-end=\"1619\">Con <strong data-start=\"1331\" data-end=\"1382\">espacio para hasta 8 c\u00e1maras IP en resoluci\u00f3n 4K<\/strong> y <strong data-start=\"1387\" data-end=\"1427\">2 discos duros (hasta 32 TB en total)<\/strong> te ofrece una gran capacidad de almacenamiento y flexibilidad. El inteligente <strong data-start=\"1490\" data-end=\"1516\">Tecnolog\u00eda de inteligencia artificial AcuSense<\/strong> Puede distinguir entre personas y veh\u00edculos, lo que reduce las falsas alarmas y hace que la vigilancia sea m\u00e1s efectiva.<\/p>\n<p data-start=\"1621\" data-end=\"1865\">A trav\u00e9s de la aplicaci\u00f3n <strong data-start=\"1631\" data-end=\"1646\">Hik-Connect<\/strong> Puedes ver videos en vivo, reproducir grabaciones y recibir notificaciones push directamente en tu tel\u00e9fono m\u00f3vil, est\u00e9s donde est\u00e9s. La instalaci\u00f3n es sencilla y puedes controlar el dispositivo con el rat\u00f3n o conect\u00e1ndolo a un televisor o monitor mediante HDMI.<\/p>\n<hr data-start=\"1867\" data-end=\"1870\" \/>\n<h3 data-start=\"1872\" data-end=\"1887\">Ventajas:<\/h3>\n<ul data-start=\"1888\" data-end=\"2301\">\n<li data-start=\"1888\" data-end=\"1931\">\n<p data-start=\"1890\" data-end=\"1931\">Opci\u00f3n asequible para hogares y peque\u00f1as empresas.<\/p>\n<\/li>\n<li data-start=\"1932\" data-end=\"1982\">\n<p data-start=\"1934\" data-end=\"1982\">Admite hasta 8 c\u00e1maras IP en resoluci\u00f3n 4K<\/p>\n<\/li>\n<li data-start=\"1983\" data-end=\"2050\">\n<p data-start=\"1985\" data-end=\"2050\">Espacio para 2 discos duros (hasta 32 TB) para una mayor confiabilidad<\/p>\n<\/li>\n<li data-start=\"2051\" data-end=\"2109\">\n<p data-start=\"2053\" data-end=\"2109\">Inteligencia artificial inteligente AcuSense con detecci\u00f3n de personas y veh\u00edculos<\/p>\n<\/li>\n<li data-start=\"2110\" data-end=\"2163\">\n<p data-start=\"2112\" data-end=\"2163\">Monitoreo y reproducci\u00f3n en vivo a trav\u00e9s de la aplicaci\u00f3n Hik-Connect<\/p>\n<\/li>\n<li data-start=\"2164\" data-end=\"2199\">\n<p data-start=\"2166\" data-end=\"2199\">Notificaciones push directamente a tu tel\u00e9fono m\u00f3vil<\/p>\n<\/li>\n<li data-start=\"2200\" data-end=\"2247\">\n<p data-start=\"2202\" data-end=\"2247\">F\u00e1cil control con el rat\u00f3n o a trav\u00e9s del televisor\/monitor<\/p>\n<\/li>\n<li data-start=\"2248\" data-end=\"2301\">\n<p data-start=\"2250\" data-end=\"2301\">Hikvision \u2013 marca l\u00edder mundial en seguridad<\/p>\n<\/li>\n<\/ul>\n<hr data-start=\"2303\" data-end=\"2306\" \/>\n<h3 data-start=\"2308\" data-end=\"2339\">Especificaciones t\u00e9cnicas:<\/h3>\n<div class=\"_tableContainer_1rjym_1\">\n<div class=\"_tableWrapper_1rjym_13 group flex w-fit flex-col-reverse\">\n<table class=\"w-fit min-w-(--thread-content-width)\" data-start=\"2341\" data-end=\"3117\">\n<thead data-start=\"2341\" data-end=\"2361\">\n<tr data-start=\"2341\" data-end=\"2361\">\n<th data-start=\"2341\" data-end=\"2352\" data-col-size=\"sm\">Propiedad<\/th>\n<th data-start=\"2352\" data-end=\"2361\" data-col-size=\"md\">Valor<\/th>\n<\/tr>\n<\/thead>\n<tbody data-start=\"2383\" data-end=\"3117\">\n<tr data-start=\"2383\" data-end=\"2409\">\n<td data-start=\"2383\" data-end=\"2392\" data-col-size=\"sm\">Modelo<\/td>\n<td data-start=\"2392\" data-end=\"2409\" data-col-size=\"md\">DS-7608NXI-K2<\/td>\n<\/tr>\n<tr data-start=\"2410\" data-end=\"2442\">\n<td data-start=\"2410\" data-end=\"2426\" data-col-size=\"sm\">Canales de c\u00e1mara<\/td>\n<td data-start=\"2426\" data-end=\"2442\" data-col-size=\"md\">8 c\u00e1maras IP<\/td>\n<\/tr>\n<tr data-start=\"2443\" data-end=\"2474\">\n<td data-start=\"2443\" data-end=\"2456\" data-col-size=\"sm\">Resoluci\u00f3n<\/td>\n<td data-start=\"2456\" data-end=\"2474\" data-col-size=\"md\">Hasta 12 MP<\/td>\n<\/tr>\n<tr data-start=\"2475\" data-end=\"2509\">\n<td data-start=\"2475\" data-end=\"2498\" data-col-size=\"sm\">Ancho de banda entrante<\/td>\n<td data-start=\"2498\" data-end=\"2509\" data-col-size=\"md\">80 Mbps<\/td>\n<\/tr>\n<tr data-start=\"2510\" data-end=\"2543\">\n<td data-start=\"2510\" data-end=\"2531\" data-col-size=\"sm\">Ancho de banda saliente<\/td>\n<td data-start=\"2531\" data-end=\"2543\" data-col-size=\"md\">160 Mbps<\/td>\n<\/tr>\n<tr data-start=\"2544\" data-end=\"2593\">\n<td data-start=\"2544\" data-end=\"2564\" data-col-size=\"sm\">Compresi\u00f3n de v\u00eddeo<\/td>\n<td data-start=\"2564\" data-end=\"2593\" data-col-size=\"md\">H.265+\/H.265\/H.264+\/H.264<\/td>\n<\/tr>\n<tr data-start=\"2594\" data-end=\"2678\">\n<td data-start=\"2594\" data-end=\"2610\" data-col-size=\"sm\">Funciones de IA<\/td>\n<td data-start=\"2610\" data-end=\"2678\" data-col-size=\"md\">Detecci\u00f3n de personas y veh\u00edculos, reconocimiento facial, reproducci\u00f3n inteligente<\/td>\n<\/tr>\n<tr data-start=\"2679\" data-end=\"2740\">\n<td data-start=\"2679\" data-end=\"2689\" data-col-size=\"sm\">Almacenamiento<\/td>\n<td data-start=\"2689\" data-end=\"2740\" data-col-size=\"md\">2\u00d7 SATA, hasta 16 TB por disco (32 TB en total)<\/td>\n<\/tr>\n<tr data-start=\"2741\" data-end=\"2789\">\n<td data-start=\"2741\" data-end=\"2752\" data-col-size=\"sm\">Salidas<\/td>\n<td data-start=\"2752\" data-end=\"2789\" data-col-size=\"md\">HDMI (4K), VGA (1080p), Salida de audio<\/td>\n<\/tr>\n<tr data-start=\"2790\" data-end=\"2840\">\n<td data-start=\"2790\" data-end=\"2801\" data-col-size=\"sm\">Entradas<\/td>\n<td data-start=\"2801\" data-end=\"2840\" data-col-size=\"md\">Entrada de audio, 4\u00d7 Entrada de alarma, 1\u00d7 Salida de alarma<\/td>\n<\/tr>\n<tr data-start=\"2841\" data-end=\"2885\">\n<td data-start=\"2841\" data-end=\"2847\" data-col-size=\"sm\">USB<\/td>\n<td data-start=\"2847\" data-end=\"2885\" data-col-size=\"md\">2\u00d7 USB 2.0 frontales, 1\u00d7 USB 2.0 trasero<\/td>\n<\/tr>\n<tr data-start=\"2886\" data-end=\"2927\">\n<td data-start=\"2886\" data-end=\"2896\" data-col-size=\"sm\">Red<\/td>\n<td data-start=\"2896\" data-end=\"2927\" data-col-size=\"md\">1 RJ-45 (10\/100\/1000 Mbps)<\/td>\n<\/tr>\n<tr data-start=\"2928\" data-end=\"2964\">\n<td data-start=\"2928\" data-end=\"2947\" data-col-size=\"sm\">Fuente de alimentaci\u00f3n<\/td>\n<td data-start=\"2947\" data-end=\"2964\" data-col-size=\"md\">12 VCC, 3,3 A<\/td>\n<\/tr>\n<tr data-start=\"2965\" data-end=\"3005\">\n<td data-start=\"2965\" data-end=\"2984\" data-col-size=\"sm\">Consumo de energ\u00eda<\/td>\n<td data-start=\"2984\" data-end=\"3005\" data-col-size=\"md\">\u2264 15 W (sin disco duro)<\/td>\n<\/tr>\n<tr data-start=\"3006\" data-end=\"3034\">\n<td data-start=\"3006\" data-end=\"3013\" data-col-size=\"sm\">Medida<\/td>\n<td data-start=\"3013\" data-end=\"3034\" data-col-size=\"md\">385 \u00d7 315 \u00d7 52 mm<\/td>\n<\/tr>\n<tr data-start=\"3035\" data-end=\"3063\">\n<td data-start=\"3035\" data-end=\"3042\" data-col-size=\"sm\">Peso<\/td>\n<td data-start=\"3042\" data-end=\"3063\" data-col-size=\"md\">\u2264 1 kg (sin disco duro)<\/td>\n<\/tr>\n<tr data-start=\"3064\" data-end=\"3117\">\n<td data-start=\"3064\" data-end=\"3081\" data-col-size=\"sm\">Certificaciones<\/td>\n<td data-start=\"3081\" data-end=\"3117\" data-col-size=\"md\">CE, FCC, RoHS, Reach, UKCA, etc.<\/td>\n<\/tr>\n<\/tbody>\n<\/table>\n<\/div>\n<\/div>\n<\/div>","protected":false},"excerpt":{"rendered":"<p data-start=\"2834\" data-end=\"3023\">NVR asequible para hogares, tiendas y peque\u00f1as empresas. Admite hasta 8 c\u00e1maras IP, espacio para 2 discos duros, inteligencia artificial AcuSense con detecci\u00f3n de personas y veh\u00edculos y notificaciones push en la app.<\/p>","protected":false},"featured_media":137009,"template":"","meta":{"_acf_changed":false},"product_brand":[],"product_cat":[3358],"product_tag":[],"class_list":{"0":"post-97996","1":"product","2":"type-product","3":"status-publish","4":"has-post-thumbnail","6":"product_cat-nvr-network-video-recorder","7":"product_shipping_class-tunga-paket","8":"pa_brands-hikvision","9":"tm-no-options","11":"first","12":"instock","13":"sale","14":"taxable","15":"shipping-taxable","16":"purchasable","17":"product-type-simple"},"acf":[],"_links":{"self":[{"href":"https:\/\/secureus.se\/es\/wp-json\/wp\/v2\/product\/97996","targetHints":{"allow":["GET"]}}],"collection":[{"href":"https:\/\/secureus.se\/es\/wp-json\/wp\/v2\/product"}],"about":[{"href":"https:\/\/secureus.se\/es\/wp-json\/wp\/v2\/types\/product"}],"wp:featuredmedia":[{"embeddable":true,"href":"https:\/\/secureus.se\/es\/wp-json\/wp\/v2\/media\/137009"}],"wp:attachment":[{"href":"https:\/\/secureus.se\/es\/wp-json\/wp\/v2\/media?parent=97996"}],"wp:term":[{"taxonomy":"product_brand","embeddable":true,"href":"https:\/\/secureus.se\/es\/wp-json\/wp\/v2\/product_brand?post=97996"},{"taxonomy":"product_cat","embeddable":true,"href":"https:\/\/secureus.se\/es\/wp-json\/wp\/v2\/product_cat?post=97996"},{"taxonomy":"product_tag","embeddable":true,"href":"https:\/\/secureus.se\/es\/wp-json\/wp\/v2\/product_tag?post=97996"}],"curies":[{"name":"wp","href":"https:\/\/api.w.org\/{rel}","templated":true}]}}