{"id":98087,"date":"2024-09-03T10:18:38","date_gmt":"2024-09-03T08:18:38","guid":{"rendered":"https:\/\/secureus.se\/crimpverktyg-connectix-ez-crimp-easy-rj45\/"},"modified":"2026-04-23T13:32:50","modified_gmt":"2026-04-23T11:32:50","slug":"crimpverktyg-connectix-ez-crimp-easy-rj45","status":"publish","type":"product","link":"https:\/\/secureus.se\/es\/crimpverktyg-connectix-ez-crimp-easy-rj45\/","title":{"rendered":"Herramienta de crimpado Connectix EZ-CRIMP Easy RJ45 Pro modelo"},"content":{"rendered":"<p>Las herramientas de crimpado de cables de datos RJ45 se utilizan para conectar conectores RJ45 a cables de red, normalmente de categor\u00edas Cat5e, Cat6 o Cat6a.<\/p>\n<p>La herramienta permite una conexi\u00f3n f\u00e1cil y segura de los conductores del cable al conector, garantizando una conexi\u00f3n de red confiable.<\/p>\n<p>Las herramientas de crimpado est\u00e1n equipadas con m\u00faltiples funciones, incluido pelar y cortar cables, lo que las convierte en una herramienta indispensable tanto para instaladores profesionales como para aficionados que trabajan en instalaciones de red.<\/p>\n<p>La herramienta de crimpado RJ45 \u201cEasy\u201d funciona perfectamente con los conectores pasantes UTP y FTP Cat6 \u201cEasy\u201d. Con su funci\u00f3n de corte adicional, esta herramienta de crimpado corta el exceso de cables mientras engarza el conector RJ45.<\/p>\n<ul>\n<li>Para usar con conectores de paso RJ45<\/li>\n<li>Se puede utilizar para cortar la cubierta exterior del cable.<\/li>\n<\/ul>\n<p>Vea a continuaci\u00f3n los 4 sencillos pasos de las instrucciones.<\/p>\n<p>&nbsp;<\/p>\n<table class=\"easy_crimp_inst\" border=\"0\" width=\"100%\" cellspacing=\"1\" cellpadding=\"2\">\n<tbody>\n<tr>\n<td colspan=\"2\"><img decoding=\"async\" src=\"https:\/\/www.cablemonkey.co.uk\/img\/cms\/easy_crimp_1.png\" alt=\"Engarce f\u00e1cil paso 1\" width=\"75%\" \/><\/td>\n<\/tr>\n<tr>\n<td><span class=\"easy_num\">1<\/span><\/td>\n<td>Retire aproximadamente 20 mm de la funda exterior utilizando la herramienta de engarce vers\u00e1til.<\/td>\n<\/tr>\n<tr>\n<td colspan=\"2\"><img decoding=\"async\" src=\"https:\/\/www.cablemonkey.co.uk\/img\/cms\/easy_crimp_2.png\" alt=\"\" width=\"75%\" \/><\/td>\n<\/tr>\n<tr>\n<td><span class=\"easy_num\">2<\/span><\/td>\n<td>Organice los cables en la secuencia de codificaci\u00f3n de colores correcta (la m\u00e1s com\u00fan es EIA\/TIA 568B). Inserte el cable en el conector y empuje los cables a trav\u00e9s de \u00e9l. La cubierta exterior del cable debe estar lo m\u00e1s arriba posible del conector.<\/p>\n<p>EIA\/TIA 568B es un est\u00e1ndar para codificar por colores los cables en cables de red (cables Ethernet) con conectores RJ45. La secuencia de colores para EIA\/TIA 568B es:<\/p>\n<ol>\n<li>Blanco\/Naranja<\/li>\n<li>Naranja<\/li>\n<li>Blanco\/Verde<\/li>\n<li>Azul<\/li>\n<li>Blanco\/Azul<\/li>\n<li>Verde<\/li>\n<li>Blanco\/Marr\u00f3n<\/li>\n<li>Marr\u00f3n<\/li>\n<\/ol>\n<p>Esta secuencia se utiliza a menudo para crear cables de red rectos donde ambos extremos est\u00e1n conectados al mismo est\u00e1ndar.<\/td>\n<\/tr>\n<tr>\n<td colspan=\"2\"><img decoding=\"async\" src=\"https:\/\/www.cablemonkey.co.uk\/img\/cms\/easy_crimp_3.png\" alt=\"\" width=\"75%\" \/><\/td>\n<\/tr>\n<tr>\n<td><span class=\"easy_num\">3<\/span><\/td>\n<td>Presione el bot\u00f3n \u201cBloquear\u201d en la herramienta de engarce para abrirla y prepararla para su uso. Inserte el conector RJ45 cargado en el z\u00f3calo y apriete la manija para engarzar el conector; Los cables sobrantes se cortan al mismo tiempo.<\/td>\n<\/tr>\n<tr>\n<td colspan=\"2\"><img decoding=\"async\" src=\"https:\/\/www.cablemonkey.co.uk\/img\/cms\/easy_crimp_4.png\" alt=\"\" width=\"75%\" \/><\/td>\n<\/tr>\n<tr>\n<td><span class=\"easy_num\">4<\/span><\/td>\n<td>Si ha seguido las instrucciones, ahora deber\u00eda tener una conexi\u00f3n RJ45 completamente funcional.<\/td>\n<\/tr>\n<\/tbody>\n<\/table>","protected":false},"excerpt":{"rendered":"<p>Herramienta de crimpado Connectix EZ-CRIMP Easy RJ45<\/p>","protected":false},"featured_media":136205,"template":"","meta":{"_acf_changed":false},"product_brand":[],"product_cat":[4144],"product_tag":[],"class_list":{"0":"post-98087","1":"product","2":"type-product","3":"status-publish","4":"has-post-thumbnail","6":"product_cat-natverkskabel-tillbehor","7":"tm-no-options","9":"first","10":"instock","11":"sale","12":"taxable","13":"shipping-taxable","14":"purchasable","15":"product-type-simple"},"acf":[],"_links":{"self":[{"href":"https:\/\/secureus.se\/es\/wp-json\/wp\/v2\/product\/98087","targetHints":{"allow":["GET"]}}],"collection":[{"href":"https:\/\/secureus.se\/es\/wp-json\/wp\/v2\/product"}],"about":[{"href":"https:\/\/secureus.se\/es\/wp-json\/wp\/v2\/types\/product"}],"wp:featuredmedia":[{"embeddable":true,"href":"https:\/\/secureus.se\/es\/wp-json\/wp\/v2\/media\/136205"}],"wp:attachment":[{"href":"https:\/\/secureus.se\/es\/wp-json\/wp\/v2\/media?parent=98087"}],"wp:term":[{"taxonomy":"product_brand","embeddable":true,"href":"https:\/\/secureus.se\/es\/wp-json\/wp\/v2\/product_brand?post=98087"},{"taxonomy":"product_cat","embeddable":true,"href":"https:\/\/secureus.se\/es\/wp-json\/wp\/v2\/product_cat?post=98087"},{"taxonomy":"product_tag","embeddable":true,"href":"https:\/\/secureus.se\/es\/wp-json\/wp\/v2\/product_tag?post=98087"}],"curies":[{"name":"wp","href":"https:\/\/api.w.org\/{rel}","templated":true}]}}