{"id":98092,"date":"2024-09-03T10:47:26","date_gmt":"2024-09-03T08:47:26","guid":{"rendered":"https:\/\/secureus.se\/kabeltestare-trendnet-tc-nt2-natverkskabeltestare-med-tongenerator\/"},"modified":"2026-04-09T11:34:43","modified_gmt":"2026-04-09T09:34:43","slug":"kabeltestare-trendnet-tc-nt2-natverkskabeltestare-med-tongenerator","status":"publish","type":"product","link":"https:\/\/secureus.se\/es\/kabeltestare-trendnet-tc-nt2-natverkskabeltestare-med-tongenerator\/","title":{"rendered":"Comprobador de cables TRENDnet TC-NT2 Comprobador de cables de red con generador de tonos"},"content":{"rendered":"<h3 id=\"pdp_productoverview\" class=\"item-headertop rd-prod-overview-hygiene\">Comprobador de cables TRENDnet TC-NT2 Comprobador de cables de red con generador de tonos<\/h3>\n<div class=\"pd-overview-details pd-show-full-overview\">\n<div class=\"headernamehrnone\">El comprobador de cables de red de TRENDnet, modelo TC-NT2, es un comprobador de cables integral para profesionales de la red. Comprueba cuidadosamente las configuraciones de pines de los cables Ethernet, cables USB, cables BNC y puertos del panel de conexi\u00f3n. El TC-NT2 identifica pines correctos, rotos, en cortocircuito y conectados de forma cruzada para distancias de cable de hasta 300 metros (984 pies). Todos los componentes caben en un pr\u00e1ctico estuche de viaje. CONTENIDO DEL PAQUETE: TC-NT2, gu\u00eda de instalaci\u00f3n r\u00e1pida, 2 adaptadores RJ-45 a BNC, cable de conexi\u00f3n de red, estuche de transporte<\/div>\n<div class=\"row headername\">\n<div class=\"item-header rd-hyg-item-header\"><strong>Caracter\u00edsticas principales<\/strong><\/div>\n<div class=\"row\">\n<ul>\n<li>Comprobador de cables completo para profesionales de la red<\/li>\n<li>Prueba cables Ethernet, USB y BNC<\/li>\n<li>Prueba precisa de configuraciones de pines para longitudes de cable de hasta 300 metros (984 pies).<\/li>\n<li>Identifica pines abiertos, en cortocircuito y conectados de forma cruzada<\/li>\n<li>Escaneo continuo y escaneo manual<\/li>\n<li>Incluye convertidor de BNC a Ethernet<\/li>\n<li>Estuche de viaje pr\u00e1ctico<\/li>\n<\/ul>\n<\/div>\n<\/div>\n<\/div>","protected":false},"excerpt":{"rendered":"<p>Comprobador de cables de red TRENDnet TC-NT2 con generador de tonos<\/p>","protected":false},"featured_media":136922,"template":"","meta":{"_acf_changed":false},"product_brand":[],"product_cat":[4144],"product_tag":[],"class_list":{"0":"post-98092","1":"product","2":"type-product","3":"status-publish","4":"has-post-thumbnail","6":"product_cat-natverkskabel-tillbehor","7":"tm-no-options","9":"first","10":"onbackorder","11":"taxable","12":"shipping-taxable","13":"purchasable","14":"product-type-simple"},"acf":[],"_links":{"self":[{"href":"https:\/\/secureus.se\/es\/wp-json\/wp\/v2\/product\/98092","targetHints":{"allow":["GET"]}}],"collection":[{"href":"https:\/\/secureus.se\/es\/wp-json\/wp\/v2\/product"}],"about":[{"href":"https:\/\/secureus.se\/es\/wp-json\/wp\/v2\/types\/product"}],"wp:featuredmedia":[{"embeddable":true,"href":"https:\/\/secureus.se\/es\/wp-json\/wp\/v2\/media\/136922"}],"wp:attachment":[{"href":"https:\/\/secureus.se\/es\/wp-json\/wp\/v2\/media?parent=98092"}],"wp:term":[{"taxonomy":"product_brand","embeddable":true,"href":"https:\/\/secureus.se\/es\/wp-json\/wp\/v2\/product_brand?post=98092"},{"taxonomy":"product_cat","embeddable":true,"href":"https:\/\/secureus.se\/es\/wp-json\/wp\/v2\/product_cat?post=98092"},{"taxonomy":"product_tag","embeddable":true,"href":"https:\/\/secureus.se\/es\/wp-json\/wp\/v2\/product_tag?post=98092"}],"curies":[{"name":"wp","href":"https:\/\/api.w.org\/{rel}","templated":true}]}}