{"id":98192,"date":"2022-06-17T12:33:07","date_gmt":"2022-06-17T10:33:07","guid":{"rendered":"https:\/\/secureus.se\/cardkeep-excellent-med-cardkeep-yoyo-4-art-nr-a0057nf\/"},"modified":"2026-02-24T21:37:06","modified_gmt":"2026-02-24T20:37:06","slug":"cardkeep-excellent-med-cardkeep-yoyo-4-art-nr-a0057nf","status":"publish","type":"product","link":"https:\/\/secureus.se\/es\/cardkeep-excellent-med-cardkeep-yoyo-4-art-nr-a0057nf\/","title":{"rendered":"CardKeep Excelente con CardKeep Yoyo 4 N.\u00ba de art\u00edculo A0057NF"},"content":{"rendered":"","protected":false},"excerpt":{"rendered":"<p>Ahora con CardKeep Unihook, un gancho a\u00fan m\u00e1s seguro con un clip de sujeci\u00f3n y un porta tarjetas con ajuste completamente ajustado.<br \/>\nCK Yoyo 4 ensamblado<br \/>\nAdecuado para tarjetas RFID sin contacto<br \/>\nColor: Negro<br \/>\nFormato: CR80<br \/>\nMaterial: PP\/ABS<\/p>","protected":false},"featured_media":144945,"template":"","meta":{"_acf_changed":false},"product_brand":[],"product_cat":[4888],"product_tag":[2960,2856],"class_list":{"0":"post-98192","1":"product","2":"type-product","3":"status-publish","4":"has-post-thumbnail","6":"product_cat-enkelsidig-staende-korthallare","7":"product_tag-cardkeep-supplier","8":"product_tag-populara-kombinationer","9":"product_shipping_class-postnord-varubrev","10":"pa_farg-svart","11":"tm-no-options","13":"first","14":"instock","15":"taxable","16":"shipping-taxable","17":"purchasable","18":"product-type-simple"},"acf":[],"_links":{"self":[{"href":"https:\/\/secureus.se\/es\/wp-json\/wp\/v2\/product\/98192","targetHints":{"allow":["GET"]}}],"collection":[{"href":"https:\/\/secureus.se\/es\/wp-json\/wp\/v2\/product"}],"about":[{"href":"https:\/\/secureus.se\/es\/wp-json\/wp\/v2\/types\/product"}],"wp:featuredmedia":[{"embeddable":true,"href":"https:\/\/secureus.se\/es\/wp-json\/wp\/v2\/media\/144945"}],"wp:attachment":[{"href":"https:\/\/secureus.se\/es\/wp-json\/wp\/v2\/media?parent=98192"}],"wp:term":[{"taxonomy":"product_brand","embeddable":true,"href":"https:\/\/secureus.se\/es\/wp-json\/wp\/v2\/product_brand?post=98192"},{"taxonomy":"product_cat","embeddable":true,"href":"https:\/\/secureus.se\/es\/wp-json\/wp\/v2\/product_cat?post=98192"},{"taxonomy":"product_tag","embeddable":true,"href":"https:\/\/secureus.se\/es\/wp-json\/wp\/v2\/product_tag?post=98192"}],"curies":[{"name":"wp","href":"https:\/\/api.w.org\/{rel}","templated":true}]}}