{"id":98219,"date":"2022-06-17T12:59:39","date_gmt":"2022-06-17T10:59:39","guid":{"rendered":"https:\/\/secureus.se\/cardkeep-yoyo-3-med-kortfaste-4\/"},"modified":"2025-12-31T19:59:08","modified_gmt":"2025-12-31T18:59:08","slug":"cardkeep-yoyo-3-med-kortfaste-4","status":"publish","type":"product","link":"https:\/\/secureus.se\/es\/cardkeep-yoyo-3-med-kortfaste-4\/","title":{"rendered":"CardKeep Yoyo 3 con tarjetero 4"},"content":{"rendered":"","protected":false},"excerpt":{"rendered":"<p>Popular y duradero<br \/>\n Adecuado para impresi\u00f3n de perfiles, \u00e1rea m\u00e1xima de impresi\u00f3n 30 mm.<br \/>\n Porta tarjetas 4 y gancho de yoyo montado<br \/>\n Longitud del cable: 80 cm<br \/>\n Material: POM<\/p>","protected":false},"featured_media":144045,"template":"","meta":{"_acf_changed":false},"product_brand":[],"product_cat":[2901],"product_tag":[2960],"class_list":{"0":"post-98219","1":"product","2":"type-product","3":"status-publish","4":"has-post-thumbnail","6":"product_cat-jojo-yoyo-alltid-i-lager","7":"product_tag-cardkeep-supplier","8":"product_shipping_class-postnord-varubrev","9":"pa_farg-bla","10":"tm-no-options","12":"first","13":"onbackorder","14":"taxable","15":"shipping-taxable","16":"purchasable","17":"product-type-simple"},"acf":[],"_links":{"self":[{"href":"https:\/\/secureus.se\/es\/wp-json\/wp\/v2\/product\/98219","targetHints":{"allow":["GET"]}}],"collection":[{"href":"https:\/\/secureus.se\/es\/wp-json\/wp\/v2\/product"}],"about":[{"href":"https:\/\/secureus.se\/es\/wp-json\/wp\/v2\/types\/product"}],"wp:featuredmedia":[{"embeddable":true,"href":"https:\/\/secureus.se\/es\/wp-json\/wp\/v2\/media\/144045"}],"wp:attachment":[{"href":"https:\/\/secureus.se\/es\/wp-json\/wp\/v2\/media?parent=98219"}],"wp:term":[{"taxonomy":"product_brand","embeddable":true,"href":"https:\/\/secureus.se\/es\/wp-json\/wp\/v2\/product_brand?post=98219"},{"taxonomy":"product_cat","embeddable":true,"href":"https:\/\/secureus.se\/es\/wp-json\/wp\/v2\/product_cat?post=98219"},{"taxonomy":"product_tag","embeddable":true,"href":"https:\/\/secureus.se\/es\/wp-json\/wp\/v2\/product_tag?post=98219"}],"curies":[{"name":"wp","href":"https:\/\/api.w.org\/{rel}","templated":true}]}}