{"id":98373,"date":"2024-09-11T14:39:15","date_gmt":"2024-09-11T12:39:15","guid":{"rendered":"https:\/\/secureus.se\/?post_type=product&#038;p=98373"},"modified":"2026-03-09T17:39:06","modified_gmt":"2026-03-09T16:39:06","slug":"ajax-junctionbox-kopplingsbox-kameror-svart","status":"publish","type":"product","link":"https:\/\/secureus.se\/es\/ajax-junctionbox-kopplingsbox-kameror-svart\/","title":{"rendered":"Caja de conexiones Ajax JunctionBox para c\u00e1maras negras"},"content":{"rendered":"<h3><strong>Caja de conexiones Ajax<\/strong> Es la soluci\u00f3n perfecta para la instalaci\u00f3n y gesti\u00f3n de cables de c\u00e1maras Ajax Bullet, Turret y MiniDome.<\/h3>\n<p>Fabricada en aluminio duradero (ADC12) y equipada con una construcci\u00f3n impermeable, esta caja de conexiones es robusta y segura para su uso en entornos interiores y exteriores. Tiene clasificaci\u00f3n IP66, lo que significa que protege eficazmente contra el polvo, el agua y otras influencias ambientales, lo que lo hace ideal para su instalaci\u00f3n en todo tipo de condiciones clim\u00e1ticas.<\/p>\n<p>Con dos entradas de cables, una en el lateral y otra en la parte superior, Ajax JunctionBox proporciona una soluci\u00f3n flexible para el enrutamiento de cables. Los prensaestopas seg\u00fan la norma PG21 garantizan que los cables permanezcan seguros en su lugar y evitan tirones o da\u00f1os no deseados. Esto hace que la instalaci\u00f3n sea m\u00e1s f\u00e1cil y confiable, al tiempo que proporciona un acabado limpio y profesional a la instalaci\u00f3n.<\/p>\n<p>La caja de conexiones est\u00e1 dise\u00f1ada espec\u00edficamente para montarse en paredes, techos o columnas de hormig\u00f3n, lo que la hace lo suficientemente vers\u00e1til para uso comercial y residencial. Ya sea que instale c\u00e1maras en interiores o exteriores, Ajax JunctionBox proporciona protecci\u00f3n duradera y efectiva para cables y conexiones.<\/p>\n<p><strong>Presupuesto<\/strong>:<\/p>\n<ul>\n<li><strong>Compatibilidad<\/strong>:C\u00e1maras Ajax Bullet, Turret y MiniDome<\/li>\n<li><strong>Material<\/strong>:Aluminio ADC12<\/li>\n<li><strong>Clase de IP<\/strong>:IP66 (resistente al agua y al polvo)<\/li>\n<li><strong>Rango de temperatura<\/strong>:-25\u00b0C a +60\u00b0C<\/li>\n<li><strong>Entrada de cables<\/strong>:Est\u00e1ndar PG21<\/li>\n<\/ul>\n<p><strong>\u00c1reas de uso<\/strong>:<\/p>\n<ul>\n<li><strong>Alojamiento<\/strong>:Perfecto para instalar en paredes, techos o pilares para proteger los cables al instalar c\u00e1maras.<\/li>\n<li><strong>Empresas y oficinas<\/strong>:Adecuado para propiedades comerciales que necesitan una gesti\u00f3n de cables segura y eficiente para c\u00e1maras de seguridad.<\/li>\n<li><strong>lugares p\u00fablicos<\/strong>:Ideal para monitorear y garantizar conexiones seguras en \u00e1reas p\u00fablicas o vulnerables.<\/li>\n<\/ul>\n<p><strong>El paquete contiene<\/strong>:<\/p>\n<ul>\n<li>Caja de conexiones Ajax<\/li>\n<li>Kit de montaje<\/li>\n<li>Gu\u00eda de inicio r\u00e1pido<\/li>\n<\/ul>\n<p><strong>Conclusi\u00f3n<\/strong>:Ajax JunctionBox ofrece una soluci\u00f3n eficiente y segura para instalar c\u00e1maras IP Ajax.<\/p>\n<p>Con su dise\u00f1o duradero, caracter\u00edsticas resistentes al agua y f\u00e1cil gesti\u00f3n de cables, es una opci\u00f3n confiable para las necesidades de seguridad privadas y comerciales.<\/p>","protected":false},"excerpt":{"rendered":"<p>Ajax JunctionBox es una caja de montaje duradera e impermeable para c\u00e1maras IP Ajax Bullet, Turret y MiniDome.<\/p>\n<p>Con clasificaci\u00f3n IP66, protege contra las influencias clim\u00e1ticas y ofrece una gesti\u00f3n segura de los cables.<\/p>","protected":false},"featured_media":151996,"template":"","meta":{"_acf_changed":false},"product_brand":[],"product_cat":[4011,3128],"product_tag":[4863],"class_list":{"0":"post-98373","1":"product","2":"type-product","3":"status-publish","4":"has-post-thumbnail","6":"product_cat-ajax-kameror","7":"product_cat-ajax-reservdelar-fasten","8":"product_tag-pf","9":"pa_brands-ajax-systems","10":"pa_farg-svart","11":"tm-no-options","13":"first","14":"instock","15":"sale","16":"taxable","17":"shipping-taxable","18":"purchasable","19":"product-type-simple"},"acf":[],"_links":{"self":[{"href":"https:\/\/secureus.se\/es\/wp-json\/wp\/v2\/product\/98373","targetHints":{"allow":["GET"]}}],"collection":[{"href":"https:\/\/secureus.se\/es\/wp-json\/wp\/v2\/product"}],"about":[{"href":"https:\/\/secureus.se\/es\/wp-json\/wp\/v2\/types\/product"}],"wp:featuredmedia":[{"embeddable":true,"href":"https:\/\/secureus.se\/es\/wp-json\/wp\/v2\/media\/151996"}],"wp:attachment":[{"href":"https:\/\/secureus.se\/es\/wp-json\/wp\/v2\/media?parent=98373"}],"wp:term":[{"taxonomy":"product_brand","embeddable":true,"href":"https:\/\/secureus.se\/es\/wp-json\/wp\/v2\/product_brand?post=98373"},{"taxonomy":"product_cat","embeddable":true,"href":"https:\/\/secureus.se\/es\/wp-json\/wp\/v2\/product_cat?post=98373"},{"taxonomy":"product_tag","embeddable":true,"href":"https:\/\/secureus.se\/es\/wp-json\/wp\/v2\/product_tag?post=98373"}],"curies":[{"name":"wp","href":"https:\/\/api.w.org\/{rel}","templated":true}]}}