{"id":98777,"date":"2024-09-27T15:02:49","date_gmt":"2024-09-27T13:02:49","guid":{"rendered":"https:\/\/secureus.se\/?post_type=product&#038;p=98777"},"modified":"2026-04-23T13:32:22","modified_gmt":"2026-04-23T11:32:22","slug":"switch-5-portars-gigabit-poe-switch-10-gbps","status":"publish","type":"product","link":"https:\/\/secureus.se\/es\/switch-5-portars-gigabit-poe-switch-10-gbps\/","title":{"rendered":"Conmutador PoE Gigabit de 5 puertos, 10 Gbps"},"content":{"rendered":"<p>Conmutador PoE Gigabit de 5 puertos, 10 Gbps<\/p>\n<div class=\"pd-overview-details pd-show-full-overview\">\n<div class=\"headernamehrnone\">El conmutador Gigabit PoE+ de 5 puertos de TRENDnet, modelo TPE-TG50g, entrega datos y energ\u00eda a trav\u00e9s de cables Ethernet existentes a dispositivos PoE (alimentaci\u00f3n a trav\u00e9s de Ethernet), como puntos de acceso y c\u00e1maras IP. Admite dispositivos PoE y PoE+ con un presupuesto de energ\u00eda PoE de 31 W. Este conmutador de metal compacto y resistente es f\u00e1cil de instalar para redes PoE confiables y de alta velocidad.<\/div>\n<div><\/div>\n<div class=\"row headername\">\n<div class=\"item-header rd-hyg-item-header\"><strong>Caracter\u00edsticas principales<\/strong><\/div>\n<div class=\"row\">\n<ul>\n<li>DISE\u00d1O DE ESCRITORIO: Con una carcasa de metal compacta y liviana, este conmutador Ethernet es ideal para instalaciones de escritorio.<\/li>\n<li>VELOCIDAD DE TRANSFERENCIA DE DATOS: Ethernet: 10 Mbps (semid\u00faplex), 20 Mbps (d\u00faplex completo) Fast Ethernet: 100 Mbps (semid\u00faplex), 200 Mbps (d\u00faplex completo) Gigabit: 2000 Mbps (d\u00faplex completo)<\/li>\n<li>PROTECCI\u00d3N DE POR VIDA DE TRENDnet: Garant\u00eda del fabricante de por vida de TRENDnet<\/li>\n<li>DISE\u00d1O DE ESCRITORIO: Con una carcasa de metal compacta y liviana, este conmutador Ethernet es ideal para instalaciones de escritorio.<\/li>\n<\/ul>\n<ul class=\"mainfeatureslist\">\n<li>VELOCIDAD DE TRANSFERENCIA DE DATOS: Ethernet: 10 Mbps (semid\u00faplex), 20 Mbps (d\u00faplex completo) Fast Ethernet: 100 Mbps (semid\u00faplex), 200 Mbps (d\u00faplex completo) Gigabit: 2000 Mbps (d\u00faplex completo)<\/li>\n<\/ul>\n<\/div>\n<\/div>\n<\/div>","protected":false},"excerpt":{"rendered":"<p>Conmutador PoE Gigabit TRENDnet TPE-TG50G de 5 puertos y 10 Gbps<\/p>","protected":false},"featured_media":136163,"template":"","meta":{"_acf_changed":false},"product_brand":[],"product_cat":[4148],"product_tag":[],"class_list":{"0":"post-98777","1":"product","2":"type-product","3":"status-publish","4":"has-post-thumbnail","6":"product_cat-poe-switchar","7":"pa_brands-trendnet","8":"tm-no-options","10":"first","11":"onbackorder","12":"sale","13":"taxable","14":"shipping-taxable","15":"purchasable","16":"product-type-simple"},"acf":[],"_links":{"self":[{"href":"https:\/\/secureus.se\/es\/wp-json\/wp\/v2\/product\/98777","targetHints":{"allow":["GET"]}}],"collection":[{"href":"https:\/\/secureus.se\/es\/wp-json\/wp\/v2\/product"}],"about":[{"href":"https:\/\/secureus.se\/es\/wp-json\/wp\/v2\/types\/product"}],"wp:featuredmedia":[{"embeddable":true,"href":"https:\/\/secureus.se\/es\/wp-json\/wp\/v2\/media\/136163"}],"wp:attachment":[{"href":"https:\/\/secureus.se\/es\/wp-json\/wp\/v2\/media?parent=98777"}],"wp:term":[{"taxonomy":"product_brand","embeddable":true,"href":"https:\/\/secureus.se\/es\/wp-json\/wp\/v2\/product_brand?post=98777"},{"taxonomy":"product_cat","embeddable":true,"href":"https:\/\/secureus.se\/es\/wp-json\/wp\/v2\/product_cat?post=98777"},{"taxonomy":"product_tag","embeddable":true,"href":"https:\/\/secureus.se\/es\/wp-json\/wp\/v2\/product_tag?post=98777"}],"curies":[{"name":"wp","href":"https:\/\/api.w.org\/{rel}","templated":true}]}}