{"id":98782,"date":"2024-09-27T15:02:51","date_gmt":"2024-09-27T13:02:51","guid":{"rendered":"https:\/\/secureus.se\/?post_type=product&#038;p=98782"},"modified":"2026-04-09T11:34:36","modified_gmt":"2026-04-09T09:34:36","slug":"switch-6-port-gigabit-ethernet-self-managed-switch-30w-poe-strom","status":"publish","type":"product","link":"https:\/\/secureus.se\/es\/switch-6-port-gigabit-ethernet-self-managed-switch-30w-poe-strom\/","title":{"rendered":"Conmutador Gigabit Ethernet autogestionable de 6 puertos con alimentaci\u00f3n PoE de 30 W"},"content":{"rendered":"<h1>Conmutador Gigabit Ethernet autogestionable de 6 puertos con alimentaci\u00f3n PoE de 30 W<\/h1>\n<div class=\"headernamehrnone\">Descubra la eficiencia del ComNet CNGE6FX2TX4PoE, un conmutador Gigabit Ethernet compacto de 6 puertos que mejora el rendimiento y la confiabilidad de su red. Este conmutador autogestionado cuenta con 2 puertos SFP FX y 4 puertos TX con 30 W de potencia PoE+, ideal para entornos de alta demanda. Incluye un conector de bloque de terminales para conexiones confiables y capacidades de configuraci\u00f3n r\u00e1pida para la expansi\u00f3n inmediata de la red. Disfrute de un suministro de energ\u00eda ininterrumpido con PoE, soporte avanzado de Capa 2 para operaciones seguras y un c\u00f3modo montaje en pared para mantener los espacios ordenados. Sus funciones de gesti\u00f3n garantizan un control y un rendimiento \u00f3ptimos, con velocidades hasta 10 veces m\u00e1s r\u00e1pidas que Ethernet est\u00e1ndar y soporte de fibra \u00f3ptica para un alcance extendido. \u00a1Actualice su configuraci\u00f3n de red hoy y experimente una conectividad perfecta!<\/div>\n<div class=\"row headername\">\n<div class=\"item-header rd-hyg-item-header\"><strong>Caracter\u00edsticas principales<\/strong><\/div>\n<div class=\"row\">\n<ul>\n<li>Crea tu propia LAN y conecta tu PC, port\u00e1til, impresora y otros perif\u00e9ricos mediante 4 puertos<\/li>\n<li>No necesita cables de alimentaci\u00f3n ni enchufes, el conmutador puede recibir energ\u00eda de la fuente PoE<\/li>\n<li>Con el soporte l\u00edder de Capa 2, obtiene mayor comodidad, operaciones comerciales seguras y una experiencia de red perfecta.<\/li>\n<li>La funci\u00f3n de montaje en pared le permite instalar f\u00e1cilmente el interruptor mientras mantiene los cables organizados.<\/li>\n<li>La funci\u00f3n de administraci\u00f3n proporciona control sobre la instalaci\u00f3n y configuraci\u00f3n de la red<\/li>\n<li>Hasta 10 veces m\u00e1s r\u00e1pido que la conectividad de servidor Ethernet est\u00e1ndar al tiempo que proporciona enlaces ascendentes de alto rendimiento<\/li>\n<li>Admite cable de fibra \u00f3ptica para distancias m\u00e1s largas y altas tasas de transferencia de datos entre servidores y componentes de red.<\/li>\n<li>Hasta 10 veces m\u00e1s r\u00e1pido que la conectividad de servidor Ethernet est\u00e1ndar al tiempo que proporciona enlaces ascendentes de alto rendimiento<\/li>\n<li>Admite cable de fibra \u00f3ptica para distancias m\u00e1s largas y altas tasas de transferencia de datos entre servidores y componentes de red.<\/li>\n<\/ul>\n<\/div>\n<\/div>","protected":false},"excerpt":{"rendered":"<p>Conmutador autogestionado ComNet CNGE6FX2TX4PoE de 6 puertos Gigabit Ethernet para montaje en superficie, 2 SFP FX, 4TX con alimentaci\u00f3n PoE de 30 W<\/p>","protected":false},"featured_media":136730,"template":"","meta":{"_acf_changed":false},"product_brand":[],"product_cat":[4148],"product_tag":[],"class_list":{"0":"post-98782","1":"product","2":"type-product","3":"status-publish","4":"has-post-thumbnail","6":"product_cat-poe-switchar","7":"pa_brands-ultratech","8":"tm-no-options","10":"first","11":"outofstock","12":"sale","13":"taxable","14":"shipping-taxable","15":"purchasable","16":"product-type-simple"},"acf":[],"_links":{"self":[{"href":"https:\/\/secureus.se\/es\/wp-json\/wp\/v2\/product\/98782","targetHints":{"allow":["GET"]}}],"collection":[{"href":"https:\/\/secureus.se\/es\/wp-json\/wp\/v2\/product"}],"about":[{"href":"https:\/\/secureus.se\/es\/wp-json\/wp\/v2\/types\/product"}],"wp:featuredmedia":[{"embeddable":true,"href":"https:\/\/secureus.se\/es\/wp-json\/wp\/v2\/media\/136730"}],"wp:attachment":[{"href":"https:\/\/secureus.se\/es\/wp-json\/wp\/v2\/media?parent=98782"}],"wp:term":[{"taxonomy":"product_brand","embeddable":true,"href":"https:\/\/secureus.se\/es\/wp-json\/wp\/v2\/product_brand?post=98782"},{"taxonomy":"product_cat","embeddable":true,"href":"https:\/\/secureus.se\/es\/wp-json\/wp\/v2\/product_cat?post=98782"},{"taxonomy":"product_tag","embeddable":true,"href":"https:\/\/secureus.se\/es\/wp-json\/wp\/v2\/product_tag?post=98782"}],"curies":[{"name":"wp","href":"https:\/\/api.w.org\/{rel}","templated":true}]}}