{"id":98784,"date":"2024-09-27T15:02:51","date_gmt":"2024-09-27T13:02:51","guid":{"rendered":"https:\/\/secureus.se\/?post_type=product&#038;p=98784"},"modified":"2026-04-23T13:30:46","modified_gmt":"2026-04-23T11:30:46","slug":"switch-axis-8-portars-industriell-poe-gigabitswitch-2-sfp-2-rj45-portar-240-w-rackmontering","status":"publish","type":"product","link":"https:\/\/secureus.se\/es\/switch-axis-8-portars-industriell-poe-gigabitswitch-2-sfp-2-rj45-portar-240-w-rackmontering\/","title":{"rendered":"Switch Axis de 8 puertos PoE industrial gigabit, 2 puertos SFP, 2 puertos RJ45, 240 W, montaje en rack"},"content":{"rendered":"<h1>Conmutador Gigabit PoE industrial de 8 puertos<\/h1>\n<h2>2 puertos SFP 2 RJ45 240 W, montaje en rack<\/h2>\n<div class=\"headernamehrnone\">El conmutador PoE industrial AXIS T8504-R es un conmutador Gigabit PoE++ industrial administrado de 4 puertos. Adem\u00e1s, el conmutador est\u00e1 equipado con dos puertos de datos RJ45 y dos SFP que permiten conectar dispositivos adicionales.&nbsp;<\/p>\n<p><b>Para instalaciones exigentes<\/b><\/p>\n<p>El robusto interruptor industrial est\u00e1 dise\u00f1ado para entornos exigentes cuando se monta dentro de un gabinete de vigilancia. Est\u00e1 dise\u00f1ado para soportar golpes, vibraciones y temperaturas de -40 \u00b0C a 75 \u00b0C (-40 \u00b0F a 167 \u00b0F), lo que lo hace perfecto para instalaciones muy exigentes, como a lo largo de carreteras y t\u00faneles.<\/p>\n<p><b>F\u00e1cil de instalar y configurar.<\/b><\/p>\n<p>El conmutador PoE industrial AXIS T8504-R es f\u00e1cil de instalar mediante herramientas AXIS est\u00e1ndar, como AXIS IP Utility y AXIS Device Manager. La AXIS T8504-R tambi\u00e9n viene con una contrase\u00f1a individual, un asistente de instalaci\u00f3n f\u00e1cil de usar y un conjunto completo de herramientas de configuraci\u00f3n, por ejemplo: un servidor DHCP integrado para la asignaci\u00f3n autom\u00e1tica de direcciones IP. Tambi\u00e9n permite configuraciones de red a\u00fan m\u00e1s avanzadas, como el protocolo de protecci\u00f3n de anillo r\u00e1pido, VLAN, QoS, seguridad y \u00e1rbol de expansi\u00f3n para optimizar a\u00fan m\u00e1s la soluci\u00f3n general.<\/p>\n<p><b>Visi\u00f3n general total con interfaz de usuario \u00fanica<\/b><\/p>\n<p>AXIS T8504-R utiliza la misma interfaz de administrador intuitiva que la serie de conmutadores de red PoE AXIS T85. La interfaz gr\u00e1fica de usuario \u00fanica ofrece una topolog\u00eda gr\u00e1fica para una f\u00e1cil descripci\u00f3n general de todos los dispositivos del sistema. La interfaz gr\u00e1fica de usuario proporciona informaci\u00f3n, estado y notificaciones sobre los dispositivos conectados. Permite la gesti\u00f3n de todos los dispositivos conectados, reiniciar c\u00e1maras en el sistema, monitorear el tr\u00e1fico de la red, diagnosticar cables y mucho m\u00e1s.<\/p>\n<\/div>\n<div class=\"row headername\">\n<div class=\"item-header rd-hyg-item-header\"><strong>Caracter\u00edsticas principales<\/strong><\/div>\n<div class=\"row\">\n<ul>\n<li>Alta disponibilidad con Rapid Ring<\/li>\n<li>Doble redundancia de CC<\/li>\n<li>Compatible con High PoE 60W<\/li>\n<\/ul>\n<\/div>\n<\/div>","protected":false},"excerpt":{"rendered":"<p>AXIS T8504-R T85 Series, conmutador Gigabit PoE industrial administrado de 8 puertos con 2 puertos SFP y 2 puertos RJ45, 240 W, montaje en rack<\/p>","protected":false},"featured_media":136347,"template":"","meta":{"_acf_changed":false},"product_brand":[],"product_cat":[4148],"product_tag":[],"class_list":{"0":"post-98784","1":"product","2":"type-product","3":"status-publish","4":"has-post-thumbnail","6":"product_cat-poe-switchar","7":"pa_brands-axis","8":"tm-no-options","10":"first","11":"onbackorder","12":"sale","13":"taxable","14":"shipping-taxable","15":"purchasable","16":"product-type-simple"},"acf":[],"_links":{"self":[{"href":"https:\/\/secureus.se\/es\/wp-json\/wp\/v2\/product\/98784","targetHints":{"allow":["GET"]}}],"collection":[{"href":"https:\/\/secureus.se\/es\/wp-json\/wp\/v2\/product"}],"about":[{"href":"https:\/\/secureus.se\/es\/wp-json\/wp\/v2\/types\/product"}],"wp:featuredmedia":[{"embeddable":true,"href":"https:\/\/secureus.se\/es\/wp-json\/wp\/v2\/media\/136347"}],"wp:attachment":[{"href":"https:\/\/secureus.se\/es\/wp-json\/wp\/v2\/media?parent=98784"}],"wp:term":[{"taxonomy":"product_brand","embeddable":true,"href":"https:\/\/secureus.se\/es\/wp-json\/wp\/v2\/product_brand?post=98784"},{"taxonomy":"product_cat","embeddable":true,"href":"https:\/\/secureus.se\/es\/wp-json\/wp\/v2\/product_cat?post=98784"},{"taxonomy":"product_tag","embeddable":true,"href":"https:\/\/secureus.se\/es\/wp-json\/wp\/v2\/product_tag?post=98784"}],"curies":[{"name":"wp","href":"https:\/\/api.w.org\/{rel}","templated":true}]}}