{"id":98796,"date":"2024-09-27T15:02:52","date_gmt":"2024-09-27T13:02:52","guid":{"rendered":"https:\/\/secureus.se\/?post_type=product&#038;p=98796"},"modified":"2026-04-01T15:57:53","modified_gmt":"2026-04-01T13:57:53","slug":"switch18-portars-gigabit-poe-switch-36-gbps","status":"publish","type":"product","link":"https:\/\/secureus.se\/es\/switch18-portars-gigabit-poe-switch-36-gbps\/","title":{"rendered":"Conmutador PoE Gigabit de 18 puertos y 36 Gbps"},"content":{"rendered":"<div>\n<div class=\"product-description\">\n<h1 class=\"product-title-description\">SwitchTRENDnet TPE-BG182G Gigabit de 18 puertos<\/h1>\n<h2 class=\"product-title-description\">Conmutador PoE, 36 Gbps<\/h2>\n<\/div>\n<\/div>\n<div class=\"product-sku\">\n<p class=\"item-num-mfg\">\u2022 8 puertos Gigabit PoE++ (hasta 95 W)<br \/>\n\u2022 8 puertos Gigabit PoE+ (hasta 30 W)<br \/>\n\u2022 2 ranuras SFP Gigabit<br \/>\n\u2022 Presupuesto de energ\u00eda PoE de 470 W<br \/>\n\u2022 Capacidad de conmutaci\u00f3n de 36 Gbps<br \/>\n\u2022 Fuente de alimentaci\u00f3n interna<br \/>\n\u2022 Carcasa met\u00e1lica robusta de 1U y 19\u201d para montaje en rack<\/p>\n<p class=\"item-num-mfg\">\nLos conmutadores Gigabit PoE++ no administrados de TRENDnet ofrecen un alto rendimiento de ancho de banda, facilidad de uso y confiabilidad.<\/p>\n<p class=\"item-num-mfg\">Tesis IEEE<br \/>\nLos conmutadores compatibles con 802.3bt cuentan con una robusta carcasa met\u00e1lica de 1U de 19&quot; montable en rack con soportes de montaje incluidos. Estos conmutadores de alta<br \/>\nLos conmutadores PoE++ tambi\u00e9n ofrecen ranuras SFP para aplicaciones de redes de fibra de larga distancia.<\/p>\n<p class=\"item-num-mfg\">\nLos instaladores e integradores pueden ahorrar en costos de equipos y reducir el tiempo de instalaci\u00f3n con el PoE++ de alta potencia no administrado de TRENDnet.<br \/>\nConmutadores que suministran hasta 95 W por puerto de energ\u00eda y datos PoE++ a trav\u00e9s de cables Ethernet existentes.<\/p>\n<p class=\"item-num-mfg\">Conecte f\u00e1cilmente en red dispositivos PoE como<br \/>\ncomo puntos de acceso inal\u00e1mbricos de alta potencia, c\u00e1maras PTZ, se\u00f1alizaci\u00f3n digital, decodificadores de IPTV, controles de acceso y m\u00e1s con estos de alta<br \/>\nConmutadores de alimentaci\u00f3n PoE++.<\/p>\n<p><span class=\"erpnumber-divider\">|<\/span><\/p>\n<p class=\"item-num-sku\">\n<\/div>","protected":false},"excerpt":{"rendered":"<p>Conmutador PoE Gigabit TRENDnet TPE-BG182G de 18 puertos y 36 Gbps<\/p>","protected":false},"featured_media":135950,"template":"","meta":{"_acf_changed":false},"product_brand":[],"product_cat":[4148],"product_tag":[],"class_list":{"0":"post-98796","1":"product","2":"type-product","3":"status-publish","4":"has-post-thumbnail","6":"product_cat-poe-switchar","7":"pa_brands-trendnet","8":"tm-no-options","10":"first","11":"onbackorder","12":"sale","13":"taxable","14":"shipping-taxable","15":"purchasable","16":"product-type-simple"},"acf":[],"_links":{"self":[{"href":"https:\/\/secureus.se\/es\/wp-json\/wp\/v2\/product\/98796","targetHints":{"allow":["GET"]}}],"collection":[{"href":"https:\/\/secureus.se\/es\/wp-json\/wp\/v2\/product"}],"about":[{"href":"https:\/\/secureus.se\/es\/wp-json\/wp\/v2\/types\/product"}],"wp:featuredmedia":[{"embeddable":true,"href":"https:\/\/secureus.se\/es\/wp-json\/wp\/v2\/media\/135950"}],"wp:attachment":[{"href":"https:\/\/secureus.se\/es\/wp-json\/wp\/v2\/media?parent=98796"}],"wp:term":[{"taxonomy":"product_brand","embeddable":true,"href":"https:\/\/secureus.se\/es\/wp-json\/wp\/v2\/product_brand?post=98796"},{"taxonomy":"product_cat","embeddable":true,"href":"https:\/\/secureus.se\/es\/wp-json\/wp\/v2\/product_cat?post=98796"},{"taxonomy":"product_tag","embeddable":true,"href":"https:\/\/secureus.se\/es\/wp-json\/wp\/v2\/product_tag?post=98796"}],"curies":[{"name":"wp","href":"https:\/\/api.w.org\/{rel}","templated":true}]}}