{"id":98804,"date":"2024-09-27T15:02:52","date_gmt":"2024-09-27T13:02:52","guid":{"rendered":"https:\/\/secureus.se\/?post_type=product&#038;p=98804"},"modified":"2026-04-23T13:30:41","modified_gmt":"2026-04-23T11:30:41","slug":"switch-ultratech-9-portars-gigabit-8-xpoe-130w","status":"publish","type":"product","link":"https:\/\/secureus.se\/es\/switch-ultratech-9-portars-gigabit-8-xpoe-130w\/","title":{"rendered":"Conmutador Ultratech de 9 puertos Gigabit 8 xPoE de 130 W"},"content":{"rendered":"<h1>Conmutador Ultratech 0E-9P8POEGIG de 9 puertos<\/h1>\n<h2>Conmutador Gigabit con 8 PoE, 130 W<\/h2>\n<div class=\"headernamehrnone\">\n<p>El conmutador PoE Gigabit de 9 puertos\/8 PoE est\u00e1 completamente integrado para soportar el monitoreo de seguridad, brinda reenv\u00edo r\u00e1pido de paquetes, as\u00ed como velocidades de transmisi\u00f3n Ethernet r\u00e1pidas al utilizar el ancho de banda apropiado para garantizar im\u00e1genes claras\/transmisi\u00f3n fluida y suficiente ancho de banda para video de alta definici\u00f3n.<\/p>\n<\/div>\n<div class=\"row headername\">\n<div class=\"item-header rd-hyg-item-header\"><strong>Caracter\u00edsticas principales<\/strong><\/div>\n<div class=\"row\">\n<ul>\n<li>8 puertos PoE de 10\/100\/1000 Mbps<\/li>\n<li>1 puerto de 10\/100\/1000 Mbps<\/li>\n<li>F\u00e1cil instalaci\u00f3n: Plug and Play<\/li>\n<li>Presupuesto PoE de 130 W<\/li>\n<li>Capacidad de conmutaci\u00f3n: 18 Gbps<\/li>\n<li>Estado del puerto: indicador LED<\/li>\n<li>Interruptor de eficiencia energ\u00e9tica<\/li>\n<li>Garant\u00eda: limitada de por vida<\/li>\n<\/ul>\n<\/div>\n<\/div>","protected":false},"excerpt":{"rendered":"<p>Conmutador Gigabit Ultratech 0E-9P8POEGIG de 9 puertos con 8 PoE y 130 W<\/p>","protected":false},"featured_media":135928,"template":"","meta":{"_acf_changed":false},"product_brand":[],"product_cat":[4148],"product_tag":[],"class_list":{"0":"post-98804","1":"product","2":"type-product","3":"status-publish","4":"has-post-thumbnail","6":"product_cat-poe-switchar","7":"pa_brands-ultratech","8":"tm-no-options","10":"first","11":"onbackorder","12":"taxable","13":"shipping-taxable","14":"purchasable","15":"product-type-simple"},"acf":[],"_links":{"self":[{"href":"https:\/\/secureus.se\/es\/wp-json\/wp\/v2\/product\/98804","targetHints":{"allow":["GET"]}}],"collection":[{"href":"https:\/\/secureus.se\/es\/wp-json\/wp\/v2\/product"}],"about":[{"href":"https:\/\/secureus.se\/es\/wp-json\/wp\/v2\/types\/product"}],"wp:featuredmedia":[{"embeddable":true,"href":"https:\/\/secureus.se\/es\/wp-json\/wp\/v2\/media\/135928"}],"wp:attachment":[{"href":"https:\/\/secureus.se\/es\/wp-json\/wp\/v2\/media?parent=98804"}],"wp:term":[{"taxonomy":"product_brand","embeddable":true,"href":"https:\/\/secureus.se\/es\/wp-json\/wp\/v2\/product_brand?post=98804"},{"taxonomy":"product_cat","embeddable":true,"href":"https:\/\/secureus.se\/es\/wp-json\/wp\/v2\/product_cat?post=98804"},{"taxonomy":"product_tag","embeddable":true,"href":"https:\/\/secureus.se\/es\/wp-json\/wp\/v2\/product_tag?post=98804"}],"curies":[{"name":"wp","href":"https:\/\/api.w.org\/{rel}","templated":true}]}}