{"id":98846,"date":"2024-09-30T14:44:49","date_gmt":"2024-09-30T12:44:49","guid":{"rendered":"https:\/\/secureus.se\/system-sensor-22051e-46-iv-optisk-analog-detektor-i-avancerad-serie\/"},"modified":"2026-04-09T11:33:00","modified_gmt":"2026-04-09T09:33:00","slug":"system-sensor-22051e-46-iv-optisk-analog-detektor-i-avancerad-serie","status":"publish","type":"product","link":"https:\/\/secureus.se\/es\/system-sensor-22051e-46-iv-optisk-analog-detektor-i-avancerad-serie\/","title":{"rendered":"Sensor del sistema detector de humo 22051E-46-IV \u00f3ptico anal\u00f3gico"},"content":{"rendered":"<div class=\"headernamehrnone\">\n<p>El detector de humo fotoel\u00e9ctrico 22051E\/EI presenta un dise\u00f1o de c\u00e1mara de detecci\u00f3n completamente nuevo, resultado de muchos a\u00f1os de investigaci\u00f3n y dise\u00f1o de System Sensor. Esto proporciona una respuesta mejorada, reduce los cambios de sensibilidad causados por el polvo y reduce las falsas alarmas debido a la intrusi\u00f3n de insectos y otros residuos. El dispositivo enchufable utiliza circuitos de procesamiento sofisticados que incluyen filtros de suavizado para eliminar condiciones de ruido ambiental transitorio que pueden ser la causa de alarmas no deseadas. Los dispositivos est\u00e1n controlados por un software integrado que ejecuta algoritmos complejos que mejoran a\u00fan m\u00e1s la resistencia a las falsas alarmas y aumentan la velocidad de detecci\u00f3n.<\/p>\n<\/div>\n<div class=\"row headername\">\n<h5 class=\"item-header rd-hyg-item-header\"><strong>Caracter\u00edsticas principales<\/strong><\/h5>\n<div class=\"row\">\n<ul>\n<li>Incluye protocolo avanzado Serie 200<\/li>\n<li>Disponible con o sin aislamiento de cortocircuito unipolar con control de estado<\/li>\n<li>LED tricolor con los colores rojo, verde y amarillo<\/li>\n<li>Cambio de direcci\u00f3n de d\u00e9cada rotatoria<\/li>\n<li>Color blanco puro que se adapta a los edificios modernos.<\/li>\n<li>Compatibilidad con versiones anteriores mec\u00e1nicas y el\u00e9ctricas del modelo 100%<\/li>\n<li>Nuevo dise\u00f1o de base que complementa el detector.<\/li>\n<\/ul>\n<\/div>\n<\/div>\n<div><\/div>","protected":false},"excerpt":{"rendered":"<ul class=\"mainfeatureslist\">\n<li>Incluye protocolo avanzado Serie 200<\/li>\n<li>Disponible con o sin aislamiento de cortocircuito unipolar con control de estado<\/li>\n<li>LED tricolor con los colores rojo, verde y amarillo<\/li>\n<\/ul>\n<p><strong>Reemplaza 2251EM<\/strong><\/p>","protected":false},"featured_media":136646,"template":"","meta":{"_acf_changed":false},"product_brand":[],"product_cat":[4753],"product_tag":[],"class_list":{"0":"post-98846","1":"product","2":"type-product","3":"status-publish","4":"has-post-thumbnail","6":"product_cat-200-serien","7":"pa_brands-system-sensor","8":"tm-no-options","10":"first","11":"instock","12":"taxable","13":"shipping-taxable","14":"purchasable","15":"product-type-simple"},"acf":[],"_links":{"self":[{"href":"https:\/\/secureus.se\/es\/wp-json\/wp\/v2\/product\/98846","targetHints":{"allow":["GET"]}}],"collection":[{"href":"https:\/\/secureus.se\/es\/wp-json\/wp\/v2\/product"}],"about":[{"href":"https:\/\/secureus.se\/es\/wp-json\/wp\/v2\/types\/product"}],"wp:featuredmedia":[{"embeddable":true,"href":"https:\/\/secureus.se\/es\/wp-json\/wp\/v2\/media\/136646"}],"wp:attachment":[{"href":"https:\/\/secureus.se\/es\/wp-json\/wp\/v2\/media?parent=98846"}],"wp:term":[{"taxonomy":"product_brand","embeddable":true,"href":"https:\/\/secureus.se\/es\/wp-json\/wp\/v2\/product_brand?post=98846"},{"taxonomy":"product_cat","embeddable":true,"href":"https:\/\/secureus.se\/es\/wp-json\/wp\/v2\/product_cat?post=98846"},{"taxonomy":"product_tag","embeddable":true,"href":"https:\/\/secureus.se\/es\/wp-json\/wp\/v2\/product_tag?post=98846"}],"curies":[{"name":"wp","href":"https:\/\/api.w.org\/{rel}","templated":true}]}}