{"id":99616,"date":"2024-10-15T13:31:41","date_gmt":"2024-10-15T11:31:41","guid":{"rendered":"https:\/\/secureus.se\/varmedetektor-4351e-a-system-sensor-78c-konventionell-s300-termisk-detektor-med-fast-temperatur\/"},"modified":"2026-04-17T12:25:12","modified_gmt":"2026-04-17T10:25:12","slug":"varmedetektor-4351e-a-system-sensor-78c-konventionell-s300-termisk-detektor-med-fast-temperatur","status":"publish","type":"product","link":"https:\/\/secureus.se\/es\/varmedetektor-4351e-a-system-sensor-78c-konventionell-s300-termisk-detektor-med-fast-temperatur\/","title":{"rendered":"Detector de calor 4351E-A Sensor de sistema 78 \u00b0C \u2013 Detector t\u00e9rmico de temperatura fija convencional S300"},"content":{"rendered":"<h1>Detector de calor 4351E-A Sensor de sistema 78 \u00b0C \u2013 Detector t\u00e9rmico de temperatura fija convencional S300<\/h1>\n<p class=\"\" data-start=\"565\" data-end=\"867\">El System Sensor 4351E-A es un detector t\u00e9rmico convencional que forma parte de la serie S300 y ofrece una soluci\u00f3n confiable para la detecci\u00f3n de incendios en entornos con cambios r\u00e1pidos de temperatura.<\/p>\n<p class=\"\" data-start=\"565\" data-end=\"867\">Con una temperatura fija de 78 \u00b0C, este detector reacciona r\u00e1pidamente al fuego y a los cambios de temperatura.<\/p>\n<p class=\"\" data-start=\"869\" data-end=\"1178\">El detector est\u00e1 equipado con un elemento t\u00e9rmico avanzado y un circuito integrado espec\u00edfico de la aplicaci\u00f3n (ASIC) para garantizar una detecci\u00f3n precisa y r\u00e1pida.<\/p>\n<p class=\"\" data-start=\"869\" data-end=\"1178\">Para reducir el riesgo de falsas alarmas entre visitas de mantenimiento, el detector tambi\u00e9n est\u00e1 equipado con una c\u00e1mara resistente al polvo con un rendimiento de detecci\u00f3n \u00f3ptimo.<\/p>\n<p class=\"\" data-start=\"1180\" data-end=\"1510\">Un indicador LED de dos colores muestra el estado del detector (verde para funcionamiento normal, rojo para alarma).<\/p>\n<p class=\"\" data-start=\"1180\" data-end=\"1510\">Para un mantenimiento a\u00fan m\u00e1s sencillo, se puede utilizar junto con un dispositivo de prueba port\u00e1til que permite la programaci\u00f3n y prueba remota del detector.<\/p>\n<p class=\"\" data-start=\"1180\" data-end=\"1510\">Es compatible con versiones anteriores de las bases de la Serie 100 y tiene un amplio voltaje operativo de 8 a 30 VCC.<\/p>","protected":false},"excerpt":{"rendered":"<p>El 4351E-A es un detector t\u00e9rmico de calor con una temperatura fija de 78 \u00b0C, que ofrece una detecci\u00f3n de incendios r\u00e1pida y precisa a trav\u00e9s de niveles de temperatura y cambios de temperatura.<\/p>\n<p>Es ideal para utilizar en entornos con cambios r\u00e1pidos de temperatura.<\/p>","protected":false},"featured_media":136108,"template":"","meta":{"_acf_changed":false},"product_brand":[],"product_cat":[4754,4157],"product_tag":[],"class_list":{"0":"post-99616","1":"product","2":"type-product","3":"status-publish","4":"has-post-thumbnail","6":"product_cat-system-sensor-300-serien","7":"product_cat-varmedetektor","8":"pa_brands-system-sensor","9":"tm-no-options","11":"first","12":"instock","13":"taxable","14":"shipping-taxable","15":"purchasable","16":"product-type-simple"},"acf":[],"_links":{"self":[{"href":"https:\/\/secureus.se\/es\/wp-json\/wp\/v2\/product\/99616","targetHints":{"allow":["GET"]}}],"collection":[{"href":"https:\/\/secureus.se\/es\/wp-json\/wp\/v2\/product"}],"about":[{"href":"https:\/\/secureus.se\/es\/wp-json\/wp\/v2\/types\/product"}],"wp:featuredmedia":[{"embeddable":true,"href":"https:\/\/secureus.se\/es\/wp-json\/wp\/v2\/media\/136108"}],"wp:attachment":[{"href":"https:\/\/secureus.se\/es\/wp-json\/wp\/v2\/media?parent=99616"}],"wp:term":[{"taxonomy":"product_brand","embeddable":true,"href":"https:\/\/secureus.se\/es\/wp-json\/wp\/v2\/product_brand?post=99616"},{"taxonomy":"product_cat","embeddable":true,"href":"https:\/\/secureus.se\/es\/wp-json\/wp\/v2\/product_cat?post=99616"},{"taxonomy":"product_tag","embeddable":true,"href":"https:\/\/secureus.se\/es\/wp-json\/wp\/v2\/product_tag?post=99616"}],"curies":[{"name":"wp","href":"https:\/\/api.w.org\/{rel}","templated":true}]}}