{"id":99623,"date":"2024-10-15T13:27:28","date_gmt":"2024-10-15T11:27:28","guid":{"rendered":"https:\/\/secureus.se\/varmedetektor-5351te-a-system-sensor-58c-konventionell-fast-temperaturdetektor-klass-a2s\/"},"modified":"2026-04-23T13:31:22","modified_gmt":"2026-04-23T11:31:22","slug":"varmedetektor-5351te-a-system-sensor-58c-konventionell-fast-temperaturdetektor-klass-a2s","status":"publish","type":"product","link":"https:\/\/secureus.se\/es\/varmedetektor-5351te-a-system-sensor-58c-konventionell-fast-temperaturdetektor-klass-a2s\/","title":{"rendered":"Detector de calor 5351TE-A Sensor de sistema 58 \u00b0C \u2013 Detector de temperatura fija convencional \u2013 Clase A2S"},"content":{"rendered":"<h1 class=\"headernamehrnone\">Detector de calor 5351TE-A Sensor de sistema 58 \u00b0C \u2013 Detector de temperatura fija convencional \u2013 Clase A2S<\/h1>\n<p class=\"\" data-start=\"544\" data-end=\"923\">El sensor de sistema 5351TE-A es un detector de temperatura fija convencional confiable que forma parte de la avanzada serie 300. Con una temperatura fija de 58\u00b0C, reacciona r\u00e1pidamente al fuego o a los cambios de temperatura.<\/p>\n<p class=\"\" data-start=\"544\" data-end=\"923\">Esto lo hace particularmente \u00fatil en entornos con altos niveles de contaminantes en el aire, como cocinas o salas de calderas, donde los detectores de humo dar\u00edan falsas alarmas.<\/p>\n<p class=\"\" data-start=\"925\" data-end=\"1326\">El 5351TE-A est\u00e1 equipado con un circuito integrado espec\u00edfico de la aplicaci\u00f3n (ASIC) y la \u00faltima tecnolog\u00eda de elementos t\u00e9rmicos para proporcionar una detecci\u00f3n de incendios precisa y eficiente.<\/p>\n<p class=\"\" data-start=\"925\" data-end=\"1326\">El detector tiene un indicador LED de dos colores que muestra el estado del detector (verde para funcionamiento normal, rojo para alarma).<\/p>\n<p class=\"\" data-start=\"925\" data-end=\"1326\">Tambi\u00e9n tiene sensibilidad programable y una funci\u00f3n de prueba remota, lo que hace que el mantenimiento sea f\u00e1cil y eficiente.<\/p>\n<p data-start=\"925\" data-end=\"1326\">Con un voltaje de funcionamiento de 8 a 30 VCC y bajo consumo de energ\u00eda, este detector es una opci\u00f3n rentable y sostenible.<\/p>\n<p data-start=\"925\" data-end=\"1326\">Es compatible con versiones anteriores de las bases de la Serie 100 y tiene funciones de mantenimiento avanzadas a las que se puede acceder a trav\u00e9s de un dispositivo de prueba port\u00e1til.<\/p>","protected":false},"excerpt":{"rendered":"<p>El 5351TE-A es un detector de temperatura fija convencional con una temperatura de funcionamiento de 58 \u00b0C, ideal para entornos como cocinas o salas de calderas donde los detectores de humo no son adecuados.<\/p>\n<p>Tiene bajo consumo de energ\u00eda y sensibilidad programable.<\/p>","protected":false},"featured_media":137352,"template":"","meta":{"_acf_changed":false},"product_brand":[],"product_cat":[4754,4157],"product_tag":[],"class_list":{"0":"post-99623","1":"product","2":"type-product","3":"status-publish","4":"has-post-thumbnail","6":"product_cat-system-sensor-300-serien","7":"product_cat-varmedetektor","8":"pa_brands-system-sensor","9":"tm-no-options","11":"first","12":"onbackorder","13":"sale","14":"taxable","15":"shipping-taxable","16":"purchasable","17":"product-type-simple"},"acf":[],"_links":{"self":[{"href":"https:\/\/secureus.se\/es\/wp-json\/wp\/v2\/product\/99623","targetHints":{"allow":["GET"]}}],"collection":[{"href":"https:\/\/secureus.se\/es\/wp-json\/wp\/v2\/product"}],"about":[{"href":"https:\/\/secureus.se\/es\/wp-json\/wp\/v2\/types\/product"}],"wp:featuredmedia":[{"embeddable":true,"href":"https:\/\/secureus.se\/es\/wp-json\/wp\/v2\/media\/137352"}],"wp:attachment":[{"href":"https:\/\/secureus.se\/es\/wp-json\/wp\/v2\/media?parent=99623"}],"wp:term":[{"taxonomy":"product_brand","embeddable":true,"href":"https:\/\/secureus.se\/es\/wp-json\/wp\/v2\/product_brand?post=99623"},{"taxonomy":"product_cat","embeddable":true,"href":"https:\/\/secureus.se\/es\/wp-json\/wp\/v2\/product_cat?post=99623"},{"taxonomy":"product_tag","embeddable":true,"href":"https:\/\/secureus.se\/es\/wp-json\/wp\/v2\/product_tag?post=99623"}],"curies":[{"name":"wp","href":"https:\/\/api.w.org\/{rel}","templated":true}]}}