{"id":99791,"date":"2024-10-17T11:47:39","date_gmt":"2024-10-17T09:47:39","guid":{"rendered":"https:\/\/secureus.se\/?post_type=product&#038;p=99791"},"modified":"2026-04-08T15:33:13","modified_gmt":"2026-04-08T13:33:13","slug":"splitpinne-520h-43mm","status":"publish","type":"product","link":"https:\/\/secureus.se\/es\/splitpinne-520h-43mm\/","title":{"rendered":"Pasador partido 520H 43 mm"},"content":{"rendered":"<div>\n<p>ASSA ABLOY 520H es un pasador de presi\u00f3n medio utilizado para carcasas de cerraduras el\u00e9ctricas y mec\u00e1nicas con funci\u00f3n de husillo dividido. Tambi\u00e9n se utiliza en accesorios de evacuaci\u00f3n de emergencia 179A, 179B, 179E, 179F, 179G y 179J.<\/p>\n<p><b>Caracter\u00edsticas:<\/b><\/p>\n<ul>\n<li>Di\u00e1metro: 8\u00d78 mm<\/li>\n<li>Longitud: 43 mm<\/li>\n<li>Viene con un resorte para mantener el pasador apretado en la carcasa de la cerradura.<\/li>\n<\/ul>\n<\/div>","protected":false},"excerpt":{"rendered":"<p>ASSA ABLOY 520H es un pasador de presi\u00f3n medio utilizado para carcasas de cerraduras el\u00e9ctricas y mec\u00e1nicas con funci\u00f3n de husillo dividido. Tambi\u00e9n se utiliza en accesorios de evacuaci\u00f3n de emergencia 179A, 179B, 179E, 179F, 179G y 179J. Caracter\u00edsticas: Di\u00e1metro: 8\u00d78<\/p>","protected":false},"featured_media":136225,"template":"","meta":{"_acf_changed":false},"product_brand":[],"product_cat":[4176],"product_tag":[],"class_list":{"0":"post-99791","1":"product","2":"type-product","3":"status-publish","4":"has-post-thumbnail","6":"product_cat-tillbehor-dorrhandtag","7":"product_shipping_class-postnord-varubrev","8":"pa_brands-abloy","9":"tm-no-options","11":"first","12":"instock","13":"taxable","14":"shipping-taxable","15":"purchasable","16":"product-type-simple"},"acf":[],"_links":{"self":[{"href":"https:\/\/secureus.se\/es\/wp-json\/wp\/v2\/product\/99791","targetHints":{"allow":["GET"]}}],"collection":[{"href":"https:\/\/secureus.se\/es\/wp-json\/wp\/v2\/product"}],"about":[{"href":"https:\/\/secureus.se\/es\/wp-json\/wp\/v2\/types\/product"}],"wp:featuredmedia":[{"embeddable":true,"href":"https:\/\/secureus.se\/es\/wp-json\/wp\/v2\/media\/136225"}],"wp:attachment":[{"href":"https:\/\/secureus.se\/es\/wp-json\/wp\/v2\/media?parent=99791"}],"wp:term":[{"taxonomy":"product_brand","embeddable":true,"href":"https:\/\/secureus.se\/es\/wp-json\/wp\/v2\/product_brand?post=99791"},{"taxonomy":"product_cat","embeddable":true,"href":"https:\/\/secureus.se\/es\/wp-json\/wp\/v2\/product_cat?post=99791"},{"taxonomy":"product_tag","embeddable":true,"href":"https:\/\/secureus.se\/es\/wp-json\/wp\/v2\/product_tag?post=99791"}],"curies":[{"name":"wp","href":"https:\/\/api.w.org\/{rel}","templated":true}]}}