{"id":99890,"date":"2024-10-17T11:47:37","date_gmt":"2024-10-17T09:47:37","guid":{"rendered":"https:\/\/secureus.se\/?post_type=product&#038;p=99890"},"modified":"2026-04-23T11:59:41","modified_gmt":"2026-04-23T09:59:41","slug":"kopplingsbricka-4058-35","status":"publish","type":"product","link":"https:\/\/secureus.se\/es\/kopplingsbricka-4058-35\/","title":{"rendered":"Arandela de embrague 4058\/35"},"content":{"rendered":"<p>\nASSA ABLOY 4058\/35 es una placa de conexi\u00f3n para una puerta francesa con falleba con cerradura y hoja conectada.<\/p>\n<p><b>Caracter\u00edsticas:<\/b><br \/>\n<\/p>\n<ul>\n<li>Longitud del pasador 35 mm.<\/li>\n<li>Transferir la funci\u00f3n del cilindro exterior a la falleba. <\/li>\n<li>Tambi\u00e9n funciona como contraarandela para los tornillos del cilindro externo.<\/li>\n<li>Portador de lat\u00f3n<\/li>\n<li>Arandela de acero cincado<\/li>\n<\/ul>\n<div><\/div>","protected":false},"excerpt":{"rendered":"<p>ASSA ABLOY 4058\/35 \u00e4r en kopplingsbricka till f\u00f6nsterd\u00f6rr med l\u00e5sbar spanjolett och kopplad b\u00e5ge. Egenskaper: Sprintl\u00e4ngd 35 mm. \u00d6verf\u00f6r den utv\u00e4ndiga cylinderns funktion till spanjoletten. Fungerar ocks\u00e5 som moth\u00e5llsbricka f\u00f6r<\/p>","protected":false},"featured_media":136118,"template":"","meta":{"_acf_changed":false},"product_brand":[],"product_cat":[4177],"product_tag":[],"class_list":{"0":"post-99890","1":"product","2":"type-product","3":"status-publish","4":"has-post-thumbnail","6":"product_cat-tillbehor-spanjoletthandtag","7":"product_shipping_class-postnord-varubrev","8":"pa_brands-abloy","9":"tm-no-options","11":"first","12":"instock","13":"taxable","14":"shipping-taxable","15":"purchasable","16":"product-type-simple"},"acf":[],"_links":{"self":[{"href":"https:\/\/secureus.se\/es\/wp-json\/wp\/v2\/product\/99890","targetHints":{"allow":["GET"]}}],"collection":[{"href":"https:\/\/secureus.se\/es\/wp-json\/wp\/v2\/product"}],"about":[{"href":"https:\/\/secureus.se\/es\/wp-json\/wp\/v2\/types\/product"}],"wp:featuredmedia":[{"embeddable":true,"href":"https:\/\/secureus.se\/es\/wp-json\/wp\/v2\/media\/136118"}],"wp:attachment":[{"href":"https:\/\/secureus.se\/es\/wp-json\/wp\/v2\/media?parent=99890"}],"wp:term":[{"taxonomy":"product_brand","embeddable":true,"href":"https:\/\/secureus.se\/es\/wp-json\/wp\/v2\/product_brand?post=99890"},{"taxonomy":"product_cat","embeddable":true,"href":"https:\/\/secureus.se\/es\/wp-json\/wp\/v2\/product_cat?post=99890"},{"taxonomy":"product_tag","embeddable":true,"href":"https:\/\/secureus.se\/es\/wp-json\/wp\/v2\/product_tag?post=99890"}],"curies":[{"name":"wp","href":"https:\/\/api.w.org\/{rel}","templated":true}]}}