{"id":99904,"date":"2024-10-17T11:47:38","date_gmt":"2024-10-17T09:47:38","guid":{"rendered":"https:\/\/secureus.se\/?post_type=product&#038;p=99904"},"modified":"2026-04-08T15:34:33","modified_gmt":"2026-04-08T13:34:33","slug":"handtagskoppling-833-30","status":"publish","type":"product","link":"https:\/\/secureus.se\/es\/handtagskoppling-833-30\/","title":{"rendered":"Acoplamiento de manija 833-30"},"content":{"rendered":"<p>\nASSA ABLOY 833 es un acoplamiento de manija para puertas francesas que deben tener manijas en ambos lados. Para arco simple. El embrague se romper\u00e1 si el mango exterior se sobrecarga cuando el mango interior est\u00e1 bloqueado. Con ello se desactiva el mango exterior. Una protecci\u00f3n eficaz contra robos.<\/p>\n<div><b><br \/><\/b><\/div>\n<div><b>Caracter\u00edsticas:<\/b><\/p>\n<ul>\n<li>Di\u00e1metro: \u00d8 16 mm<\/li>\n<li>Longitud: 30 mm<\/li>\n<li>Se adapta a mangos con pasador de 8 mm.<\/li>\n<\/ul>\n<p><\/div>","protected":false},"excerpt":{"rendered":"<p>ASSA ABLOY 833 \u00e4r en handtagskoppling f\u00f6r f\u00f6nsterd\u00f6rr som skall ha handtag p\u00e5 b\u00e5da sidor. F\u00f6r enkel b\u00e5ge. Kopplingen brister om ytterhandtaget \u00f6verbelastas n\u00e4r innerhandtaget \u00e4r sp\u00e4rrat. Ytterhandtaget s\u00e4tts h\u00e4rigenom<\/p>","protected":false},"featured_media":136828,"template":"","meta":{"_acf_changed":false},"product_brand":[],"product_cat":[4177],"product_tag":[],"class_list":{"0":"post-99904","1":"product","2":"type-product","3":"status-publish","4":"has-post-thumbnail","6":"product_cat-tillbehor-spanjoletthandtag","7":"product_shipping_class-postnord-varubrev","8":"pa_brands-abloy","9":"tm-no-options","11":"first","12":"instock","13":"taxable","14":"shipping-taxable","15":"purchasable","16":"product-type-simple"},"acf":[],"_links":{"self":[{"href":"https:\/\/secureus.se\/es\/wp-json\/wp\/v2\/product\/99904","targetHints":{"allow":["GET"]}}],"collection":[{"href":"https:\/\/secureus.se\/es\/wp-json\/wp\/v2\/product"}],"about":[{"href":"https:\/\/secureus.se\/es\/wp-json\/wp\/v2\/types\/product"}],"wp:featuredmedia":[{"embeddable":true,"href":"https:\/\/secureus.se\/es\/wp-json\/wp\/v2\/media\/136828"}],"wp:attachment":[{"href":"https:\/\/secureus.se\/es\/wp-json\/wp\/v2\/media?parent=99904"}],"wp:term":[{"taxonomy":"product_brand","embeddable":true,"href":"https:\/\/secureus.se\/es\/wp-json\/wp\/v2\/product_brand?post=99904"},{"taxonomy":"product_cat","embeddable":true,"href":"https:\/\/secureus.se\/es\/wp-json\/wp\/v2\/product_cat?post=99904"},{"taxonomy":"product_tag","embeddable":true,"href":"https:\/\/secureus.se\/es\/wp-json\/wp\/v2\/product_tag?post=99904"}],"curies":[{"name":"wp","href":"https:\/\/api.w.org\/{rel}","templated":true}]}}