{"id":99933,"date":"2024-10-17T11:47:39","date_gmt":"2024-10-17T09:47:39","guid":{"rendered":"https:\/\/secureus.se\/?post_type=product&#038;p=99933"},"modified":"2026-04-23T11:58:52","modified_gmt":"2026-04-23T09:58:52","slug":"sakerhetsanordning-805-8x43-krom","status":"publish","type":"product","link":"https:\/\/secureus.se\/es\/sakerhetsanordning-805-8x43-krom\/","title":{"rendered":"Dispositivo de seguridad 805 8\u00d743 Cromo"},"content":{"rendered":"<div>ASA ABLOY 805 es un dispositivo de seguridad que se utiliza en lugar de manijas en ventanas, puertas francesas y puertas de gabinetes con falleba, donde se desea seguridad para ni\u00f1os o protecci\u00f3n contra apertura no autorizada. Adecuado para escaleras, pasillos, hospitales, residencias de ni\u00f1os o similares. Homologado como dispositivo de seguridad a prueba de ni\u00f1os. Alrededor del pasador triangular hay una arandela de bloqueo con resorte. Esto debe presionarse en una posici\u00f3n precisa para que el pasador pueda girar y afectar la falleba.<\/p>\n<div><\/div>\n<div><b>Caracter\u00edsticas:<\/b><\/p>\n<ul>\n<li>Homologado como dispositivo de seguridad a prueba de ni\u00f1os.<\/li>\n<li>Mango a juego 811<\/li>\n<li>Pasador 8x 23\/33\/43\/53 mm fabricado en acero endurecido. (Nota: dif\u00edcil de cortar).<\/li>\n<li>Tambi\u00e9n disponible con pasador de 7 mm.<\/li>\n<li>Pestillos fabricados en metal zamak cromado.<\/li>\n<li>Ancho: 25 mm<\/li>\n<li>Altura: 62 mm<\/li>\n<li>Fijaci\u00f3n C\/C: 43 mm<\/li>\n<\/ul>\n<\/div>\n<\/div>\n<div><\/div>","protected":false},"excerpt":{"rendered":"<p>ASA ABLOY 805 \u00e4r en s\u00e4kerhetsanorning som anv\u00e4nds ist\u00e4llet f\u00f6r handtag p\u00e5 f\u00f6nster, f\u00f6nsterd\u00f6rr och sk\u00e5pd\u00f6rr med spanjolett, d\u00e4r barns\u00e4kerhet eller skydd mot otill\u00e5tet \u00f6ppnande \u00f6nskas. L\u00e4mpligt i trapphus, korridorer,<\/p>","protected":false},"featured_media":136808,"template":"","meta":{"_acf_changed":false},"product_brand":[],"product_cat":[4177],"product_tag":[],"class_list":{"0":"post-99933","1":"product","2":"type-product","3":"status-publish","4":"has-post-thumbnail","6":"product_cat-tillbehor-spanjoletthandtag","7":"product_shipping_class-postnord-varubrev","8":"pa_brands-abloy","9":"tm-no-options","11":"first","12":"instock","13":"taxable","14":"shipping-taxable","15":"purchasable","16":"product-type-simple"},"acf":[],"_links":{"self":[{"href":"https:\/\/secureus.se\/es\/wp-json\/wp\/v2\/product\/99933","targetHints":{"allow":["GET"]}}],"collection":[{"href":"https:\/\/secureus.se\/es\/wp-json\/wp\/v2\/product"}],"about":[{"href":"https:\/\/secureus.se\/es\/wp-json\/wp\/v2\/types\/product"}],"wp:featuredmedia":[{"embeddable":true,"href":"https:\/\/secureus.se\/es\/wp-json\/wp\/v2\/media\/136808"}],"wp:attachment":[{"href":"https:\/\/secureus.se\/es\/wp-json\/wp\/v2\/media?parent=99933"}],"wp:term":[{"taxonomy":"product_brand","embeddable":true,"href":"https:\/\/secureus.se\/es\/wp-json\/wp\/v2\/product_brand?post=99933"},{"taxonomy":"product_cat","embeddable":true,"href":"https:\/\/secureus.se\/es\/wp-json\/wp\/v2\/product_cat?post=99933"},{"taxonomy":"product_tag","embeddable":true,"href":"https:\/\/secureus.se\/es\/wp-json\/wp\/v2\/product_tag?post=99933"}],"curies":[{"name":"wp","href":"https:\/\/api.w.org\/{rel}","templated":true}]}}