{"id":99938,"date":"2024-10-17T11:47:39","date_gmt":"2024-10-17T09:47:39","guid":{"rendered":"https:\/\/secureus.se\/?post_type=product&#038;p=99938"},"modified":"2026-04-23T11:58:29","modified_gmt":"2026-04-23T09:58:29","slug":"handtagssparr-850-krom","status":"publish","type":"product","link":"https:\/\/secureus.se\/es\/handtagssparr-850-krom\/","title":{"rendered":"Pestillo de manija 850 Cromo"},"content":{"rendered":"<p>\nASSA ABLOY 850 es una cerradura de ventana homologada para puertas francesas interiores, que deben tener accesorios de seguridad de acuerdo con el Reglamento de Construcci\u00f3n de la Junta Nacional de Vivienda, Construcci\u00f3n y Planificaci\u00f3n de Suecia.<\/p>\n<p><b>Caracter\u00edsticas:<\/b><br \/>\n<\/p>\n<ul>\n<li>Bloquea autom\u00e1ticamente el mango cuando se gira a la posici\u00f3n cerrada.<\/li>\n<li>Para abrir es necesario levantar el pestillo mientras se gira la manija.<\/li>\n<li>Pestillos fabricados en metal zamak.<\/li>\n<li>Empu\u00f1adura de dedo fabricada en poliamida, color blanco.<\/li>\n<\/ul>","protected":false},"excerpt":{"rendered":"<p>ASSA ABLOY 850 es una cerradura de ventana homologada para puertas francesas interiores, que deben tener accesorios de seguridad de acuerdo con el Reglamento de Construcci\u00f3n de la Junta Nacional de Vivienda, Construcci\u00f3n y Planificaci\u00f3n de Suecia. Caracter\u00edsticas: Bloquea autom\u00e1ticamente el mango cuando se gira a la posici\u00f3n cerrada Para abrir<\/p>","protected":false},"featured_media":136793,"template":"","meta":{"_acf_changed":false},"product_brand":[],"product_cat":[4177],"product_tag":[],"class_list":{"0":"post-99938","1":"product","2":"type-product","3":"status-publish","4":"has-post-thumbnail","6":"product_cat-tillbehor-spanjoletthandtag","7":"product_shipping_class-postnord-varubrev","8":"pa_brands-abloy","9":"tm-no-options","11":"first","12":"instock","13":"taxable","14":"shipping-taxable","15":"purchasable","16":"product-type-simple"},"acf":[],"_links":{"self":[{"href":"https:\/\/secureus.se\/es\/wp-json\/wp\/v2\/product\/99938","targetHints":{"allow":["GET"]}}],"collection":[{"href":"https:\/\/secureus.se\/es\/wp-json\/wp\/v2\/product"}],"about":[{"href":"https:\/\/secureus.se\/es\/wp-json\/wp\/v2\/types\/product"}],"wp:featuredmedia":[{"embeddable":true,"href":"https:\/\/secureus.se\/es\/wp-json\/wp\/v2\/media\/136793"}],"wp:attachment":[{"href":"https:\/\/secureus.se\/es\/wp-json\/wp\/v2\/media?parent=99938"}],"wp:term":[{"taxonomy":"product_brand","embeddable":true,"href":"https:\/\/secureus.se\/es\/wp-json\/wp\/v2\/product_brand?post=99938"},{"taxonomy":"product_cat","embeddable":true,"href":"https:\/\/secureus.se\/es\/wp-json\/wp\/v2\/product_cat?post=99938"},{"taxonomy":"product_tag","embeddable":true,"href":"https:\/\/secureus.se\/es\/wp-json\/wp\/v2\/product_tag?post=99938"}],"curies":[{"name":"wp","href":"https:\/\/api.w.org\/{rel}","templated":true}]}}