{"id":99942,"date":"2024-10-17T11:47:39","date_gmt":"2024-10-17T09:47:39","guid":{"rendered":"https:\/\/secureus.se\/?post_type=product&#038;p=99942"},"modified":"2026-04-08T15:29:00","modified_gmt":"2026-04-08T13:29:00","slug":"trekantshandtag-811-krom","status":"publish","type":"product","link":"https:\/\/secureus.se\/es\/trekantshandtag-811-krom\/","title":{"rendered":"Mango triangular 811 Cromo"},"content":{"rendered":"<p>\nASSA ABLOY 811 es una manija para operar el dispositivo de seguridad 805.\u00a0<\/p>\n<div><\/div>\n<div><b>Caracter\u00edsticas:<\/b><\/p>\n<ul>\n<li>Cuando giras el mango, puedes tirar del aro hacia ti con el mango.<\/li>\n<li>Esto s\u00f3lo se puede quitar en la posici\u00f3n cerrada.<\/li>\n<\/ul>\n<\/div>","protected":false},"excerpt":{"rendered":"<p>ASSA ABLOY 811 es una manija para operar el dispositivo de seguridad 805. Caracter\u00edsticas: Cuando se gira la manija, la hoja se puede tirar hacia usted con la manija. Esto s\u00f3lo se puede quitar cuando est\u00e1 cerrado.<\/p>","protected":false},"featured_media":136777,"template":"","meta":{"_acf_changed":false},"product_brand":[],"product_cat":[4177],"product_tag":[],"class_list":{"0":"post-99942","1":"product","2":"type-product","3":"status-publish","4":"has-post-thumbnail","6":"product_cat-tillbehor-spanjoletthandtag","7":"product_shipping_class-postnord-varubrev","8":"pa_brands-abloy","9":"tm-no-options","11":"first","12":"instock","13":"taxable","14":"shipping-taxable","15":"purchasable","16":"product-type-simple"},"acf":[],"_links":{"self":[{"href":"https:\/\/secureus.se\/es\/wp-json\/wp\/v2\/product\/99942","targetHints":{"allow":["GET"]}}],"collection":[{"href":"https:\/\/secureus.se\/es\/wp-json\/wp\/v2\/product"}],"about":[{"href":"https:\/\/secureus.se\/es\/wp-json\/wp\/v2\/types\/product"}],"wp:featuredmedia":[{"embeddable":true,"href":"https:\/\/secureus.se\/es\/wp-json\/wp\/v2\/media\/136777"}],"wp:attachment":[{"href":"https:\/\/secureus.se\/es\/wp-json\/wp\/v2\/media?parent=99942"}],"wp:term":[{"taxonomy":"product_brand","embeddable":true,"href":"https:\/\/secureus.se\/es\/wp-json\/wp\/v2\/product_brand?post=99942"},{"taxonomy":"product_cat","embeddable":true,"href":"https:\/\/secureus.se\/es\/wp-json\/wp\/v2\/product_cat?post=99942"},{"taxonomy":"product_tag","embeddable":true,"href":"https:\/\/secureus.se\/es\/wp-json\/wp\/v2\/product_tag?post=99942"}],"curies":[{"name":"wp","href":"https:\/\/api.w.org\/{rel}","templated":true}]}}