{"id":11750,"date":"2022-06-10T10:08:44","date_gmt":"2022-06-10T08:08:44","guid":{"rendered":"https:\/\/secureus.se\/?page_id=11750"},"modified":"2026-03-13T14:03:39","modified_gmt":"2026-03-13T13:03:39","slug":"kundservice","status":"publish","type":"page","link":"https:\/\/secureus.se\/fi\/kundservice\/","title":{"rendered":"Asiakaspalvelu"},"content":{"rendered":"<div class=\"wpb-content-wrapper\"><div class=\"vc_row wpb_row vc_row-fluid\"><\/div><div class=\"wpb_column vc_column_container vc_col-sm-12\"><div class=\"vc_column-inner\"><div class=\"wpb_wrapper\"><\/div><\/div><\/div>\n\t<div class=\"wpb_text_column wpb_content_element\" >\n\t\t<div class=\"wpb_wrapper\">\n\t\t\t\n\t\t<\/div>\n\t<\/div>\n<div class=\"vc_row wpb_row vc_row-fluid\"><\/div><div class=\"wpb_column vc_column_container vc_col-sm-12\"><div class=\"vc_column-inner\"><div class=\"wpb_wrapper\"><\/div><\/div><\/div>\n\t<div class=\"wpb_text_column wpb_content_element\" >\n\t\t<div class=\"wpb_wrapper\">\n\t\t\t\n\t\t<\/div>\n\t<\/div>\n<h1><strong>Ota yhteytt\u00e4<\/strong><\/h1>\n<p style=\"text-align: left;\">Ota rohkeasti yhteytt\u00e4 alla olevien tietojen avulla.<\/p>\n<p style=\"text-align: left;\">Vastaamme todellisiin ostoihin tai tilauksiin liittyviin tiedusteluihin mahdollisimman pian ja viimeist\u00e4\u00e4n 48 tunnin kuluessa. Jos kyseess\u00e4 on reklamaatio tai palautus, pyri antamaan mahdollisimman yksityiskohtaiset tiedot. T\u00e4yt\u00e4 lomake t\u00e4st\u00e4 linkist\u00e4 <strong><a href=\"https:\/\/secureus.se\/fi\/retur-reklamation\/\">www.secureus.se\/retur<\/a><\/strong><br \/>\nKirjoita tilausnumero ja liit\u00e4 tarvittaessa kuvia.<\/p>\n<p><strong>S\u00e4hk\u00f6posti<\/strong>: secureus@secureus.se<br \/>\n<strong>S\u00e4hk\u00f6posti laskukysymykset ja lasku<\/strong>: invoice@secureus.se<br \/>\n<strong>Organisaation numero<\/strong>: 559189-7383<br \/>\n<strong>alv.<\/strong>: SE559189738301<br \/>\n<strong>Eori<\/strong>: SE5591897383<br \/>\n<strong>Puh<\/strong>: +46 31 70 70 201 <em data-start=\"389\" data-end=\"421\">(Puhumme englantia ja ruotsia)<\/em><\/p>\n<p>\ud83d\udd53 <strong data-start=\"245\" data-end=\"260\">Vaihdon aukioloajat:<\/strong><br data-start=\"260\" data-end=\"263\" \/>Maanantai\u2013torstai: 10.00\u201316.00<br data-start=\"288\" data-end=\"291\" \/>Perjantai: 10.00\u201315.00<br \/>\n<em data-start=\"389\" data-end=\"421\"><br \/>\n<\/em><strong>Pankkitili \u2013 Swedbank<\/strong>: 8327-9,764 699 157-5<br \/>\n<span style=\"font-size: revert;\"><strong>Pankkisiirto<\/strong>: 172-5126<\/span><\/p>\n<h2><strong>Maksu laskulla ja verkkolaskulla yrityksille ja organisaatioille<\/strong><\/h2>\n<p class=\"\" data-start=\"884\" data-end=\"963\">Tarjoamme nyt maksun laskulla kahdella tavalla:<\/p>\n<ol data-start=\"964\" data-end=\"1036\">\n<li class=\"\" data-start=\"964\" data-end=\"992\">\n<p class=\"\" data-start=\"967\" data-end=\"992\">Tilaa s\u00e4hk\u00f6postilla ja<\/p>\n<\/li>\n<li class=\"\" data-start=\"993\" data-end=\"1036\">\n<p class=\"\" data-start=\"996\" data-end=\"1036\">Tarkista suoraan laskulla kassalla.<\/p>\n<\/li>\n<\/ol>\n<p class=\"\" data-start=\"1038\" data-end=\"1144\">Jos haluat tilata laskulla s\u00e4hk\u00f6postitse, l\u00e4het\u00e4 seuraavat tiedot osoitteeseen <a href=\"mailto:secureus@secureus.se\">SECUREUS@SECUREUS.SE<\/a><\/p>\n<p>\u2022 Haluttu tuote ja kunkin tuotteen m\u00e4\u00e4r\u00e4 (lis\u00e4\u00e4 tuotenumero tai linkki)<br \/>\n\u2022 Laskutusosoite<br \/>\n\u2022 Toimitusosoite (huomaa, ett\u00e4 emme voi toimittaa suurempia tuotteita laatikkoosoitteisiin)<br \/>\n\u2022 Yhteyshenkil\u00f6n nimi ja puhelinnumero<br \/>\n\u2022 Mahdolliset laskuviitteet tai muut halutut merkinn\u00e4t laskussa<br \/>\n\u2022 Haluttu laskutyyppi: PDF s\u00e4hk\u00f6postitse tai verkkolasku.<\/p>\n<p>Kun olemme vastaanottaneet tilauksesi ja suorittaneet nopean luottotarkastuksen, l\u00e4het\u00e4mme sinulle tilausvahvistuksen. Kun tilaus on l\u00e4hetetty, ilmoitamme sinulle seurantanumeron.<\/p>\n<\/div>","protected":false},"excerpt":{"rendered":"<p>Kontakta oss V\u00e4lkommen att kontakta oss via nedanst\u00e5ende uppgifter. Vi svarar snarast och senast inom 48 timmar p\u00e5 f\u00f6rfr\u00e5gningar som r\u00f6r faktiska k\u00f6p eller best\u00e4llningar. Vid eventuell reklamation eller retur,<\/p>","protected":false},"author":1,"featured_media":0,"parent":0,"menu_order":0,"comment_status":"closed","ping_status":"closed","template":"","meta":{"_acf_changed":false,"footnotes":""},"class_list":["post-11750","page","type-page","status-publish","hentry"],"acf":[],"_links":{"self":[{"href":"https:\/\/secureus.se\/fi\/wp-json\/wp\/v2\/pages\/11750","targetHints":{"allow":["GET"]}}],"collection":[{"href":"https:\/\/secureus.se\/fi\/wp-json\/wp\/v2\/pages"}],"about":[{"href":"https:\/\/secureus.se\/fi\/wp-json\/wp\/v2\/types\/page"}],"author":[{"embeddable":true,"href":"https:\/\/secureus.se\/fi\/wp-json\/wp\/v2\/users\/1"}],"replies":[{"embeddable":true,"href":"https:\/\/secureus.se\/fi\/wp-json\/wp\/v2\/comments?post=11750"}],"version-history":[{"count":5,"href":"https:\/\/secureus.se\/fi\/wp-json\/wp\/v2\/pages\/11750\/revisions"}],"predecessor-version":[{"id":163184,"href":"https:\/\/secureus.se\/fi\/wp-json\/wp\/v2\/pages\/11750\/revisions\/163184"}],"wp:attachment":[{"href":"https:\/\/secureus.se\/fi\/wp-json\/wp\/v2\/media?parent=11750"}],"curies":[{"name":"wp","href":"https:\/\/api.w.org\/{rel}","templated":true}]}}