{"id":11824,"date":"2022-06-10T13:34:03","date_gmt":"2022-06-10T11:34:03","guid":{"rendered":"https:\/\/secureus.se\/?page_id=11824"},"modified":"2026-03-10T16:12:37","modified_gmt":"2026-03-10T15:12:37","slug":"om-secureus","status":"publish","type":"page","link":"https:\/\/secureus.se\/fi\/om-secureus\/","title":{"rendered":"Tietoja SECUREUS:sta"},"content":{"rendered":"<div class=\"wpb-content-wrapper\"><div class=\"vc_row wpb_row vc_row-fluid\"><div class=\"wpb_column vc_column_container vc_col-sm-8\"><div class=\"vc_column-inner\"><div class=\"wpb_wrapper\">\n\t<div class=\"wpb_text_column wpb_content_element\" >\n\t\t<div class=\"wpb_wrapper\">\n\t\t\t<h3><strong>Tietoja meist\u00e4<br \/>\n<\/strong><\/h3>\n<p data-start=\"2744\" data-end=\"2810\">Perustettu Ruotsissa \u2022 Varasto Alings\u00e5sissa \u2022 Yli 500 varmennettua Trustpilot-arvostelua<\/p>\n<p><strong>Tervetuloa Secureus.se -sivustolle - kumppanisi turvallisuuden takaamiseksi!<\/strong><\/p>\n<h3><strong>Miksi asiakkaat valitsevat Secureuksen<\/strong><\/h3>\n<p>\u2022 <strong data-start=\"1240\" data-end=\"1304\">Yli 500 varmennettua asiakasarvostelua \u2013 4,8\/5 luokitus Trustpilotissa<br \/>\n<\/strong>\u2022 Nopeat toimitukset <strong data-start=\"1886\" data-end=\"1911\">oma varasto Alings\u00e5sissa<\/strong><br data-start=\"1911\" data-end=\"1914\" \/>\u2022 Laaja valikoima turvallisuustuotteita <strong data-start=\"1958\" data-end=\"1988\">yritykset ja yksityishenkil\u00f6t<\/strong><br data-start=\"1988\" data-end=\"1991\" \/>\u2022 Henkil\u00f6kohtaista tukea kautta <strong data-start=\"2015\" data-end=\"2037\">puhelin ja s\u00e4hk\u00f6posti<\/strong><\/p>\n<p>Secureus on ruotsalainen verkkokauppayritys, joka on erikoistunut turvallisuustuotteisiin. Toimitamme turvallisuustuotteita sek\u00e4 yrityksille ett\u00e4 yksityishenkil\u00f6ille kaikkialla Ruotsissa ja useissa Euroopan maissa. Tarjoamme laajan valikoiman korkealaatuisia tuotteita, kuten h\u00e4lytysj\u00e4rjestelmi\u00e4, lukkoja, paloh\u00e4lyttimi\u00e4, kameravalvontaa ja murtoh\u00e4lyttimi\u00e4. Tavoitteenamme on tehd\u00e4 turvallisuudesta helppoa, turvallista ja kaikkien saatavilla olevaa ilman tarpeettomia kustannuksia.<\/p>\n<p>Toimipisteemme sijaitsee Alings\u00e5sissa, jossa sijaitsevat sek\u00e4 varastomme ett\u00e4 p\u00e4\u00e4konttorimme. T\u00e4\u00e4lt\u00e4 toimitamme tuotteitamme nopeasti ja tehokkaasti paitsi Ruotsin sis\u00e4ll\u00e4 my\u00f6s useisiin Euroopan maihin. Yli 900 tuotteen varastomme ansiosta voimme tarjota nopeita toimituksia ja auttaa sek\u00e4 yksityishenkil\u00f6it\u00e4 ett\u00e4 yrityksi\u00e4 l\u00f6yt\u00e4m\u00e4\u00e4n oikean turvallisuusratkaisun.<\/p>\n\n\t\t<\/div>\n\t<\/div>\n<\/div><\/div><\/div><div class=\"wpb_column vc_column_container vc_col-sm-4\"><div class=\"vc_column-inner\"><div class=\"wpb_wrapper\"><\/div><\/div><\/div><\/div><div class=\"vc_row wpb_row vc_row-fluid\"><div class=\"wpb_column vc_column_container vc_col-sm-12\"><div class=\"vc_column-inner\"><div class=\"wpb_wrapper\">\n\t<div class=\"wpb_text_column wpb_content_element\" >\n\t\t<div class=\"wpb_wrapper\">\n\t\t\t<h3><strong>Miksi valita Secureus?<\/strong><\/h3>\n<ul>\n<li><strong>Korkea laatu<\/strong>: Teemme yhteisty\u00f6t\u00e4 johtavien toimittajien kanssa varmistaaksemme uusimmat tekniikat ja markkinoiden parhaat tuotteet.<\/li>\n<li><strong>Joustavuus<\/strong>: Tarjoamme r\u00e4\u00e4t\u00e4l\u00f6ityj\u00e4 ratkaisuja laserkaiverruksella, painatuksella ja ohjelmoinnilla - t\u00e4ydellinen yrityksille ja organisaatioille.<\/li>\n<li><strong>Nopeat toimitukset<\/strong>: Tehokas varastonhallintamme tarkoittaa, ett\u00e4 pystymme toimittamaan nopeasti sek\u00e4 Ruotsiin ett\u00e4 muualle Eurooppaan.<\/li>\n<li><strong>Henkil\u00f6kohtainen palvelu<\/strong>: Riippumatta siit\u00e4, oletko yksityisasiakas vai yritysasiakas, saat aina nopeaa ja asiantuntevaa apua. Vastaamme s\u00e4hk\u00f6posteihin viimeist\u00e4\u00e4n seuraavana arkip\u00e4iv\u00e4n\u00e4.<\/li>\n<\/ul>\n<h3><strong>Filosofiamme<\/strong><\/h3>\n<p>Me Secureuksessa arvostamme turvallisuutta ja yksinkertaisuutta. Riippumatta siit\u00e4, ostatko yksitt\u00e4isen tuotteen vai teet suuren yritystilauksen, olet meille yht\u00e4 t\u00e4rke\u00e4. Tavoitteemme on, ett\u00e4 jokainen ostos meill\u00e4 on sujuva ja antaa sinulle turvallisuuden ja laadun tunteen.<\/p>\n<hr \/>\n<h3><strong>Yhteisty\u00f6t ja sitoumukset<\/strong><\/h3>\n<p data-start=\"721\" data-end=\"847\">Secureus on osa IFK G\u00f6teborgin kumppaniverkostoa <strong data-start=\"771\" data-end=\"785\">Klubi 1904<\/strong> ja se tulee n\u00e4kyviin <strong data-start=\"810\" data-end=\"846\">Vanha Ullevi kaudella 2026<\/strong>.<\/p>\n<p data-start=\"849\" data-end=\"948\">Sitoumus on osa keskittymist\u00e4mme alueelliseen l\u00e4sn\u00e4oloon ja suhteiden vahvistamiseen L\u00e4nsi-Ruotsissa.<\/p>\n<p><img decoding=\"async\" class=\"alignnone wp-image-163069\" src=\"https:\/\/secureus.se\/wp-content\/uploads\/2026\/03\/ifkgbg_1904.png\" alt=\"\" width=\"149\" height=\"147\" srcset=\"https:\/\/secureus.se\/wp-content\/uploads\/2026\/03\/ifkgbg_1904.png 904w, https:\/\/secureus.se\/wp-content\/uploads\/2026\/03\/ifkgbg_1904-768x756.png 768w, https:\/\/secureus.se\/wp-content\/uploads\/2026\/03\/ifkgbg_1904-12x12.png 12w, https:\/\/secureus.se\/wp-content\/uploads\/2026\/03\/ifkgbg_1904-350x345.png 350w, https:\/\/secureus.se\/wp-content\/uploads\/2026\/03\/ifkgbg_1904-100x100.png 100w, https:\/\/secureus.se\/wp-content\/uploads\/2026\/03\/ifkgbg_1904-64x63.png 64w\" sizes=\"(max-width: 149px) 100vw, 149px\" \/><\/p>\n<p data-start=\"1332\" data-end=\"1355\"><strong data-start=\"1332\" data-end=\"1355\">Yrityksen tiedot<\/strong><\/p>\n<p data-start=\"1417\" data-end=\"1488\">Secureus Sweden AB<br data-start=\"1436\" data-end=\"1439\" \/>\u00c4ngsvaktaregatan 29<br data-start=\"1458\" data-end=\"1461\" \/>441 38 Aling-kastike<br data-start=\"1476\" data-end=\"1479\" \/>Ruotsi<\/p>\n<p data-start=\"1490\" data-end=\"1533\">Org. nro: 559189-7383<br data-start=\"1509\" data-end=\"1512\" \/>ALV: SE559189738301<\/p>\n<p data-start=\"1535\" data-end=\"1579\">\ud83d\udcde +46 31 70 70 201<br data-start=\"1554\" data-end=\"1557\" \/>\u2709 <a class=\"decorated-link\" href=\"mailto:secureus@secureus.se\" rel=\"noopener\" data-start=\"1559\" data-end=\"1579\">secureus@secureus.se<\/a><\/p>\n<hr \/>\n<h3><strong>Ota yhteytt\u00e4<\/strong><\/h3>\n<p>Ota yhteytt\u00e4 jo t\u00e4n\u00e4\u00e4n saadaksesi apua tietoturvatarpeissasi \u2013 olemme sinua varten!<\/p>\n\n\t\t<\/div>\n\t<\/div>\n<\/div><\/div><\/div><\/div>\n<\/div>","protected":false},"excerpt":{"rendered":"Om oss Grundat i Sverige \u2022 Lager i Alings\u00e5s \u2022 500+ verifierade Trustpilot-omd\u00f6men V\u00e4lkommen till Secureus.se \u2013 Din partner f\u00f6r s\u00e4kerhet och trygghet! D\u00e4rf\u00f6r v\u00e4ljer kunder Secureus \u2022 500+ verifierade","protected":false},"author":1,"featured_media":0,"parent":0,"menu_order":0,"comment_status":"closed","ping_status":"closed","template":"","meta":{"_acf_changed":false,"footnotes":""},"class_list":["post-11824","page","type-page","status-publish","hentry"],"acf":[],"_links":{"self":[{"href":"https:\/\/secureus.se\/fi\/wp-json\/wp\/v2\/pages\/11824","targetHints":{"allow":["GET"]}}],"collection":[{"href":"https:\/\/secureus.se\/fi\/wp-json\/wp\/v2\/pages"}],"about":[{"href":"https:\/\/secureus.se\/fi\/wp-json\/wp\/v2\/types\/page"}],"author":[{"embeddable":true,"href":"https:\/\/secureus.se\/fi\/wp-json\/wp\/v2\/users\/1"}],"replies":[{"embeddable":true,"href":"https:\/\/secureus.se\/fi\/wp-json\/wp\/v2\/comments?post=11824"}],"version-history":[{"count":11,"href":"https:\/\/secureus.se\/fi\/wp-json\/wp\/v2\/pages\/11824\/revisions"}],"predecessor-version":[{"id":163073,"href":"https:\/\/secureus.se\/fi\/wp-json\/wp\/v2\/pages\/11824\/revisions\/163073"}],"wp:attachment":[{"href":"https:\/\/secureus.se\/fi\/wp-json\/wp\/v2\/media?parent=11824"}],"curies":[{"name":"wp","href":"https:\/\/api.w.org\/{rel}","templated":true}]}}