{"id":158728,"date":"2025-09-29T11:29:09","date_gmt":"2025-09-29T09:29:09","guid":{"rendered":"https:\/\/secureus.se\/?page_id=158728"},"modified":"2025-09-29T11:41:11","modified_gmt":"2025-09-29T09:41:11","slug":"larmbyggare-for-dsc-neo","status":"publish","type":"page","link":"https:\/\/secureus.se\/fi\/larmbyggare-for-dsc-neo\/","title":{"rendered":"H\u00e4lytysrakentaja DSC NEO Alarmille"},"content":{"rendered":"<div class=\"wpb-content-wrapper\"><div class=\"vc_row wpb_row vc_row-fluid\"><div class=\"wpb_column vc_column_container vc_col-sm-12\"><div class=\"vc_column-inner\"><div class=\"wpb_wrapper\">\n\t<div class=\"wpb_text_column wpb_content_element\" >\n\t\t<div class=\"wpb_wrapper\">\n\t\t\t<div class=\"hero-builder\">\n<div class=\"hero-content\">\n<h1>Rakenna oma DSC Neo -h\u00e4lytysj\u00e4rjestelm\u00e4si<\/h1>\n<p>Aloita keskitetyll\u00e4 kortilla ja lis\u00e4\u00e4 tarvitsemasi tuotteet. Nopeaa, helppoa ja tulevaisuudenkest\u00e4v\u00e4\u00e4.<\/p>\n<\/div>\n<\/div>\n<div class=\"builder-wrap\">    <div class=\"vi-wpb-wrapper vi-wpb-ajax-layout-1\">\r\n        <article id=\"post-158728\" class=\"vi-wpb-single_container post-158728 page type-page status-publish hentry\">\r\n                        \r\n            <div class=\"woopb-entry-content\">\r\n                \r\n<div id=\"woopb-wrapper\" class=\"woopb-style-ajax\">\r\n    <div id=\"woopb-main\">\r\n\r\n    <\/div>\r\n\r\n    <div id=\"woopb-sidebar\">\r\n        <div class=\"woopb-sidebar-panel\">\r\n    <div class=\"woopb-added-products-total\">\r\n            <span class=\"woopb-added-products-label\">\r\n                Kokonais:            <\/span>\r\n        <span class=\"woopb-added-products-value\">\r\n\t\t\t\t<span class=\"woocommerce-Price-amount amount\"><bdi>0,00&nbsp;<span class=\"woocommerce-Price-currencySymbol\">kr<\/span><\/bdi><\/span>            <\/span>\r\n    <\/div>\r\n        <div class=\"woopb-add-products-to-cart woopb-button-primary woopb-button\">\r\n        Lis\u00e4\u00e4 ostoskoriin    <\/div>\r\n            <div class=\"woopb-remove-all woopb-button\">\r\n            Poista kaikki        <\/div>\r\n            <div class=\"woopb-tool-buttons woopb-icons-flex\">\r\n                    <div class=\"woopb-get-share-link woopb-button\">\r\n                                    <span class=\"woopb-icon woopb-icon-svg woopb-icon-share-new\"> <\/span>\r\n                                <\/div>\r\n                <\/div>\r\n\r\n<\/div>    <\/div>\r\n<\/div>\r\n\r\n<div id=\"woopb-modal\">\r\n    <div class=\"woopb-modal-inner\">\r\n        <div class=\"woopb-modal-left\">\r\n\t\t\t        <\/div>\r\n        <div class=\"woopb-modal-right\">\r\n\t\t\t\r\n            <div class=\"woopb-modal-header\">\r\n\t\t\t\t\r\n\t\t\t\t        <select class=\"woopb-sort\">\r\n\t\t\t<option value=\"title_az\" >Otsikko A-\u00d6<\/option><option value=\"title_za\" >Otsikko ZA<\/option><option value=\"price_low\" >Hinta alhaalta yl\u00f6s<\/option><option value=\"price_high\"  selected='selected'>Hinta ylh\u00e4\u00e4lt\u00e4 alas<\/option><option value=\"latest\" >Lajittele uusimman mukaan<\/option>        <\/select>\r\n\t\t\r\n\r\n\r\n            <\/div>\r\n\r\n            <div class=\"woopb-modal-body\">\r\n\t\t\t\t                <div class=\"woopb-modal-products\">\r\n\r\n                <\/div>\r\n            <\/div>\r\n\r\n            <div class=\"woopb-modal-footer\">\r\n                <div class=\"woopb-step-pagination\"><\/div>\r\n\t\t\t\t            <\/div>\r\n        <\/div>\r\n        <div class=\"woopb-close-modal\">x<\/div>\r\n    <\/div>\r\n<\/div><div id=\"vi_wpb_popup_email\" style=\"display: none\">\r\n    <div class=\"vi-wpb_overlay\"><\/div>\r\n    <div class=\"vi-wpb_popup\">\r\n        <div class=\"woopb-title\">L\u00e4het\u00e4 s\u00e4hk\u00f6postia yst\u00e4v\u00e4llesi<\/div>\r\n        <span class=\"woopb-close\"><\/span>\r\n\r\n        <div class=\"content\">\r\n            <form action=\"\" method=\"post\" class=\"vi-wpb_send_email\" data-trp-original-action=\"\">\r\n\t\t\t\t<input type=\"hidden\" id=\"_wpnonce\" name=\"_wpnonce\" value=\"f6a7b633b1\" \/><input type=\"hidden\" name=\"_wp_http_referer\" value=\"\/fi\/wp-json\/wp\/v2\/pages\/158728\" \/>                <div class=\"woopb-rows\">\r\n                    <div class=\"woopb-row\">\r\n                        <label>Kaksi<\/label>\r\n\r\n                        <div class=\"woopb-field\">\r\n                            <input name=\"woopb_emailto_field\" type=\"email\" value=\"\" class=\"woopb-text-field\">\r\n                        <\/div>\r\n                    <\/div>\r\n                    <div class=\"woopb-row\">\r\n                        <label>Aihe<\/label>\r\n\r\n                        <div class=\"woopb-field\">\r\n                            <input name=\"woopb_subject_field\" type=\"text\" class=\"woopb-text-field\">\r\n                        <\/div>\r\n                    <\/div>\r\n                    <div class=\"woopb-row woopb-full-width\">\r\n                        <label>Viesti<\/label>\r\n\r\n                        <div class=\"woopb-field\">\r\n                            <textarea cols=\"30\" rows=\"5\" name=\"woopb_content_field\" class=\"woopb-textarea-field\"><\/textarea>\r\n                        <\/div>\r\n                    <\/div>\r\n                    <div class=\"woopb-row\">\r\n                        <button class=\"vi-wpb_review_btn vi-wpb_addtocart_btn woopb-button\">\r\n\t\t\t\t\t\t\tL\u00e4het\u00e4                        <\/button>\r\n                    <\/div>\r\n                <\/div>\r\n            <input type=\"hidden\" name=\"trp-form-language\" value=\"fi\"\/><\/form>\r\n\r\n        <\/div>\r\n    <\/div>\r\n<\/div>            <\/div>\r\n        <\/article>\r\n    <\/div>\r\n<\/div>\n\n\t\t<\/div>\n\t<\/div>\n<\/div><\/div><\/div><\/div>\n<\/div>","protected":false},"excerpt":{"rendered":"Bygg ditt DSC Neo larmsystem Starta med ett centralkort och l\u00e4gg till de produkter du beh\u00f6ver. Snabbt, enkelt och framtidss\u00e4kert. Total: 0,00&nbsp;&#107;&#114; Add to cart Remove all Title A-ZTitle Z-APrice","protected":false},"author":1,"featured_media":0,"parent":0,"menu_order":0,"comment_status":"closed","ping_status":"closed","template":"","meta":{"_acf_changed":false,"footnotes":""},"class_list":["post-158728","page","type-page","status-publish","hentry"],"acf":[],"_links":{"self":[{"href":"https:\/\/secureus.se\/fi\/wp-json\/wp\/v2\/pages\/158728","targetHints":{"allow":["GET"]}}],"collection":[{"href":"https:\/\/secureus.se\/fi\/wp-json\/wp\/v2\/pages"}],"about":[{"href":"https:\/\/secureus.se\/fi\/wp-json\/wp\/v2\/types\/page"}],"author":[{"embeddable":true,"href":"https:\/\/secureus.se\/fi\/wp-json\/wp\/v2\/users\/1"}],"replies":[{"embeddable":true,"href":"https:\/\/secureus.se\/fi\/wp-json\/wp\/v2\/comments?post=158728"}],"version-history":[{"count":3,"href":"https:\/\/secureus.se\/fi\/wp-json\/wp\/v2\/pages\/158728\/revisions"}],"predecessor-version":[{"id":158733,"href":"https:\/\/secureus.se\/fi\/wp-json\/wp\/v2\/pages\/158728\/revisions\/158733"}],"wp:attachment":[{"href":"https:\/\/secureus.se\/fi\/wp-json\/wp\/v2\/media?parent=158728"}],"curies":[{"name":"wp","href":"https:\/\/api.w.org\/{rel}","templated":true}]}}