{"id":83144,"date":"2023-09-15T10:52:56","date_gmt":"2023-09-15T08:52:56","guid":{"rendered":"https:\/\/secureus.se\/?page_id=83144"},"modified":"2023-09-15T10:53:38","modified_gmt":"2023-09-15T08:53:38","slug":"personuppgifter","status":"publish","type":"page","link":"https:\/\/secureus.se\/fi\/personuppgifter\/","title":{"rendered":"Henkil\u00f6tiedot"},"content":{"rendered":"<h2><strong>Yleens\u00e4<\/strong><\/h2>\n<p>Ilmoittautumisen ja tilauksen yhteydess\u00e4 annat henkil\u00f6tietosi; nimi, osoite, s\u00e4hk\u00f6postiosoite ja puhelinnumero. T\u00e4m\u00e4 tarkoittaa, ett\u00e4 suostut siihen, ett\u00e4 s\u00e4ilyt\u00e4mme ja k\u00e4yt\u00e4mme tietojasi toiminnassamme t\u00e4ytt\u00e4\u00e4ksemme sinulle antamamme sitoumukset. Kun napsautat tilausta verkkokaupassamme tai rekister\u00f6idyt asiakkaaksi osoitteessa secureus.se tai rekister\u00f6idyt uutiskirjeemme tilaajaksi, hyv\u00e4ksyt, ett\u00e4 secureus.se tallentaa tiedot, joita tarvitsemme voidaksemme t\u00e4ytt\u00e4\u00e4 sitoumuksemme sinua kohtaan, kuten tilauksena tai uutiskirjeiden l\u00e4hett\u00e4misen\u00e4.<\/p>\n<p>Henkil\u00f6tietojen rekisterinpit\u00e4j\u00e4 on Secureus Sverige AB, organisaationumero 559189-7383, Solv\u00e4ndegatan 6, 441 58 Alings\u00e5s. Jos sinulla on kysytt\u00e4v\u00e4\u00e4 henkil\u00f6tietojesi k\u00e4sittelyst\u00e4mme, voit ottaa meihin yhteytt\u00e4 osoitteessa: secureus@secureus.se<\/p>\n<p>Henkil\u00f6tietojasi k\u00e4sitell\u00e4\u00e4n p\u00e4\u00e4asiassa EU\/ETA-alueella. Tietyt tiedot, jotka asiakas p\u00e4\u00e4tt\u00e4\u00e4 tarjota sosiaalisen median kautta, jossa secureus.se on l\u00e4sn\u00e4, sek\u00e4 digitaalisen markkinointimme kautta, voidaan tallentaa muihin maihin esimerkiksi Facebookin, Instagramin, Trustpilotin ja Googlen kautta tekemiesi sopimusten perusteella. kuluttajana ovat sopineet n\u00e4iden osapuolten kanssa.<\/p>\n<p>Henkil\u00f6tietoja s\u00e4ilytet\u00e4\u00e4n niin kauan kuin se on tarpeellista siihen tarkoitukseen, jota varten olet antanut tiedot. Henkil\u00f6tietojasi voidaan s\u00e4ilytt\u00e4\u00e4 pidemp\u00e4\u00e4n, jos se on tarpeen sovellettavan lain mukaisen oikeudellisen velvoitteen t\u00e4ytt\u00e4miseksi tai jotta voimme esitt\u00e4\u00e4, panna t\u00e4yt\u00e4nt\u00f6\u00f6n tai puolustaa oikeudellisia vaateita.<\/p>\n<p>Kaikki tietojen k\u00e4sittely\u00e4mme koskevat valitukset osoitetaan Secureukselle alla kuvatulla tavalla ja tarvittaessa my\u00f6s <a href=\"https:\/\/www.imy.se\/\" rel=\"noopener\">Ruotsin tietosuojaviranomainen<\/a>.<\/p>\n<p>Secureus Sweden AB osoitteessa secureus@secureus.se<\/p>\n<h2><strong>GDPR:n mukaiset oikeutesi<\/strong><\/h2>\n<p>GDPR:n mukaan sinulla on oikeus rekister\u00f6id\u00e4 otteita, oikaista, poistaa tietoja, rajoittaa sek\u00e4 vastustaa ja siirt\u00e4\u00e4 tietoja. Alta voit lukea lis\u00e4\u00e4 siit\u00e4, mit\u00e4 t\u00e4m\u00e4 tarkoittaa:<\/p>\n<ul>\n<li>Oikeus rekister\u00f6id\u00e4 otteita: Sinulla on oikeus tiet\u00e4\u00e4, mit\u00e4 henkil\u00f6tietoja k\u00e4sittelemme sinusta. Pyynn\u00f6st\u00e4si annamme maksutta kirjallisen tiedon henkil\u00f6tietojesi k\u00e4sittelyst\u00e4.<\/li>\n<li>Virheellisten tietojen oikaisu: Sinulla on oikeus pyyt\u00e4\u00e4 meit\u00e4 korjaamaan sinua koskevat virheelliset tai puutteelliset tiedot. Sin\u00e4, jolla on asiakastili, voit my\u00f6s kirjautua tilillesi ja korjata siell\u00e4 olevat virheelliset tiedot.<\/li>\n<li>Tiettyjen tietojen poistaminen: Sinulla on tietyin edellytyksin oikeus pyyt\u00e4\u00e4, ett\u00e4 poistamme henkil\u00f6tietosi, esimerkiksi jos henkil\u00f6tietoja ei en\u00e4\u00e4 tarvita siihen tarkoitukseen, jota varten henkil\u00f6tiedot ker\u00e4simme. Tai jos vastustat oikeutettujen etujen tasapainottamista, jonka olemme tehneet, eik\u00e4 oikeutettua etuamme tueta. Sek\u00e4 jos henkil\u00f6tietoja k\u00e4sitell\u00e4\u00e4n laittomasti tai jos henkil\u00f6tiedot on poistettava laillisen velvoitteen t\u00e4ytt\u00e4miseksi. Poistopyynn\u00f6st\u00e4si huolimatta meid\u00e4n on joissakin tapauksissa silti tallennettava henkil\u00f6tietosi lakis\u00e4\u00e4teisten vaatimusten, kuten kirjanpito- ja verolains\u00e4\u00e4d\u00e4nt\u00f6\u00f6n, tai esimerkiksi jos meid\u00e4n on s\u00e4ilytett\u00e4v\u00e4 tiettyj\u00e4 tietoja oikeudellisten vaatimusten nostamiseksi, esitt\u00e4miseksi tai puolustamiseksi.<\/li>\n<li>Oikeus rajoittaa henkil\u00f6tietojesi k\u00e4sittely\u00e4: Sinulla on tietyiss\u00e4 tapauksissa oikeus pyyt\u00e4\u00e4 henkil\u00f6tietojesi k\u00e4sittelyn rajoittamista. Jos olet esimerkiksi kiist\u00e4nyt henkil\u00f6tietojesi oikeellisuuden, voit pyyt\u00e4\u00e4 k\u00e4sittelyn rajoittamista ajanjaksoksi, jolloin voimme tarkistaa henkil\u00f6tietojesi oikeellisuuden.<\/li>\n<li>Oikeus vastustaa henkil\u00f6tietojesi k\u00e4sittely\u00e4: Sinulla on tietyin edellytyksin oikeus vastustaa henkil\u00f6tietojesi k\u00e4sittely\u00e4. Sinulla on oikeus vastustaa k\u00e4sittely\u00e4 oikeutetun etumme laillisen perustan perusteella. Huomaa, ett\u00e4 voimme jatkaa tietojesi k\u00e4sittely\u00e4, vaikka olisit vastustanut k\u00e4sittely\u00e4, jos meill\u00e4 on k\u00e4sittelyyn painavia oikeutettuja syit\u00e4, jotka painavat yksityisyytesi etua.<\/li>\n<li>Oikeus tietojen siirrett\u00e4vyyteen: Sinulla on oikeus pyyt\u00e4\u00e4 kopio meille antamistasi henkil\u00f6tiedoista j\u00e4sennellyss\u00e4, yleisesti k\u00e4ytetyss\u00e4 ja koneellisesti luettavassa muodossa. Edellytt\u00e4en, ett\u00e4 se on teknisesti mahdollista, mink\u00e4 Secureus Sverige AB m\u00e4\u00e4rittelee, sinulla on my\u00f6s oikeus pyyt\u00e4\u00e4, ett\u00e4 siirr\u00e4mme n\u00e4m\u00e4 henkil\u00f6tiedot toiselle rekisterinpit\u00e4j\u00e4lle. Oikeus tietojen siirrett\u00e4vyyteen koskee henkil\u00f6tietoja, joita k\u00e4sitell\u00e4\u00e4n automaattisesti ja jotka perustuvat kanssasi tehtyyn sopimukseen.<\/li>\n<\/ul>\n<h2><strong>Henkil\u00f6tietojen jakaminen<\/strong><\/h2>\n<p>Secureus Sverige AB voi jakaa henkil\u00f6tietojasi kumppaneiden, kuten IT-palveluita ja maksuratkaisuja tarjoavien yritysten kanssa. N\u00e4m\u00e4 k\u00e4sittelev\u00e4t henkil\u00f6tietojasi vain Secureuksen puolesta ja Secureuksen ohjeiden mukaisesti. Secureus ryhtyy sitten toimenpiteisiin varmistaakseen, ett\u00e4 henkil\u00f6tietojasi k\u00e4sitell\u00e4\u00e4n turvallisesti ja tarkoitukseen sopivalla suojaustasolla, kun ne siirret\u00e4\u00e4n valituille kumppaneille tai jaetaan niiden kanssa.<\/p>\n<p>Secureus voi my\u00f6s jakaa henkil\u00f6tietojasi yrityksille, jotka k\u00e4sittelev\u00e4t henkil\u00f6tietojasi itsen\u00e4isesti ilman, ett\u00e4 me valvomme henkil\u00f6tietojen k\u00e4sittely\u00e4, esimerkiksi yrityksille, jotka hoitavat tavarakuljetuksia ja maksuratkaisuja, kuten Klarna. Secureus luovuttaa henkil\u00f6tietojasi vain t\u00e4llaisille yrityksille t\u00e4ytt\u00e4\u00e4kseen sitoumuksensa sinua kohtaan asiakkaana, esimerkiksi IT-palveluiden ja taloushallinnon yrityksille. Kun henkil\u00f6tietojasi jaetaan sellaisille yrityksille, jotka ovat riippumattomia henkil\u00f6tietojen rekisterinpit\u00e4ji\u00e4, henkil\u00f6tietojasi k\u00e4sitell\u00e4\u00e4n sen mukaisesti, mit\u00e4 kyseisen yrityksen henkil\u00f6tietotiedoissa on mainittu.<\/p>\n<p>Lis\u00e4ksi Secureus voi poikkeustapauksissa jakaa henkil\u00f6tietojasi viranomaisille, jos laki velvoittaa meit\u00e4 tekem\u00e4\u00e4n niin tai jos ep\u00e4ill\u00e4\u00e4n rikosta.<\/p>\n<p>S\u00e4hk\u00f6posteja kolmansilta osapuolilta tai tavaroista tai palveluista, jotka eiv\u00e4t liity suoraan liiketoimintaamme, ei esiinny. J\u00e4senpostitusten tapauksessa sin\u00e4 asiakkaana voit helposti peruuttaa tilauksen s\u00e4hk\u00f6postissa olevan linkin kautta. T\u00e4m\u00e4 voi tapahtua ilman, ett\u00e4 sinun tulee asiakkaana kirjautua sis\u00e4\u00e4n tai vastaavaa.<\/p>\n<h2><strong>Tarkat, joita varten henkil\u00f6tietojasi k\u00e4sitell\u00e4\u00e4n<\/strong><\/h2>\n<p>Secureus k\u00e4sittelee henkil\u00f6tietojasi ensisijaisesti t\u00e4ytt\u00e4\u00e4kseen sitoumuksemme sinua kohtaan asiakkaana, kuten k\u00e4ytt\u00e4j\u00e4tilisi hallintaan, tilauksesi k\u00e4sittelyyn, asiakaspalveluasioihin sek\u00e4 markkinointiin ja tietojen l\u00e4hett\u00e4miseen. Alla on tiedot kustakin tarkoituksesta ja k\u00e4sittelymme laillisesta perustasta.<\/p>\n<h3><strong>K\u00e4sittelem\u00e4\u00e4n sinua asiakkaana<\/strong><\/h3>\n<p>Kun tilaat tuotteita turvallisuudesta.se, pyyd\u00e4mme sinua sy\u00f6tt\u00e4m\u00e4\u00e4n esimerkiksi nimesi ja yhteystietosi, jotta voimme k\u00e4sitell\u00e4 tilauksesi.<\/p>\n<p>Tarvitsemme muita henkil\u00f6tietoja, kuten yhteystietoja ja maksutietoja, jotta voimme hallita ja toimittaa tilauksesi ja tarjota palvelua. Oikeusperustana on, ett\u00e4 k\u00e4sittely on v\u00e4ltt\u00e4m\u00e4t\u00f6nt\u00e4, jotta Secureus voi t\u00e4ytt\u00e4\u00e4 kanssasi asiakkaana tehdyn sopimuksen. Jos et anna tilauksen yhteydess\u00e4 pyyt\u00e4mi\u00e4mme tietoja, et asiakkaana voi suorittaa tilausta.<\/p>\n<p>Secureus tallentaa my\u00f6s tilaushistoriasi, joka on tietoa tilaamistasi tuotteista, m\u00e4\u00e4r\u00e4st\u00e4, p\u00e4iv\u00e4m\u00e4\u00e4r\u00e4st\u00e4 ja hinnasta. Secureus tallentaa t\u00e4m\u00e4n historian voidakseen tarjota sinulle asiakkaana oikeanlaista palvelua tilauksen j\u00e4lkeen sek\u00e4 k\u00e4sitell\u00e4 mahdollisia valituksia ja nykyisen lains\u00e4\u00e4d\u00e4nn\u00f6n vaatimuksia. T\u00e4m\u00e4n k\u00e4sittelyn oikeudellinen perusta on oikeutettu etumme tarjota sinulle asiakkaana oikeaa palvelua ja pysty\u00e4 tekem\u00e4\u00e4n arvioita, t\u00e4ytt\u00e4m\u00e4\u00e4n velvollisuutemme ja turvaamaan oikeutemme valitusten yhteydess\u00e4.<\/p>\n<p>Secureus k\u00e4sittelee my\u00f6s yhteystietojasi ja tilaushistoriaasi tehd\u00e4kseen markkinatutkimuksen ja tarjotakseen sinulle asiakkaalle uutisia ja tietoja. T\u00e4m\u00e4n k\u00e4sittelyn oikeudellinen perusta on Secureuksen oikeutettu etu suorittaa t\u00e4llaisia tutkimuksia, jotta voimme arvioida ja parantaa verkkokauppaamme ja tarjontaamme sinulle asiakkaana.<\/p>\n<p>Tietojasi voidaan my\u00f6s k\u00e4sitell\u00e4, jotta voimme t\u00e4ytt\u00e4\u00e4 lakis\u00e4\u00e4teiset velvoitteemme, kuten kirjanpitolain mukaiset.<\/p>\n<p>Tietojasi k\u00e4sitell\u00e4\u00e4n niin kauan kuin se on tarpeen tilauksen hoitamiseksi ja palvelun tarjoamiseksi sinulle asiakkaana sek\u00e4 mahdollisten reklamaatioiden ja lains\u00e4\u00e4d\u00e4nt\u00f6\u00f6n liittyvien vaatimusten k\u00e4sittelemiseksi, kuitenkin enint\u00e4\u00e4n vuoden kuluttua tilauksestasi. jos meill\u00e4 ei ole lakis\u00e4\u00e4teist\u00e4 velvollisuutta s\u00e4\u00e4st\u00e4\u00e4 niit\u00e4 pidemp\u00e4\u00e4n.<\/p>\n<h3><strong>Niille, joilla on asiakastili<\/strong><\/h3>\n<p>Kun luot asiakastilin secureus.se-sivustolle, t\u00e4yt\u00e4t tiedot, kuten nimen, osoitteen, s\u00e4hk\u00f6postiosoitteen ja matkapuhelinnumeron. Voit kirjautua sis\u00e4\u00e4n &quot;Oma tilille&quot; milloin tahansa ja p\u00e4ivitt\u00e4\u00e4 henkil\u00f6tietosi. Secureus k\u00e4sittelee tiedot tilisi luomiseksi ja hallinnoimiseksi. T\u00e4m\u00e4n k\u00e4sittelyn oikeudellinen perusta on oikeutettu etumme tarjota ja hallinnoida asiakastili\u00e4si.<\/p>\n<p>Kun teet tilauksen kirjautuneena asiakastilille, p\u00e4tev\u00e4t my\u00f6s edell\u00e4 kohdassa &quot;K\u00e4sittelemme sinua asiakkaana&quot; kuvatut tarkoitukset ja lailliset perusteet. Voit kuitenkin tilata tuotteita osoitteessa secureus.se ilman asiakastilin rekister\u00f6inti\u00e4.<\/p>\n<p>Jos tilit ovat passiivisia ja niiden s\u00e4ilytt\u00e4miselle ei ole oikeutettua liiketoimintaa (esimerkiksi palvelujen tai historian my\u00f6hemm\u00e4n k\u00e4yt\u00f6n mahdollistamiseksi), tilisi poistetaan, jos et ole kirjautunut tilille tai tehnyt tilausta 1 vuoteen tai ilmoita siit\u00e4 meille, jonka haluat s\u00e4ilytt\u00e4\u00e4 asiakastilin.<\/p>\n<h3><strong>Niille, jotka ovat yhteydess\u00e4 asiakaspalveluun<\/strong><\/h3>\n<p>Kun otat yhteytt\u00e4 asiakaspalveluun, Secureus k\u00e4sittelee meille antamiasi henkil\u00f6tietoja, jotta voimme hoitaa asiakaspalveluasianne. S\u00e4ilyt\u00e4mme tietosi niin kauan kuin tapaus on kesken ja poistamme tiedot viimeist\u00e4\u00e4n vuoden kuluttua tapauksen k\u00e4sittelyst\u00e4. T\u00e4m\u00e4n k\u00e4sittelyn oikeudellinen perusta on meid\u00e4n ja sinun oikeutettu etu k\u00e4sitell\u00e4 tapauksesi. Tietojasi voidaan my\u00f6s muutoin k\u00e4sitell\u00e4, jotta voimme t\u00e4ytt\u00e4\u00e4 lain, kuten tuoteturvallisuuslain, mukaiset velvollisuutemme.<\/p>\n<h3><strong>Niille, jotka vierailevat secureus.se:ss\u00e4<\/strong><\/h3>\n<p>Kun vierailet safeus.se-sivustolla, ker\u00e4\u00e4mme tietoja IP-osoitteestasi (katso my\u00f6s ev\u00e4steit\u00e4 koskevat tiedot). My\u00f6s muut yritykset tekev\u00e4t samoin vieraillessaan osoitteessa secureus.se kolmannen osapuolen ev\u00e4steiden k\u00e4yt\u00f6n yhteydess\u00e4. Kuinka t\u00e4m\u00e4 tapahtuu ja kuinka voit rajoittaa tai poistaa k\u00e4yt\u00f6st\u00e4 ev\u00e4steit\u00e4 selaimessasi, on kuvattu alla olevassa osiossa Tietoja ev\u00e4steist\u00e4.<\/p>\n<p>Secureus k\u00e4ytt\u00e4\u00e4 IP-osoitettasi est\u00e4\u00e4kseen tunkeutumisen, vaaratilanteet ja muun sivustomme securityus.se-palveluiden v\u00e4\u00e4rink\u00e4yt\u00f6n, pit\u00e4\u00e4kseen tilastoja k\u00e4vij\u00f6ist\u00e4 sek\u00e4 tehd\u00e4kseen p\u00e4ivityksi\u00e4 ja parannuksia. T\u00e4m\u00e4n k\u00e4sittelyn oikeusperustana on oikeutettu etumme est\u00e4\u00e4 v\u00e4\u00e4rink\u00e4yt\u00f6kset ja hyvin toimiva s\u00e4hk\u00f6inen kaupank\u00e4ynti.<\/p>\n<h2><strong>Linkkej\u00e4 muille sivustoille<\/strong><\/h2>\n<p>Secureus.se voi sis\u00e4lt\u00e4\u00e4 linkkej\u00e4 muille verkkosivustoille. N\u00e4m\u00e4 henkil\u00f6tietoja koskevat tiedot koskevat vain sivustoa secureus.se. Secureus Sverige AB ei ole vastuussa muiden verkkosivustojen henkil\u00f6tietojen k\u00e4sittelyst\u00e4, ja siksi sinua kehotetaan tarkistamaan kyseiseen verkkosivustoon liittyv\u00e4t henkil\u00f6tietotiedot.<\/p>\n<h2><strong>Tietoja ev\u00e4steist\u00e4<\/strong><\/h2>\n<h3><strong>Yleens\u00e4<\/strong><\/h3>\n<p>Ev\u00e4ste on pieni tekstitiedosto, joka tallennetaan tietokoneellesi, tablet-laitteellesi, matkapuhelimellesi tai vastaavalle laitteellesi ja haetaan my\u00f6hemmill\u00e4 k\u00e4yntikerroilla, kun vierailet osoitteessa secureus.se. Ev\u00e4steit\u00e4 k\u00e4ytet\u00e4\u00e4n monilla verkkosivustoilla antamaan vierailijalle p\u00e4\u00e4sy erilaisiin toimintoihin. Ev\u00e4steiden avulla verkkosivusto muistaa my\u00f6s tiedot vierailustasi, jotta sinulle k\u00e4vij\u00e4n\u00e4 olisi parempi k\u00e4ytt\u00f6kokemus.<br \/>\n25.7.2003 voimaan tulleen s\u00e4hk\u00f6isen viestinn\u00e4n lain mukaan jokaisen ev\u00e4steit\u00e4 sis\u00e4lt\u00e4v\u00e4ll\u00e4 verkkosivustolla vierailevan tulee saada tietoa seuraavista:<\/p>\n<ul>\n<li>Ett\u00e4 sivusto sis\u00e4lt\u00e4\u00e4 ev\u00e4steit\u00e4.<\/li>\n<li>Mihin n\u00e4it\u00e4 ev\u00e4steit\u00e4 k\u00e4ytet\u00e4\u00e4n.<\/li>\n<li>Kuinka ev\u00e4steet voidaan v\u00e4ltt\u00e4\u00e4.<\/li>\n<\/ul>\n<p>Jos et hyv\u00e4ksy ev\u00e4steit\u00e4 selaimeesi, suurin osa sivujen toiminnoista ei toimi. T\u00e4m\u00e4 johtuu siit\u00e4, ett\u00e4 verkkosivusto luulee olevansa uusi vierailija jokaisella sivulatauksella. Jos et halua hyv\u00e4ksy\u00e4 ev\u00e4steit\u00e4, selaimesi voidaan asettaa niin, ett\u00e4 est\u00e4t automaattisesti ev\u00e4steiden tallentamisen tai saat tiedon aina, kun verkkosivusto pyyt\u00e4\u00e4 tallentamaan ev\u00e4steen. Selaimen kautta voidaan my\u00f6s poistaa aiemmin tallennetut ev\u00e4steet. Katso lis\u00e4tietoja selaimesi ohjesivuilta.<\/p>\n<p>Secureus.se k\u00e4ytt\u00e4\u00e4 ev\u00e4steit\u00e4, jotka ovat v\u00e4ltt\u00e4m\u00e4tt\u00f6mi\u00e4 verkkosivustolle, sek\u00e4 ev\u00e4steit\u00e4 asetuksiin ja analysointiin. Lis\u00e4ksi on olemassa kolmannen osapuolen ev\u00e4steit\u00e4, mik\u00e4 tarkoittaa, ett\u00e4 ev\u00e4ste ei ole per\u00e4isin meilt\u00e4 vaan joltain muulta. Secureus.se k\u00e4ytt\u00e4\u00e4 kolmannen osapuolen ev\u00e4steit\u00e4 analysoidakseen verkkosivuston k\u00e4ytt\u00f6\u00e4 voidakseen jatkuvasti kehitt\u00e4\u00e4 liiketoimintaamme ja k\u00e4ytt\u00f6kokemusta sinulle asiakkaana. Katso alta lis\u00e4tietoja tietyist\u00e4 kolmannen osapuolen ev\u00e4steist\u00e4.<\/p>\n<p><strong>Meid\u00e4n ev\u00e4steet:<\/strong><\/p>\n<ul>\n<li><strong>V\u00e4ltt\u00e4m\u00e4t\u00f6n<\/strong><br \/>\nN\u00e4m\u00e4 ev\u00e4steet ovat v\u00e4ltt\u00e4m\u00e4tt\u00f6mi\u00e4, jotta sivusto toimisi oikein ja turvallisesti. Siksi n\u00e4it\u00e4 ei voi valita pois. V\u00e4ltt\u00e4m\u00e4tt\u00f6m\u00e4t ev\u00e4steet mahdollistavat Verkkosivuston perustoiminnot, kuten navigoinnin eri sivujen v\u00e4lill\u00e4 ja toimintojen ostamisen.<\/li>\n<li><strong>Asetukset<\/strong><br \/>\nN\u00e4iden ev\u00e4steiden avulla verkkosivusto muistaa tiedot, jotka muuttavat verkkosivuston toimintaa tai n\u00e4ytt\u00f6\u00e4. Asetusten ev\u00e4steet ovat ei-v\u00e4ltt\u00e4m\u00e4tt\u00f6mi\u00e4 ev\u00e4steit\u00e4, jotka, toisin kuin v\u00e4ltt\u00e4m\u00e4tt\u00f6m\u00e4t ev\u00e4steet, eiv\u00e4t ole ehdottoman v\u00e4ltt\u00e4m\u00e4tt\u00f6mi\u00e4 verkkosivuston toiminnalle.<\/li>\n<li><strong>Analyysi<\/strong><br \/>\nN\u00e4m\u00e4 ev\u00e4steet auttavat secureus.se parantamaan verkkosivustoa ymm\u00e4rt\u00e4m\u00e4ll\u00e4, kuinka sin\u00e4 vierailijana k\u00e4yt\u00e4t sit\u00e4. T\u00e4m\u00e4 tehd\u00e4\u00e4n ker\u00e4\u00e4m\u00e4ll\u00e4 anonymisoituja tietoja esimerkiksi ostok\u00e4ytt\u00e4ytymisest\u00e4, napsautusmalleista ja -ajoista. Analyysiev\u00e4steet ovat ei-v\u00e4ltt\u00e4m\u00e4tt\u00f6mi\u00e4 ev\u00e4steit\u00e4, jotka, toisin kuin v\u00e4ltt\u00e4m\u00e4tt\u00f6m\u00e4t ev\u00e4steet, eiv\u00e4t ole v\u00e4ltt\u00e4m\u00e4tt\u00f6mi\u00e4 verkkosivuston toiminnalle.<\/li>\n<li><strong>Google Analyticsin\/Tag Managerin k\u00e4ytt\u00f6 (kolmannen osapuolen ev\u00e4ste)<\/strong><br \/>\nSecureus.se k\u00e4ytt\u00e4\u00e4 Google Analyticsia ja Google Tag Manageria, jotka ovat Googlen hyv\u00e4ksymi\u00e4 tuotteita ja jotka k\u00e4ytt\u00e4v\u00e4t ev\u00e4steit\u00e4 ymm\u00e4rt\u00e4\u00e4kseen yleisell\u00e4 tasolla, kuinka k\u00e4vij\u00e4t ovat vuorovaikutuksessa verkkosivuston kanssa. N\u00e4iss\u00e4 ev\u00e4steiss\u00e4 olevat tiedot, mukaan lukien IP-osoitteesi, toimittaa Google, ja ne tallennetaan ja niit\u00e4 k\u00e4ytet\u00e4\u00e4n Google Analyticsin kautta palvelimilla Yhdysvalloissa. Jos haluat internetin k\u00e4ytt\u00e4j\u00e4n\u00e4 erityisesti v\u00e4ltt\u00e4\u00e4 Googlen j\u00e4ljitt\u00e4misen, Google tarjoaa itse seuraavan palvelun: https:\/\/tools.google.com\/dlpage\/gaoptout<\/li>\n<\/ul>\n<h3><strong>Ev\u00e4steiden deaktivointi<\/strong><\/h3>\n<p>Secureus.se-sivuston vierailijana sinulla on mahdollisuus tehd\u00e4 aktiivisesti valintoja ev\u00e4steiden k\u00e4sittelyst\u00e4 tietoruudun kautta, johon sinut k\u00e4ytt\u00e4j\u00e4n\u00e4 tavataan vieraillessasi verkkosivustolla. Ev\u00e4steiden k\u00e4ytt\u00f6\u00f6n vaaditaan suostumuksesi, mutta ei sellaisille ev\u00e4steille, jotka ovat tarpeen k\u00e4ytt\u00e4j\u00e4n\u00e4 pyyt\u00e4m\u00e4si palvelun mahdollistamiseksi (ns. v\u00e4ltt\u00e4m\u00e4tt\u00f6m\u00e4t ev\u00e4steet). Siksi valitset itse ennen verkkosivustolle siirtymist\u00e4, haluatko hyv\u00e4ksy\u00e4 ei-v\u00e4ltt\u00e4m\u00e4tt\u00f6m\u00e4t ev\u00e4steet vai et.<\/p>\n<p>Napsauttamalla vaihtoehtoa &quot;Salli kaikki&quot; hyv\u00e4ksyt kaikkien ev\u00e4steiden k\u00e4yt\u00f6n. Napsauttamalla &quot;Salli valinta&quot; -vaihtoehtoa hyv\u00e4ksyt vain itse valitsemasi ev\u00e4steet, eli ev\u00e4steet v\u00e4ltt\u00e4m\u00e4tt\u00f6mien ev\u00e4steiden lis\u00e4ksi. Voit my\u00f6s nollata asetukset selaimen kautta ja tehd\u00e4 sitten uusia valintoja aloitustietoruudun kautta.<\/p>\n<p>Lis\u00e4ksi sinulla on mahdollisuus est\u00e4\u00e4 tai rajoittaa ev\u00e4steiden k\u00e4ytt\u00f6\u00e4 selaimesi suojausasetusten kautta. K\u00e4yt\u00e4 selaimesi ohjetoimintoa saadaksesi tietoja t\u00e4m\u00e4n tekemisest\u00e4.<\/p>\n<p>Jos valitset vaihtoehdon &quot;Hylk\u00e4\u00e4&quot;, poistat tai rajoitat ev\u00e4steet verkkosivustolla, se voi tarkoittaa, ett\u00e4 et voi k\u00e4ytt\u00e4\u00e4 kaikkia verkkosivuston palveluita ja toimintoja.<\/p>\n<h2>Muutokset n\u00e4ihin tietoihin<\/h2>\n<p>Secureus pid\u00e4tt\u00e4\u00e4 oikeuden muuttaa n\u00e4it\u00e4 henkil\u00f6tietoja koskevia tietoja. Muutokset julkaistaan my\u00f6s osoitteessa secureus.se.<\/p>\n<p>N\u00e4iden tietojen viimeisin p\u00e4ivitys: 2023-09-15<\/p>","protected":false},"excerpt":{"rendered":"<p>Allm\u00e4nt I samband med registrering och best\u00e4llning uppger du dina personuppgifter; namn, adress, e-post och telefonnummer. Det inneb\u00e4r att du godk\u00e4nner att vi lagrar och anv\u00e4nder dina uppgifter i v\u00e5r<\/p>","protected":false},"author":1,"featured_media":0,"parent":0,"menu_order":0,"comment_status":"closed","ping_status":"closed","template":"","meta":{"_acf_changed":false,"footnotes":""},"class_list":["post-83144","page","type-page","status-publish","hentry"],"acf":[],"_links":{"self":[{"href":"https:\/\/secureus.se\/fi\/wp-json\/wp\/v2\/pages\/83144","targetHints":{"allow":["GET"]}}],"collection":[{"href":"https:\/\/secureus.se\/fi\/wp-json\/wp\/v2\/pages"}],"about":[{"href":"https:\/\/secureus.se\/fi\/wp-json\/wp\/v2\/types\/page"}],"author":[{"embeddable":true,"href":"https:\/\/secureus.se\/fi\/wp-json\/wp\/v2\/users\/1"}],"replies":[{"embeddable":true,"href":"https:\/\/secureus.se\/fi\/wp-json\/wp\/v2\/comments?post=83144"}],"version-history":[{"count":0,"href":"https:\/\/secureus.se\/fi\/wp-json\/wp\/v2\/pages\/83144\/revisions"}],"wp:attachment":[{"href":"https:\/\/secureus.se\/fi\/wp-json\/wp\/v2\/media?parent=83144"}],"curies":[{"name":"wp","href":"https:\/\/api.w.org\/{rel}","templated":true}]}}