{"id":100037,"date":"2024-10-17T14:51:14","date_gmt":"2024-10-17T12:51:14","guid":{"rendered":"https:\/\/secureus.se\/armbagskontakt-jck209-abs-plast-jc-kontakter\/"},"modified":"2026-04-17T11:43:10","modified_gmt":"2026-04-17T09:43:10","slug":"armbagskontakt-jck209-abs-plast-jc-kontakter","status":"publish","type":"product","link":"https:\/\/secureus.se\/fi\/armbagskontakt-jck209-abs-plast-jc-kontakter\/","title":{"rendered":"Kyyn\u00e4rp\u00e4\u00e4liitin \u2013 ABS-muovia \u2013 JCK209"},"content":{"rendered":"<h1 class=\"product_title entry-title elementor-heading-title elementor-size-default\">Kyyn\u00e4rp\u00e4\u00e4liitin \u2013 ABS-muovia \u2013 JCK209<\/h1>\n<section>JCK209 on kest\u00e4v\u00e4 kulmaliitin, jossa on kupera painelevy ja tuntourat.<\/section>\n<section><\/section>\n<section>Urien ansiosta n\u00e4k\u00f6vammaisten on helpompi tiet\u00e4\u00e4, mit\u00e4 painaa kyyn\u00e4rp\u00e4\u00e4kytkimen aktivoimiseksi. Mallissa on musta kansi maksimaalisen kontrastin saamiseksi vaaleanharmaata pohjaa vasten. JCK209 toimitetaan 1 mikrokytkimell\u00e4 IP67, mutta voidaan tilata my\u00f6s useammalla.<\/p>\n<h3>Tekniset tiedot<\/h3>\n<ul>\n<li>Valmistettu Ruotsissa.<\/li>\n<li>Materiaali: Kierr\u00e4tett\u00e4v\u00e4 ABS-muovi.<\/li>\n<li>Mitat l\/p\/k: 250x95x25 mm.<\/li>\n<li>Mikrokytkin: Vakio 1kpl NO IP67. Voidaan tilata 2:lla sek\u00e4 NO\/NC:ll\u00e4.<\/li>\n<\/ul>\n<\/section>","protected":false},"excerpt":{"rendered":"<p>Tuotteen mitat: 250 x 95 x 25 mm.<\/p>\n<p>Kyyn\u00e4rp\u00e4\u00e4 kosketus kuperaan painelevyyn ja kosketusuriin. Musta kansi ja vaaleanharmaa kehys.<\/p>","protected":false},"featured_media":148630,"template":"","meta":{"_acf_changed":false},"product_brand":[],"product_cat":[1422,4705],"product_tag":[],"class_list":{"0":"post-100037","1":"product","2":"type-product","3":"status-publish","4":"has-post-thumbnail","6":"product_cat-armbagskontakter-dorrautomatik","7":"product_cat-abs-plast","8":"product_shipping_class-tunga-paket","9":"pa_brands-jc-kontakter","10":"tm-has-options","12":"first","13":"instock","14":"sale","15":"taxable","16":"shipping-taxable","17":"purchasable","18":"product-type-simple"},"acf":[],"_links":{"self":[{"href":"https:\/\/secureus.se\/fi\/wp-json\/wp\/v2\/product\/100037","targetHints":{"allow":["GET"]}}],"collection":[{"href":"https:\/\/secureus.se\/fi\/wp-json\/wp\/v2\/product"}],"about":[{"href":"https:\/\/secureus.se\/fi\/wp-json\/wp\/v2\/types\/product"}],"wp:featuredmedia":[{"embeddable":true,"href":"https:\/\/secureus.se\/fi\/wp-json\/wp\/v2\/media\/148630"}],"wp:attachment":[{"href":"https:\/\/secureus.se\/fi\/wp-json\/wp\/v2\/media?parent=100037"}],"wp:term":[{"taxonomy":"product_brand","embeddable":true,"href":"https:\/\/secureus.se\/fi\/wp-json\/wp\/v2\/product_brand?post=100037"},{"taxonomy":"product_cat","embeddable":true,"href":"https:\/\/secureus.se\/fi\/wp-json\/wp\/v2\/product_cat?post=100037"},{"taxonomy":"product_tag","embeddable":true,"href":"https:\/\/secureus.se\/fi\/wp-json\/wp\/v2\/product_tag?post=100037"}],"curies":[{"name":"wp","href":"https:\/\/api.w.org\/{rel}","templated":true}]}}