{"id":100322,"date":"2024-10-21T09:36:52","date_gmt":"2024-10-21T07:36:52","guid":{"rendered":"https:\/\/secureus.se\/?post_type=product&#038;p=100322"},"modified":"2026-04-15T16:11:00","modified_gmt":"2026-04-15T14:11:00","slug":"batteri-2-3-ah-agm-ackumulator","status":"publish","type":"product","link":"https:\/\/secureus.se\/fi\/batteri-2-3-ah-agm-ackumulator\/","title":{"rendered":"Akku 12V 2.3 Ah UPLUS 6-9 vuotta Pro-versio"},"content":{"rendered":"<h1>Akku 2,3 Ah UPLUS 6-9 vuotta - T\u00e4ydellinen sis\u00e4k\u00e4ytt\u00f6\u00f6n<\/h1>\n<p>T\u00e4m\u00e4 <strong>akku 2,3Ah<\/strong> on suunniteltu luokan 1 sis\u00e4tiloihin, joiden l\u00e4mp\u00f6tila on +5\u00b0C - +40\u00b0C. Akun k\u00e4ytt\u00f6i\u00e4n optimoimiseksi suositellaan +15\u00b0C - +25\u00b0C l\u00e4mp\u00f6tilaa. T\u00e4m\u00e4 <strong>akku 2,3Ah<\/strong> on huoltovapaa ja k\u00e4ytt\u00e4\u00e4 AGM-tekniikkaa, joten se on luotettava ja helppo k\u00e4sitell\u00e4.<\/p>\n<h3>Tuotetiedot:<\/h3>\n<ul>\n<li><strong>Akun tyyppi:<\/strong> 12 V huoltovapaa AGM-akku<\/li>\n<li><strong>Kapasiteetti 20\u00b0C:ssa:<\/strong> 2,24 Ah<\/li>\n<li><strong>Latausj\u00e4nnite per kenno:<\/strong> 13,65 VDC +\/- 0,2 V<\/li>\n<li><strong>Suurin suositeltu latausvirta:<\/strong> 0,69 A<\/li>\n<li><strong>Itsepurkautuminen varastoinnin aikana:<\/strong> 3 % kapasiteetista kuukaudessa 20\u00b0C:ssa<\/li>\n<li><strong>Elinajanodote:<\/strong> 9 vuotta 20\u00b0C:ssa, 6 vuotta 25\u00b0C:ssa ja 3 vuotta 30\u00b0C:ssa<\/li>\n<li><strong>Mitat:<\/strong> 178x35x66 mm<\/li>\n<li><strong>Paino:<\/strong> 1 kg<\/li>\n<\/ul>\n<p>T\u00e4m\u00e4 <strong>akku 2,3Ah<\/strong> on CE-sertifioitu ja t\u00e4ytt\u00e4\u00e4 voimassa olevat direktiivit, kuten EMC 2014\/30EU ja p\u00e4\u00e4st\u00f6 EN61000-6. Nopea toimitus vain 2 p\u00e4iv\u00e4ss\u00e4 ja 12 kuukauden takuu valmistusp\u00e4iv\u00e4st\u00e4, voit olla varma ostoksestasi.<\/p>\n<p>Akun mukana toimitetaan 4,8 mm litte\u00e4t koskettimet.<\/p>","protected":false},"excerpt":{"rendered":"<p><strong>Akku UPLUS 2.3 AGM 12V 6-9 vuoden k\u00e4ytt\u00f6ik\u00e4<\/strong><\/p>\n<p>UPLUS USL12-2.3 AGM akku tarjoaa korkean suorituskyvyn ja pitk\u00e4n k\u00e4ytt\u00f6i\u00e4n vaativiin sovelluksiin. 2,3 Ah:n kapasiteetin ja AGM-tekniikan ansiosta t\u00e4m\u00e4 akku on huoltovapaa ja luotettava teollisiin sovelluksiin.<\/p>","protected":false},"featured_media":135875,"template":"","meta":{"_acf_changed":false},"product_brand":[],"product_cat":[1596],"product_tag":[2179],"class_list":{"0":"post-100322","1":"product","2":"type-product","3":"status-publish","4":"has-post-thumbnail","6":"product_cat-ackumulatorer-12v-agm-batterier","7":"product_tag-batteri-1-6-ah-2","8":"product_shipping_class-tunga-paket","9":"pa_brands-uplus","10":"tm-no-options","12":"first","13":"instock","14":"sale","15":"featured","16":"taxable","17":"shipping-taxable","18":"purchasable","19":"product-type-simple"},"acf":[],"_links":{"self":[{"href":"https:\/\/secureus.se\/fi\/wp-json\/wp\/v2\/product\/100322","targetHints":{"allow":["GET"]}}],"collection":[{"href":"https:\/\/secureus.se\/fi\/wp-json\/wp\/v2\/product"}],"about":[{"href":"https:\/\/secureus.se\/fi\/wp-json\/wp\/v2\/types\/product"}],"wp:featuredmedia":[{"embeddable":true,"href":"https:\/\/secureus.se\/fi\/wp-json\/wp\/v2\/media\/135875"}],"wp:attachment":[{"href":"https:\/\/secureus.se\/fi\/wp-json\/wp\/v2\/media?parent=100322"}],"wp:term":[{"taxonomy":"product_brand","embeddable":true,"href":"https:\/\/secureus.se\/fi\/wp-json\/wp\/v2\/product_brand?post=100322"},{"taxonomy":"product_cat","embeddable":true,"href":"https:\/\/secureus.se\/fi\/wp-json\/wp\/v2\/product_cat?post=100322"},{"taxonomy":"product_tag","embeddable":true,"href":"https:\/\/secureus.se\/fi\/wp-json\/wp\/v2\/product_tag?post=100322"}],"curies":[{"name":"wp","href":"https:\/\/api.w.org\/{rel}","templated":true}]}}