{"id":101466,"date":"2024-10-21T12:39:32","date_gmt":"2024-10-21T10:39:32","guid":{"rendered":"https:\/\/secureus.se\/ajax-domecam-mini-8mp-2-8mm-lins-vit\/"},"modified":"2026-04-05T21:51:16","modified_gmt":"2026-04-05T19:51:16","slug":"ajax-domecam-mini-8mp-28mm-lins-vit","status":"publish","type":"product","link":"https:\/\/secureus.se\/fi\/ajax-domecam-mini-8mp-28mm-lins-vit\/","title":{"rendered":"Ajax DomeCam Mini 8MP \u2013 2,8mm linssi valkoinen"},"content":{"rendered":"<h3><strong>Ajax DomeCam Mini 8MP<\/strong> on tehokas, ter\u00e4v\u00e4piirtoturvakamera, jossa yhdistyv\u00e4t edistynyt teknologia ja muotoilu tarjotakseen luotettavaa valvontaa sek\u00e4 sis\u00e4- ett\u00e4 ulkok\u00e4ytt\u00f6\u00f6n.<\/h3>\n<p>8 megapikselin UHD-kameralla ja 2,8 mm:n objektiivilla varustettu kamera on t\u00e4ydellinen sis\u00e4\u00e4nk\u00e4yntien, pihojen ja avoimien alueiden valvontaan, mik\u00e4 varmistaa, ett\u00e4 et koskaan menet\u00e4 t\u00e4rkeit\u00e4 tapahtumia.<\/p>\n<p>Yksi Ajax DomeCam Minin n\u00e4kyvimmist\u00e4 ominaisuuksista on teko\u00e4lyyn perustuva objektintunnistus.<\/p>\n<p>Kamera k\u00e4ytt\u00e4\u00e4 teko\u00e4ly\u00e4 ihmisten, ajoneuvojen ja lemmikkien tunnistamiseen, mik\u00e4 v\u00e4hent\u00e4\u00e4 v\u00e4\u00e4rien h\u00e4lytysten m\u00e4\u00e4r\u00e4\u00e4.<\/p>\n<p>T\u00e4m\u00e4 tekee siit\u00e4 erityisen tehokkaan ymp\u00e4rist\u00f6iss\u00e4, joissa voi olla paljon liikett\u00e4, kuten pihoilla, puutarhoissa tai sis\u00e4\u00e4nk\u00e4ynneiss\u00e4.<\/p>\n<p>Suodattamalla ep\u00e4olennaisen liikkeen kamera voi l\u00e4hett\u00e4\u00e4 viestin todellisen turvallisuusuhan ilmaantuessa, mik\u00e4 lis\u00e4\u00e4 turvallisuutta ja v\u00e4hent\u00e4\u00e4 ylim\u00e4\u00e4r\u00e4isi\u00e4 h\u00e4lytyksi\u00e4.<\/p>\n<p>Kameran vaikuttava 8 megapikselin resoluutio (3840 x 2160) ja tuki jopa 20 ruudulle sekunnissa tarjoavat kristallinkirkkaat kuvat ja yksityiskohtaisen yleiskuvan valvotusta alueesta.<\/p>\n<p>Yhdess\u00e4 laajan 110 asteen katselukulman ja 2,8 mm:n objektiivin kanssa kamera tarjoaa laajan peiton alueeltasi ja tekee siit\u00e4 ihanteellisen yksityiskohtien kuvaamiseen jopa suurissa avoimissa tiloissa.<\/p>\n<p>Olipa kyseess\u00e4 sis\u00e4\u00e4nk\u00e4ynnin, parkkipaikan tai suuren puutarhan valvonta, voit odottaa korkearesoluutioista kuvaa yksityiskohdista, joiden avulla voit tunnistaa ihmiset, ajoneuvot tai muut esineet.<\/p>\n<p>Jotta kamera toimisi optimaalisesti kaikissa valaistusolosuhteissa, Ajax DomeCam Mini on varustettu True WDR- ja HDR-tekniikalla, jonka avulla se pystyy k\u00e4sittelem\u00e4\u00e4n haastavia valaistusolosuhteita, kuten kirkasta auringonvaloa tai syvi\u00e4 varjoja.<\/p>\n<p>T\u00e4ll\u00e4 toiminnolla saat aina tasapainoisen ja selke\u00e4n kuvan jopa \u00e4\u00e4rimm\u00e4isiss\u00e4 valaistusolosuhteissa.<\/p>\n<p>Kamerassa on \u00e4lyk\u00e4s IR-valaisin, joka parantaa kuvanlaatua edelleen h\u00e4m\u00e4r\u00e4ss\u00e4. IR-valaistus ulottuu jopa 15 metriin ja s\u00e4\u00e4t\u00e4\u00e4 kirkkautta automaattisesti ymp\u00e4rist\u00f6n mukaan, mik\u00e4 est\u00e4\u00e4 ylivalotuksen ja varmistaa, ett\u00e4 kuvat ovat aina selkeit\u00e4 my\u00f6s pime\u00e4ss\u00e4.<\/p>\n<p>Ajax DomeCam Mini tukee my\u00f6s Power over Ethernet (PoE) -toimintoa, mik\u00e4 tekee asennuksesta helppoa ja sujuvaa. PoE:n avulla voit sek\u00e4 kytke\u00e4 kameran virran ett\u00e4 verkkoon yhdell\u00e4 kaapelilla.<\/p>\n<p>T\u00e4m\u00e4 tekee kamerasta sek\u00e4 kustannustehokkaan ett\u00e4 k\u00e4yt\u00e4nn\u00f6llisen asentaa sek\u00e4 asuin- ett\u00e4 liikekiinteist\u00f6ihin. Vaihtoehtoisesti kamera voidaan liitt\u00e4\u00e4 12V DC virtal\u00e4hteeseen.<\/p>\n<p>Kamera on IP65-luokiteltu, joten se on s\u00e4\u00e4nkest\u00e4v\u00e4 ja t\u00e4ydellinen sek\u00e4 sis\u00e4- ett\u00e4 ulkok\u00e4ytt\u00f6\u00f6n. Olipa alttiina sateelle, lumelle tai auringonpaisteelle, Ajax DomeCam Mini toimii ongelmitta ja tarjoaa luotettavan valvonnan ymp\u00e4ri vuoden.<\/p>\n<p>Vankka metallirakenne tekee siit\u00e4 my\u00f6s ilkivallan kest\u00e4v\u00e4n ja suojaa sit\u00e4 fyysisilt\u00e4 hy\u00f6kk\u00e4yksilt\u00e4, mik\u00e4 tekee siit\u00e4 ihanteellisen k\u00e4ytett\u00e4v\u00e4ksi herkiss\u00e4 ymp\u00e4rist\u00f6iss\u00e4.<\/p>\n<p>Toinen t\u00e4rke\u00e4 Ajax DomeCam Minin ominaisuus on sen sis\u00e4\u00e4nrakennettu mikrofoni. T\u00e4m\u00e4 ominaisuus mahdollistaa \u00e4\u00e4nen tallentamisen videomateriaalin kanssa, mik\u00e4 lis\u00e4\u00e4 valvontaan lis\u00e4ulottuvuutta ja auttaa luomaan t\u00e4ydellisemm\u00e4n kuvan siit\u00e4, mit\u00e4 alueella tapahtuu.<\/p>\n<p>Tallennukseen kamera tukee jopa 256 Gt:n microSD-kortteja, jotka tarjoavat paikallista tallennustilaa videomateriaalille.<\/p>\n<p>Vaihtoehtoisesti kamera voidaan liitt\u00e4\u00e4 NVR:\u00e4\u00e4n (Network Video Recorder) keskitetty\u00e4 tallennusta varten, ja tuki jopa 16 Tt:n kiintolevyille mahdollistaa suurten videom\u00e4\u00e4rien tallentamisen suurempia valvontaj\u00e4rjestelmi\u00e4 varten.<\/p>\n<p>Korkeimman mahdollisen turvallisuuden ja yksityisyyden takaamiseksi Ajax DomeCam Mini on varustettu mTLS-salauksella videovirtoja ja dataa varten. T\u00e4m\u00e4 suojaa kaikkea viestint\u00e4\u00e4 luvattomalta k\u00e4yt\u00f6lt\u00e4 ja varmistaa, ett\u00e4 kaikki tiedot ovat turvassa.<\/p>\n<p>Kamera on my\u00f6s yhteensopiva Ajax Go -sovelluksen kanssa, joka tarjoaa helpon et\u00e4k\u00e4yt\u00f6n ja kameran toimintojen ohjauksen.<\/p>\n<p>Sovelluksen avulla voit katsella suoria videol\u00e4hetyksi\u00e4, ottaa kuvakaappauksia, toistaa aiemmin tallennettua materiaalia ja s\u00e4\u00e4t\u00e4\u00e4 kameran asetuksia \u2013 kaikki \u00e4lypuhelimella tai tietokoneella.<\/p>\n<p>Yhteenvetona voidaan todeta, ett\u00e4 Ajax DomeCam Mini 8MP tarjoaa luotettavan, korkearesoluutioisen ja s\u00e4\u00e4nkest\u00e4v\u00e4n ratkaisun sek\u00e4 sis\u00e4- ett\u00e4 ulkovalvontaan.<\/p>\n<p>Ominaisuuksien, kuten teko\u00e4lypohjaisen objektintunnistuksen, \u00e4lykk\u00e4\u00e4n IR-valaistuksen, PoE-tuen ja korkealaatuisen videon, ansiosta se sopii t\u00e4ydellisesti sek\u00e4 yksityisten ett\u00e4 kaupallisten kiinteist\u00f6jen turvallisuuden varmistamiseen.<\/p>","protected":false},"excerpt":{"rendered":"<p>Ajax DomeCam Mini 8MP on tehokas ja kompakti turvakamera, joka tarjoaa luotettavaa valvontaa sek\u00e4 sis\u00e4ll\u00e4 ett\u00e4 ulkona.<\/p>\n<p>Teko\u00e4lypohjaisella objektitunnistuksella ja laajalla 110\u00b0 katselukulmalla varustettu kamera tarjoaa kristallinkirkkaat 4K-kuvat my\u00f6s h\u00e4m\u00e4r\u00e4ss\u00e4.<\/p>\n<p>Se on s\u00e4\u00e4nkest\u00e4v\u00e4 IP65-luokituksen kanssa, ja siin\u00e4 on \u00e4lyk\u00e4s IR-valaistus optimaalista y\u00f6valvontaa varten.<\/p>\n<p>T\u00e4ydellinen koteihin, yrityksiin ja julkisiin paikkoihin.<\/p>","protected":false},"featured_media":151991,"template":"","meta":{"_acf_changed":false},"product_brand":[],"product_cat":[4011],"product_tag":[4863],"class_list":{"0":"post-101466","1":"product","2":"type-product","3":"status-publish","4":"has-post-thumbnail","6":"product_cat-ajax-kameror","7":"product_tag-pf","8":"pa_brands-ajax-systems","9":"pa_farg-vit","10":"tm-no-options","12":"first","13":"instock","14":"sale","15":"taxable","16":"shipping-taxable","17":"purchasable","18":"product-type-simple"},"acf":[],"_links":{"self":[{"href":"https:\/\/secureus.se\/fi\/wp-json\/wp\/v2\/product\/101466","targetHints":{"allow":["GET"]}}],"collection":[{"href":"https:\/\/secureus.se\/fi\/wp-json\/wp\/v2\/product"}],"about":[{"href":"https:\/\/secureus.se\/fi\/wp-json\/wp\/v2\/types\/product"}],"wp:featuredmedia":[{"embeddable":true,"href":"https:\/\/secureus.se\/fi\/wp-json\/wp\/v2\/media\/151991"}],"wp:attachment":[{"href":"https:\/\/secureus.se\/fi\/wp-json\/wp\/v2\/media?parent=101466"}],"wp:term":[{"taxonomy":"product_brand","embeddable":true,"href":"https:\/\/secureus.se\/fi\/wp-json\/wp\/v2\/product_brand?post=101466"},{"taxonomy":"product_cat","embeddable":true,"href":"https:\/\/secureus.se\/fi\/wp-json\/wp\/v2\/product_cat?post=101466"},{"taxonomy":"product_tag","embeddable":true,"href":"https:\/\/secureus.se\/fi\/wp-json\/wp\/v2\/product_tag?post=101466"}],"curies":[{"name":"wp","href":"https:\/\/api.w.org\/{rel}","templated":true}]}}