{"id":107541,"date":"2024-11-04T14:55:49","date_gmt":"2024-11-04T13:55:49","guid":{"rendered":"https:\/\/secureus.se\/?post_type=product&#038;p=107541"},"modified":"2026-04-07T14:02:21","modified_gmt":"2026-04-07T12:02:21","slug":"smart-wifi-dorrklocka-kamera-1080p","status":"publish","type":"product","link":"https:\/\/secureus.se\/fi\/smart-wifi-dorrklocka-kamera-1080p\/","title":{"rendered":"\u00c4lyk\u00e4s Wifi-ovikello kameralla - 1080P, \u00e4lyk\u00e4s sovellus, liikkeentunnistus"},"content":{"rendered":"<p>\u00c4lyk\u00e4s wifi-ovikello kameralla on t\u00e4ydellinen lis\u00e4 kotisi turvaj\u00e4rjestelm\u00e4\u00e4n. Se tallentaa kristallinkirkkaita 1080P FHD-videoita 2,0 megapikselin CMOS-kennolla ja vaikuttavan laajalla 170\u00b0 katselukulmalla, mik\u00e4 antaa sinulle kattavan yleiskuvan sy\u00f6tteest\u00e4si. Ovikello yhdistyy Tuya-sovellukseen 2,4 GHz WiFin kautta, jolloin voit ohjata ja valvoa kotiasi suoraan \u00e4lypuhelimesta miss\u00e4 tahansa oletkin.<\/p>\n<h4>Edut ja toiminnot<\/h4>\n<ul>\n<li><strong>Ter\u00e4v\u00e4piirtovideo:<\/strong> 1080P Full HD -resoluutio ter\u00e4viin ja selkeisiin kuviin.<\/li>\n<li><strong>Laaja katselukulma:<\/strong> Kuvaa laajempi n\u00e4kym\u00e4 oven ulkopuolelta 170\u00b0 kulmassa.<\/li>\n<li><strong>PIR-liikkeentunnistus:<\/strong> Anturi havaitsee liikkeen ja l\u00e4hett\u00e4\u00e4 v\u00e4litt\u00f6m\u00e4t ilmoitukset \u00e4lypuhelimeesi Tuya-sovelluksen kautta.<\/li>\n<li><strong>Smart App -tuki:<\/strong> Yhteensopiva Tuya Smart -sovelluksen kanssa, joten ovikellon valvonta ja hallinta on helppoa miss\u00e4 tahansa.<\/li>\n<li><strong>Pilvitallennus:<\/strong> Vaihtoehto videotallenteiden pilvitallennusta lis\u00e4\u00e4m\u00e4\u00e4n turvallisuutta.<\/li>\n<li><strong>Langaton yhteys:<\/strong> K\u00e4ytt\u00e4\u00e4 Wi-Fi-yhteytt\u00e4 2,4 GHz, mik\u00e4 tarkoittaa, ett\u00e4 et tarvitse ylim\u00e4\u00e4r\u00e4isi\u00e4 kaapeleita asennukseen.<\/li>\n<\/ul>\n<h4>Tekniset tiedot<\/h4>\n<ul>\n<li><strong>Kuvaanturi:<\/strong> CMOS 2.0MP<\/li>\n<li><strong>Resoluutio:<\/strong> FHD 1080p<\/li>\n<li><strong>Katselukulma:<\/strong> 170\u00b0 laaja n\u00e4kym\u00e4<\/li>\n<li><strong>Tietojen tallennus:<\/strong> Pilvitallennus<\/li>\n<li><strong>Videon pakkaus:<\/strong> MJPEG<\/li>\n<li><strong>Nykyinen:<\/strong> Ladattava 18650 akku<\/li>\n<li><strong>Wi-Fi-yhteys:<\/strong> 2,4 GHz<\/li>\n<li><strong>Sovellusten yhteensopivuus:<\/strong> Tuya SmartLife<\/li>\n<\/ul>\n<p><strong>K\u00e4ytt\u00f6alueet:<\/strong><br \/>\nT\u00e4ydellinen koteihin, asuntoihin ja pienyrityksille, jotka etsiv\u00e4t luotettavaa ja \u00e4lyk\u00e4st\u00e4 ovikelloratkaisua. Se on suunniteltu erityisesti niille, jotka haluavat helpon asennuksen ja mahdollisuuden seurata sis\u00e4\u00e4nk\u00e4ynti\u00e4 et\u00e4n\u00e4 matkapuhelimellaan.<\/p>","protected":false},"excerpt":{"rendered":"<p>T\u00e4m\u00e4 \u00e4lyk\u00e4s wifi-kameran ovikello tarjoaa 1080P-ter\u00e4v\u00e4piirtovideota, 170\u00b0 laajan katselukulman ja helposti yhdistett\u00e4viss\u00e4 Tuya-sovellukseen saumattoman k\u00e4ytt\u00f6kokemuksen saavuttamiseksi. PIR-liikkeentunnistus- ja tallennustoiminnon ansiosta t\u00e4m\u00e4 ovikello on ihanteellinen kotisi turvallisuuden parantamiseen.<\/p>","protected":false},"featured_media":133958,"template":"","meta":{"_acf_changed":false},"product_brand":[],"product_cat":[5124,3228,5126,1324,4180,4766,3371],"product_tag":[],"class_list":{"0":"post-107541","1":"product","2":"type-product","3":"status-publish","4":"has-post-thumbnail","6":"product_cat-batteridrivna-overvakningskameror","7":"product_cat-dorrklockor","8":"product_cat-natverkskameror","9":"product_cat-outlet","10":"product_cat-ringklocka-med-kamera","11":"product_cat-smart-dorrklocka","12":"product_cat-titthal-och-dorrogon","13":"pa_brands-securex","14":"tm-no-options","16":"first","17":"instock","18":"sale","19":"taxable","20":"shipping-taxable","21":"purchasable","22":"product-type-simple"},"acf":[],"_links":{"self":[{"href":"https:\/\/secureus.se\/fi\/wp-json\/wp\/v2\/product\/107541","targetHints":{"allow":["GET"]}}],"collection":[{"href":"https:\/\/secureus.se\/fi\/wp-json\/wp\/v2\/product"}],"about":[{"href":"https:\/\/secureus.se\/fi\/wp-json\/wp\/v2\/types\/product"}],"wp:featuredmedia":[{"embeddable":true,"href":"https:\/\/secureus.se\/fi\/wp-json\/wp\/v2\/media\/133958"}],"wp:attachment":[{"href":"https:\/\/secureus.se\/fi\/wp-json\/wp\/v2\/media?parent=107541"}],"wp:term":[{"taxonomy":"product_brand","embeddable":true,"href":"https:\/\/secureus.se\/fi\/wp-json\/wp\/v2\/product_brand?post=107541"},{"taxonomy":"product_cat","embeddable":true,"href":"https:\/\/secureus.se\/fi\/wp-json\/wp\/v2\/product_cat?post=107541"},{"taxonomy":"product_tag","embeddable":true,"href":"https:\/\/secureus.se\/fi\/wp-json\/wp\/v2\/product_tag?post=107541"}],"curies":[{"name":"wp","href":"https:\/\/api.w.org\/{rel}","templated":true}]}}