{"id":107840,"date":"2024-11-05T09:32:05","date_gmt":"2024-11-05T08:32:05","guid":{"rendered":"https:\/\/secureus.se\/?post_type=product&#038;p=107840"},"modified":"2026-03-25T15:34:53","modified_gmt":"2026-03-25T14:34:53","slug":"dorrhandtag-trycke-6638-40-75mm-mirus-mattsvart-assa-abloy","status":"publish","type":"product","link":"https:\/\/secureus.se\/fi\/dorrhandtag-trycke-6638-40-75mm-mirus-mattsvart-assa-abloy\/","title":{"rendered":"Oven kahva Trycke 6638 40-75mm Mirus Matt musta \u2013 Assa Abloy"},"content":{"rendered":"<p>ASSA ABLOY 6638 on ovenkahva, jossa on sek\u00e4 barokin ett\u00e4 rokokoon piirteit\u00e4, mutta se on yksinkertaistettu sopimaan v\u00e4hemm\u00e4n kaarevaan arkkitehtuuriin. 6638 on tyypillinen &quot;huvilaprintti&quot; ja kuuluu ASSA ABLOY Classic -sarjaan. Soveltuu ulko-oviin, ulko-oviin ja modulaarisilla lukoilla varustettuihin sis\u00e4oviin.<\/p>\n<p><b>Ominaisuudet:<\/b><\/p>\n<ul>\n<li>Materiaali: messinki<\/li>\n<li>Pintak\u00e4sittely: Mirus PVD<\/li>\n<li>Paluujousi, joka vapauttaa lukkokotelon soutujousta ja auttaa pit\u00e4m\u00e4\u00e4n paineen vaakasuorassa asennossa.<\/li>\n<li>Ruusuke: \u00d8 52 mm.<\/li>\n<li>Sopii Connect \/ Classic -moduulilukkokoteloon<\/li>\n<li>Ei sovi lukkokoteloon ABLOY 2014 tai vastaavaan sis\u00e4ovilaatikkoon<\/li>\n<li>Vakiotoimitus sovitettu 40-75 mm ovenpaksuuteen.<\/li>\n<li>Vaihdettava ty\u00f6nt\u00f6tappi ja ruuvi vaihteleville ovenpaksuuksille.<\/li>\n<li>Jatkuva ruuvikiinnitys, joka vahvistaa ovea.<\/li>\n<\/ul>\n<div><\/div>\n<div><\/div>\n<div><b>Pintak\u00e4sittely MIRUS:<\/b><\/div>\n<div>\n<ul>\n<li>Eritt\u00e4in kulutusta kest\u00e4v\u00e4<\/li>\n<li>S\u00e4ilytt\u00e4\u00e4 kauniin viimeistelyns\u00e4 pitk\u00e4\u00e4n<\/li>\n<li>Sill\u00e4 on pitk\u00e4 k\u00e4ytt\u00f6ik\u00e4<\/li>\n<li>Sill\u00e4 on korkea lujuus naarmuja vastaan<\/li>\n<li>Sopii erityisen hyvin rannikkoymp\u00e4rist\u00f6ihin<\/li>\n<\/ul>\n<\/div>\n<div><\/div>\n<div><b>Paketti sis\u00e4lt\u00e4\u00e4:<\/b><\/div>\n<div>\n<ul>\n<li>2 kpl. Puristuspuolikkaat (kahvat).<\/li>\n<li>2 kpl. Paineruuvit M5. (k\u00e4\u00e4nn\u00e4 ruuvia)<\/li>\n<li>2 kpl. O-renkaat.<\/li>\n<li>2 kpl. Holkkimutteri M5.<\/li>\n<li>2 kpl. Painetapit 8x8x102 mm ja 8x8x120 mm.<\/li>\n<\/ul>\n<\/div>","protected":false},"excerpt":{"rendered":"<p>ASSA ABLOY 6638 on ovenkahva, jossa on sek\u00e4 barokin ett\u00e4 rokokoon piirteit\u00e4, mutta se on yksinkertaistettu sopimaan v\u00e4hemm\u00e4n kaarevaan arkkitehtuuriin. 6638 on<\/p>","protected":false},"featured_media":135858,"template":"","meta":{"_acf_changed":false},"product_brand":[],"product_cat":[4124,4125],"product_tag":[],"class_list":{"0":"post-107840","1":"product","2":"type-product","3":"status-publish","4":"has-post-thumbnail","6":"product_cat-dorrhandtag-innerdorr","7":"product_cat-dorrhandtag-ytterdorr","8":"pa_brands-abloy","9":"tm-no-options","11":"first","12":"instock","13":"taxable","14":"shipping-taxable","15":"purchasable","16":"product-type-simple"},"acf":[],"_links":{"self":[{"href":"https:\/\/secureus.se\/fi\/wp-json\/wp\/v2\/product\/107840","targetHints":{"allow":["GET"]}}],"collection":[{"href":"https:\/\/secureus.se\/fi\/wp-json\/wp\/v2\/product"}],"about":[{"href":"https:\/\/secureus.se\/fi\/wp-json\/wp\/v2\/types\/product"}],"wp:featuredmedia":[{"embeddable":true,"href":"https:\/\/secureus.se\/fi\/wp-json\/wp\/v2\/media\/135858"}],"wp:attachment":[{"href":"https:\/\/secureus.se\/fi\/wp-json\/wp\/v2\/media?parent=107840"}],"wp:term":[{"taxonomy":"product_brand","embeddable":true,"href":"https:\/\/secureus.se\/fi\/wp-json\/wp\/v2\/product_brand?post=107840"},{"taxonomy":"product_cat","embeddable":true,"href":"https:\/\/secureus.se\/fi\/wp-json\/wp\/v2\/product_cat?post=107840"},{"taxonomy":"product_tag","embeddable":true,"href":"https:\/\/secureus.se\/fi\/wp-json\/wp\/v2\/product_tag?post=107840"}],"curies":[{"name":"wp","href":"https:\/\/api.w.org\/{rel}","templated":true}]}}