{"id":108268,"date":"2024-11-06T14:55:39","date_gmt":"2024-11-06T13:55:39","guid":{"rendered":"https:\/\/secureus.se\/?post_type=product&#038;p=108268"},"modified":"2026-04-23T21:43:38","modified_gmt":"2026-04-23T19:43:38","slug":"ljuslist-20cm-led-lampa-rorelsesensor-garderobsbelysning","status":"publish","type":"product","link":"https:\/\/secureus.se\/fi\/ljuslist-20cm-led-lampa-rorelsesensor-garderobsbelysning\/","title":{"rendered":"Valonauha 20 cm LED-lamppu liiketunnistimella - t\u00e4ydellinen vaatekaapin valaistus ja kaapin valaistus"},"content":{"rendered":"<p>Valonauha 20cm LED-lamppu liiketunnistimella on suunniteltu tarjoamaan huomaamaton ja tehokas valaistus vaatekaappiin, kaappeihin ja muihin vaikeap\u00e4\u00e4syisiin tiloihin. Kompaktin 20 cm:n pituuden ja ohuen muotoilunsa ansiosta se sulautuu useimpiin ymp\u00e4rist\u00f6ihin ja vie vain v\u00e4h\u00e4n tilaa.<\/p>\n<p><strong>Ominaisuudet ja edut:<\/strong><\/p>\n<ul>\n<li><strong>Liiketunnistin<\/strong>: Syttyy automaattisesti, kun liikett\u00e4 havaitaan, ja sammuu hetken kuluttua s\u00e4\u00e4st\u00e4en energiaa.<\/li>\n<li><strong>LED-tekniikkaa<\/strong>: Pitk\u00e4 k\u00e4ytt\u00f6ik\u00e4 ja alhainen energiankulutus.<\/li>\n<li><strong>Helppo asentaa<\/strong>: Varustettu magneettikiinnityksell\u00e4, jonka ansiosta valonauha on helppo kiinnitt\u00e4\u00e4 ilman ruuveja tai kaapeleita.<\/li>\n<li><strong>USB-lataus<\/strong>: Ladattava USB:n kautta, joten sinun ei tarvitse vaihtaa paristoja. Ymp\u00e4rist\u00f6yst\u00e4v\u00e4llinen.<\/li>\n<li><strong>T\u00e4ydellinen vaatekaappi- ja kaappivalaistukseen<\/strong>: Ihanteellinen pieniin tiloihin, joissa tarvitaan valaistusta, mutta tavalliset lamput eiv\u00e4t ole k\u00e4yt\u00e4nn\u00f6llisi\u00e4.<\/li>\n<\/ul>\n<p><strong>Tekniset tiedot:<\/strong><\/p>\n<ul>\n<li><strong>Pituus<\/strong>: 20cm<\/li>\n<li><strong>Tunteva et\u00e4isyys<\/strong>: Jopa 3 metri\u00e4<\/li>\n<li><strong>Liiketunnistimen kulma<\/strong>: 120 astetta<\/li>\n<li><strong>Vaalea v\u00e4ri<\/strong>: Valitse l\u00e4mmin tai viile\u00e4 valaistus<\/li>\n<li><strong>Akun kapasiteetti<\/strong>: 600mAh, kest\u00e4\u00e4 jopa 30 p\u00e4iv\u00e4\u00e4 latauksella (anturitilassa)<\/li>\n<li><strong>Materiaali<\/strong>: Alumiini + PC<\/li>\n<li><strong>Latausportti<\/strong>: USB Type-C<\/li>\n<li><strong>Paketti sis\u00e4lt\u00e4\u00e4:<\/strong> 1 valonauha, 2 magneettista kiinnityslevy\u00e4, USB-C-latauskaapeli, manuaali<\/li>\n<\/ul>\n<p>T\u00e4ll\u00e4 valonauhalla voit helposti parantaa vaatekaappiesi ja kaappiesi valaistusta ja tehd\u00e4 niist\u00e4 k\u00e4yt\u00e4nn\u00f6llisempi\u00e4 ja energiatehokkaampia. Etsitp\u00e4 sitten kaappivalaistusta tai liiketunnistimen LED-valoa muihin pimeisiin tiloihin, t\u00e4m\u00e4 valonauha on t\u00e4ydellinen valinta.<\/p>","protected":false},"excerpt":{"rendered":"<p>Joustava ja energiaa s\u00e4\u00e4st\u00e4v\u00e4 20 cm:n valonauha LED-valoilla ja sis\u00e4\u00e4nrakennetulla liiketunnistimella. T\u00e4ydellinen vaatekaappiin, kaappeihin ja muihin tiloihin, joissa tarvitaan lis\u00e4valoa. Se k\u00e4ynnistyy automaattisesti, kun liikett\u00e4 havaitaan, mik\u00e4 tekee siit\u00e4 ihanteellisen pimeiss\u00e4 tiloissa. Helppo asentaa magneettikiinnityksell\u00e4 ja USB-latauksella.<\/p>","protected":false},"featured_media":134798,"template":"","meta":{"_acf_changed":false},"product_brand":[],"product_cat":[4181],"product_tag":[],"class_list":{"0":"post-108268","1":"product","2":"type-product","3":"status-publish","4":"has-post-thumbnail","6":"product_cat-belysning","7":"product_shipping_class-postnord-varubrev","8":"pa_brands-secureus","9":"tm-no-options","11":"first","12":"instock","13":"sale","14":"taxable","15":"shipping-taxable","16":"purchasable","17":"product-type-simple"},"acf":[],"_links":{"self":[{"href":"https:\/\/secureus.se\/fi\/wp-json\/wp\/v2\/product\/108268","targetHints":{"allow":["GET"]}}],"collection":[{"href":"https:\/\/secureus.se\/fi\/wp-json\/wp\/v2\/product"}],"about":[{"href":"https:\/\/secureus.se\/fi\/wp-json\/wp\/v2\/types\/product"}],"wp:featuredmedia":[{"embeddable":true,"href":"https:\/\/secureus.se\/fi\/wp-json\/wp\/v2\/media\/134798"}],"wp:attachment":[{"href":"https:\/\/secureus.se\/fi\/wp-json\/wp\/v2\/media?parent=108268"}],"wp:term":[{"taxonomy":"product_brand","embeddable":true,"href":"https:\/\/secureus.se\/fi\/wp-json\/wp\/v2\/product_brand?post=108268"},{"taxonomy":"product_cat","embeddable":true,"href":"https:\/\/secureus.se\/fi\/wp-json\/wp\/v2\/product_cat?post=108268"},{"taxonomy":"product_tag","embeddable":true,"href":"https:\/\/secureus.se\/fi\/wp-json\/wp\/v2\/product_tag?post=108268"}],"curies":[{"name":"wp","href":"https:\/\/api.w.org\/{rel}","templated":true}]}}