{"id":109207,"date":"2024-11-08T16:24:59","date_gmt":"2024-11-08T15:24:59","guid":{"rendered":"https:\/\/secureus.se\/?post_type=product&#038;p=109207"},"modified":"2026-04-23T12:01:14","modified_gmt":"2026-04-23T10:01:14","slug":"lashus-dl112-z-hoger","status":"publish","type":"product","link":"https:\/\/secureus.se\/fi\/lashus-dl112-z-hoger\/","title":{"rendered":"Lukkokotelo DL112 Z Oikea"},"content":{"rendered":"<p>\nLukkokotelo kevyille sis\u00e4oville. Rakenne on vankka ja kest\u00e4v\u00e4, mik\u00e4 takaa pitk\u00e4n k\u00e4ytt\u00f6i\u00e4n.\u00a0<\/p>\n<div><\/div>\n<div><b>Ominaisuudet:<\/b>\u00a0<\/div>\n<div>\n<ul>\n<li>Karan syvyys: 45 mm\u00a0<\/li>\n<li>Lukon syvyys: 76 mm\u00a0<\/li>\n<li>Lukkotolppa: 20mm x 150mm\u00a0<\/li>\n<\/ul>\n<div><\/div>\n<p><b>Teht\u00e4v\u00e4:<\/b>\u00a0<\/div>\n<div>\n<ul>\n<li>Viivainlukko avaimella ja ty\u00f6nt\u00f6toiminnolla.\u00a0<\/li>\n<li>Avain tai hygieniatuotteet lukittu ja s\u00e4\u00e4nt\u00f6.\u00a0 <\/li>\n<li>Oven paine aiheuttaa paineen laskun.\u00a0<\/li>\n<li>K\u00e4\u00e4nnett\u00e4v\u00e4 paineh\u00e4vi\u00f6.<\/li>\n<\/ul>\n<\/div>","protected":false},"excerpt":{"rendered":"<p>Lukkokotelo kevyille sis\u00e4oville. Rakenne on vankka ja kest\u00e4v\u00e4, mik\u00e4 takaa pitk\u00e4n k\u00e4ytt\u00f6i\u00e4n. Ominaisuudet: Karan syvyys: 45 mm Lukon syvyys: 76 mm Lukkotolppa: 20 mm x 150 mm Toiminto: S\u00e4\u00e4t\u00f6lukko avaimella ja<\/p>","protected":false},"featured_media":134762,"template":"","meta":{"_acf_changed":false},"product_brand":[],"product_cat":[2969],"product_tag":[4190,4102,4189],"class_list":{"0":"post-109207","1":"product","2":"type-product","3":"status-publish","4":"has-post-thumbnail","6":"product_cat-innerdorrlas","7":"product_tag-dorndjup-45mm","8":"product_tag-hoger","9":"product_tag-slutbleck-ingar-inte","10":"pa_brands-dormakaba","11":"tm-no-options","13":"first","14":"instock","15":"taxable","16":"shipping-taxable","17":"purchasable","18":"product-type-simple"},"acf":[],"_links":{"self":[{"href":"https:\/\/secureus.se\/fi\/wp-json\/wp\/v2\/product\/109207","targetHints":{"allow":["GET"]}}],"collection":[{"href":"https:\/\/secureus.se\/fi\/wp-json\/wp\/v2\/product"}],"about":[{"href":"https:\/\/secureus.se\/fi\/wp-json\/wp\/v2\/types\/product"}],"wp:featuredmedia":[{"embeddable":true,"href":"https:\/\/secureus.se\/fi\/wp-json\/wp\/v2\/media\/134762"}],"wp:attachment":[{"href":"https:\/\/secureus.se\/fi\/wp-json\/wp\/v2\/media?parent=109207"}],"wp:term":[{"taxonomy":"product_brand","embeddable":true,"href":"https:\/\/secureus.se\/fi\/wp-json\/wp\/v2\/product_brand?post=109207"},{"taxonomy":"product_cat","embeddable":true,"href":"https:\/\/secureus.se\/fi\/wp-json\/wp\/v2\/product_cat?post=109207"},{"taxonomy":"product_tag","embeddable":true,"href":"https:\/\/secureus.se\/fi\/wp-json\/wp\/v2\/product_tag?post=109207"}],"curies":[{"name":"wp","href":"https:\/\/api.w.org\/{rel}","templated":true}]}}