{"id":109210,"date":"2024-11-08T16:24:59","date_gmt":"2024-11-08T15:24:59","guid":{"rendered":"https:\/\/secureus.se\/lashus-414-z\/"},"modified":"2026-04-23T12:01:11","modified_gmt":"2026-04-23T10:01:11","slug":"lashus-414-z","status":"publish","type":"product","link":"https:\/\/secureus.se\/fi\/lashus-414-z\/","title":{"rendered":"Lukkokotelo 414 Z"},"content":{"rendered":"<p>\nABLOY 414:\u00e4\u00e4 k\u00e4ytet\u00e4\u00e4n sis\u00e4oviin sek\u00e4 kylpyhuone- ja wc-oviin niin omakotitaloissa kuin toimistotiloissa. K\u00e4ytetty sek\u00e4 uudisrakentamisessa ett\u00e4 vaihtomarkkinoilla.<br \/>\n<br \/>\n<b><br \/><\/b><\/p>\n<div><b>Ominaisuudet:<\/b><\/p>\n<ul>\n<li>Karan syvyys: 45 mm<\/li>\n<li>Lukkotolpan mitat: 20\u00d7150 mm<\/li>\n<li>Leikkauksen mitat ruotsalaisen standardin SS 81 73 82 mukaan<\/li>\n<li>Voidaan lukita avaimella tai wc-nupilla ja paniikkiavaimella\/ruuvimeisselill\u00e4<\/li>\n<li>Sopii sek\u00e4 oikealle ett\u00e4 vasemmalle ripustetuille oville<\/li>\n<li>K\u00e4\u00e4nnett\u00e4v\u00e4 oikealle\/vasemmalle vet\u00e4m\u00e4ll\u00e4 ulos ja k\u00e4\u00e4nt\u00e4m\u00e4ll\u00e4 m\u00e4nt\u00e4\u00e4 180\u00b0<\/li>\n<li>Voidaan varustaa avainlappujen tai hygieniatarvikkeiden kanssa<\/li>\n<\/ul>\n<p><b>Paketti sis\u00e4lt\u00e4\u00e4<\/b><\/p>\n<ul>\n<li>1 kpl lukko talo.<\/li>\n<li>1 kpl p\u00e4\u00e4tylevy.<\/li>\n<li>1 kpl avain.<\/li>\n<li>4 kpl. ruuvit.<\/li>\n<\/ul>\n<\/div>","protected":false},"excerpt":{"rendered":"<p>ABLOY 414:\u00e4\u00e4 k\u00e4ytet\u00e4\u00e4n sis\u00e4oviin sek\u00e4 kylpyhuone- ja wc-oviin niin omakotitaloissa kuin toimistotiloissa. K\u00e4ytetty sek\u00e4 uudisrakentamisessa ett\u00e4 vaihtomarkkinoilla. Ominaisuudet: Karan syvyys: 45 mm Lukituspylv\u00e4\u00e4n mitat: 20\u00d7150 mm Syvennyksen mitat<\/p>","protected":false},"featured_media":134695,"template":"","meta":{"_acf_changed":false},"product_brand":[],"product_cat":[2969],"product_tag":[4190,4102,4191,4192,4099],"class_list":{"0":"post-109210","1":"product","2":"type-product","3":"status-publish","4":"has-post-thumbnail","6":"product_cat-innerdorrlas","7":"product_tag-dorndjup-45mm","8":"product_tag-hoger","9":"product_tag-lasstolpe-20x150mm","10":"product_tag-slutbleck-ingar","11":"product_tag-vanster","12":"pa_brands-abloy","13":"tm-no-options","15":"first","16":"instock","17":"sale","18":"taxable","19":"shipping-taxable","20":"purchasable","21":"product-type-simple"},"acf":[],"_links":{"self":[{"href":"https:\/\/secureus.se\/fi\/wp-json\/wp\/v2\/product\/109210","targetHints":{"allow":["GET"]}}],"collection":[{"href":"https:\/\/secureus.se\/fi\/wp-json\/wp\/v2\/product"}],"about":[{"href":"https:\/\/secureus.se\/fi\/wp-json\/wp\/v2\/types\/product"}],"wp:featuredmedia":[{"embeddable":true,"href":"https:\/\/secureus.se\/fi\/wp-json\/wp\/v2\/media\/134695"}],"wp:attachment":[{"href":"https:\/\/secureus.se\/fi\/wp-json\/wp\/v2\/media?parent=109210"}],"wp:term":[{"taxonomy":"product_brand","embeddable":true,"href":"https:\/\/secureus.se\/fi\/wp-json\/wp\/v2\/product_brand?post=109210"},{"taxonomy":"product_cat","embeddable":true,"href":"https:\/\/secureus.se\/fi\/wp-json\/wp\/v2\/product_cat?post=109210"},{"taxonomy":"product_tag","embeddable":true,"href":"https:\/\/secureus.se\/fi\/wp-json\/wp\/v2\/product_tag?post=109210"}],"curies":[{"name":"wp","href":"https:\/\/api.w.org\/{rel}","templated":true}]}}