{"id":109224,"date":"2024-11-08T16:24:59","date_gmt":"2024-11-08T15:24:59","guid":{"rendered":"https:\/\/secureus.se\/magnetlas-touch-gra-ral-7036\/"},"modified":"2026-04-08T15:27:12","modified_gmt":"2026-04-08T13:27:12","slug":"magnetlas-touch-gra-ral-7036","status":"publish","type":"product","link":"https:\/\/secureus.se\/fi\/magnetlas-touch-gra-ral-7036\/","title":{"rendered":"Magneettinen lukko Kosketusharmaa RAL 7036"},"content":{"rendered":"<p>Patentoitu kontaktiton magneettilukko. Tartuntavoimaa voidaan s\u00e4\u00e4t\u00e4\u00e4 oven ja karmin v\u00e4lisen raon mukaan 2,5 mm kuusiokoloavaimella. L\u00e5shus Touchissa sinun tarvitsee vain ty\u00f6nt\u00e4\u00e4 tai vet\u00e4\u00e4 oven avaamiseksi tai sulkemiseksi. Yhteensopiva koristepylv\u00e4s ja magneettinen p\u00e4\u00e4tylevy l\u00f6ytyv\u00e4t lis\u00e4varustev\u00e4lilehden alta<\/p>\n<p><b>Ominaisuudet:<\/b><\/p>\n<ul>\n<li>Pylv\u00e4\u00e4n mitat: 18\u00d7196 mm<\/li>\n<li>Lukitussyvyys 30 mm<\/li>\n<\/ul>","protected":false},"excerpt":{"rendered":"<p>Patentoitu kontaktiton magneettilukko. Tartuntavoimaa voidaan s\u00e4\u00e4t\u00e4\u00e4 oven ja karmin v\u00e4lisen raon mukaan 2,5 mm kuusiokoloavaimella. L\u00e5shus Touchilla sinun tarvitsee vain ty\u00f6nt\u00e4\u00e4 tai vet\u00e4\u00e4<\/p>","protected":false},"featured_media":135212,"template":"","meta":{"_acf_changed":false},"product_brand":[],"product_cat":[2969],"product_tag":[4102,4188,4189,4099],"class_list":{"0":"post-109224","1":"product","2":"type-product","3":"status-publish","4":"has-post-thumbnail","6":"product_cat-innerdorrlas","7":"product_tag-hoger","8":"product_tag-lasstolpe-18x196-mm","9":"product_tag-slutbleck-ingar-inte","10":"product_tag-vanster","11":"pa_brands-agb","12":"tm-no-options","14":"first","15":"outofstock","16":"sale","17":"taxable","18":"shipping-taxable","19":"purchasable","20":"product-type-simple"},"acf":[],"_links":{"self":[{"href":"https:\/\/secureus.se\/fi\/wp-json\/wp\/v2\/product\/109224","targetHints":{"allow":["GET"]}}],"collection":[{"href":"https:\/\/secureus.se\/fi\/wp-json\/wp\/v2\/product"}],"about":[{"href":"https:\/\/secureus.se\/fi\/wp-json\/wp\/v2\/types\/product"}],"wp:featuredmedia":[{"embeddable":true,"href":"https:\/\/secureus.se\/fi\/wp-json\/wp\/v2\/media\/135212"}],"wp:attachment":[{"href":"https:\/\/secureus.se\/fi\/wp-json\/wp\/v2\/media?parent=109224"}],"wp:term":[{"taxonomy":"product_brand","embeddable":true,"href":"https:\/\/secureus.se\/fi\/wp-json\/wp\/v2\/product_brand?post=109224"},{"taxonomy":"product_cat","embeddable":true,"href":"https:\/\/secureus.se\/fi\/wp-json\/wp\/v2\/product_cat?post=109224"},{"taxonomy":"product_tag","embeddable":true,"href":"https:\/\/secureus.se\/fi\/wp-json\/wp\/v2\/product_tag?post=109224"}],"curies":[{"name":"wp","href":"https:\/\/api.w.org\/{rel}","templated":true}]}}