{"id":109230,"date":"2024-11-08T16:24:59","date_gmt":"2024-11-08T15:24:59","guid":{"rendered":"https:\/\/secureus.se\/rullas-4238-gul\/"},"modified":"2026-04-13T23:16:22","modified_gmt":"2026-04-13T21:16:22","slug":"rullas-4238-gul","status":"publish","type":"product","link":"https:\/\/secureus.se\/fi\/rullas-4238-gul\/","title":{"rendered":"Rullalukko 4238 Keltainen"},"content":{"rendered":"<p>ABLOY 4238 on symmetrinen rullalukko, jota k\u00e4ytet\u00e4\u00e4n saunan ovissa ja yksinkertaisemmissa vetimill\u00e4 varustetuissa ovissa. Lukossa on rullam\u00e4nt\u00e4, jonka ulkonemaa voidaan s\u00e4\u00e4t\u00e4\u00e4 tolpassa olevalla ruuvilla. Turvallisuussyist\u00e4 rullalukkoa k\u00e4ytet\u00e4\u00e4n aina yhdess\u00e4 <strong>p\u00e4\u00e4tylevy 0046<\/strong> jotka eiv\u00e4t sis\u00e4lly toimitukseen ja jotka on ostettava erikseen.<\/p>\n<div>\n<p><b>Ominaisuudet:<\/b><\/p>\n<ul>\n<li>Oikealle tai vasemmalle ripustetuille oville<\/li>\n<li>K\u00e4ytet\u00e4\u00e4n yhdess\u00e4 Slutbleck 0046:n kanssa.<\/li>\n<li>Lukituspylv\u00e4\u00e4n mitat: 20\u00d7150 mm<\/li>\n<li>Syvyys: 36,5 mm<\/li>\n<\/ul>\n<\/div>","protected":false},"excerpt":{"rendered":"<p>ABLOY 4238 on symmetrinen rullalukko, jota k\u00e4ytet\u00e4\u00e4n saunan oviin ja yksinkertaisempiin vetokahvoilla varustettuihin oviin. Lukossa on rullam\u00e4nt\u00e4, jonka ulkonemaa voidaan s\u00e4\u00e4t\u00e4\u00e4 tolpan ruuvilla. Turvallisuussyist\u00e4<\/p>","protected":false},"featured_media":135061,"template":"","meta":{"_acf_changed":false},"product_brand":[],"product_cat":[2969],"product_tag":[4102,4191,4192,4099],"class_list":{"0":"post-109230","1":"product","2":"type-product","3":"status-publish","4":"has-post-thumbnail","6":"product_cat-innerdorrlas","7":"product_tag-hoger","8":"product_tag-lasstolpe-20x150mm","9":"product_tag-slutbleck-ingar","10":"product_tag-vanster","11":"pa_brands-abloy","12":"tm-no-options","14":"first","15":"instock","16":"sale","17":"taxable","18":"shipping-taxable","19":"purchasable","20":"product-type-simple"},"acf":[],"_links":{"self":[{"href":"https:\/\/secureus.se\/fi\/wp-json\/wp\/v2\/product\/109230","targetHints":{"allow":["GET"]}}],"collection":[{"href":"https:\/\/secureus.se\/fi\/wp-json\/wp\/v2\/product"}],"about":[{"href":"https:\/\/secureus.se\/fi\/wp-json\/wp\/v2\/types\/product"}],"wp:featuredmedia":[{"embeddable":true,"href":"https:\/\/secureus.se\/fi\/wp-json\/wp\/v2\/media\/135061"}],"wp:attachment":[{"href":"https:\/\/secureus.se\/fi\/wp-json\/wp\/v2\/media?parent=109230"}],"wp:term":[{"taxonomy":"product_brand","embeddable":true,"href":"https:\/\/secureus.se\/fi\/wp-json\/wp\/v2\/product_brand?post=109230"},{"taxonomy":"product_cat","embeddable":true,"href":"https:\/\/secureus.se\/fi\/wp-json\/wp\/v2\/product_cat?post=109230"},{"taxonomy":"product_tag","embeddable":true,"href":"https:\/\/secureus.se\/fi\/wp-json\/wp\/v2\/product_tag?post=109230"}],"curies":[{"name":"wp","href":"https:\/\/api.w.org\/{rel}","templated":true}]}}